{"id":10041,"date":"2018-04-05T13:47:57","date_gmt":"2018-04-05T19:47:57","guid":{"rendered":"http:\/\/nuevoportal.inces.gob.ve\/?page_id=10041"},"modified":"2020-05-28T20:20:00","modified_gmt":"2020-05-29T00:20:00","slug":"programa-inces-militar","status":"publish","type":"page","link":"https:\/\/inces.gob.ve\/index.php\/programa-inces-militar\/","title":{"rendered":"Programa Inces Militar"},"content":{"rendered":"<div id=\"pl-gb10041-69f0eecf5c9da\"  class=\"panel-layout\" ><div id=\"pg-gb10041-69f0eecf5c9da-0\"  class=\"panel-grid panel-no-style\" ><div id=\"pgc-gb10041-69f0eecf5c9da-0-0\"  class=\"panel-grid-cell\" ><div id=\"panel-gb10041-69f0eecf5c9da-0-0-0\" class=\"so-panel widget widget_media_image panel-first-child panel-last-child\" data-index=\"0\" ><img loading=\"lazy\" decoding=\"async\" width=\"1170\" height=\"91\" src=\"https:\/\/inces.gob.ve\/wp-content\/uploads\/2018\/04\/titulos_inces_militar.png\" class=\"image wp-image-11109  attachment-full size-full\" alt=\"\" style=\"max-width: 100%; height: auto;\" srcset=\"https:\/\/inces.gob.ve\/wp-content\/uploads\/2018\/04\/titulos_inces_militar.png 1170w, https:\/\/inces.gob.ve\/wp-content\/uploads\/2018\/04\/titulos_inces_militar-300x23.png 300w, https:\/\/inces.gob.ve\/wp-content\/uploads\/2018\/04\/titulos_inces_militar-768x60.png 768w, https:\/\/inces.gob.ve\/wp-content\/uploads\/2018\/04\/titulos_inces_militar-1024x80.png 1024w\" sizes=\"auto, (max-width: 1170px) 100vw, 1170px\" \/><\/div><\/div><\/div><div id=\"pg-gb10041-69f0eecf5c9da-1\"  class=\"panel-grid panel-no-style\" ><div id=\"pgc-gb10041-69f0eecf5c9da-1-0\"  class=\"panel-grid-cell\" ><div id=\"panel-gb10041-69f0eecf5c9da-1-0-0\" class=\"widget_text so-panel widget widget_custom_html panel-first-child panel-last-child\" data-index=\"1\" ><div class=\"textwidget custom-html-widget\"><div class=\"contenedor-menuver\">\n<!--a class=\"btn-menuver\" href=\"#\">Menu <i class=\"icono derecha fas fa-bars\"><\/i><\/a-->\n<ul class=\"menuver\">\n \t<li><i class=\"icono izquierda fas fa-chevron-down\"><\/i><a href=\"\">Programas<\/a>\n\t<ul>\n \t<li><a href=\"http:\/\/www.inces.gob.ve\/index.php\/programa-nacional-de-aprendizaje\/\" target=\"_blank\">Programa Nacional de Aprendizaje<\/a><\/li>\n \t<li><a href=\"http:\/\/www.inces.gob.ve\/index.php\/certificacion-del-conocimiento-2\/\" target=\"_blank\">Certificaci\u00f3n y Acreditaci\u00f3n del Conocimiento<\/a><\/li>\n \t<li><a href=\"http:\/\/www.inces.gob.ve\/index.php\/adiestramiento-en-empresas-2\/\" target=\"_blank\">Adiestramiento en Empresas<\/a><\/li>\n<li><a href=\"http:\/\/www.inces.gob.ve\/index.php\/formacion-delegada\/\" target=\"_blank\">Formaci\u00f3n Delegada<\/a><\/li>\n<li><a href=\"http:\/\/www.inces.gob.ve\/index.php\/programa-nacional-de-emprendimiento\/\" target=\"_blank\"> Programa Nacional de Emprendimiento<\/a><\/li>\n<li><a href=\"http:\/\/www.inces.gob.ve\/index.php\/formacion-de-formadores\/\" target=\"_blank\">Formaci\u00f3n de Formadores<\/a><\/li>\n<li><a href=\"http:\/\/www.inces.gob.ve\/index.php\/programa-inces-militar\/\" target=\"_blank\">Inces Militar<\/a><\/li>\n<li><a href=\"http:\/\/www.inces.gob.ve\/index.php\/bachillerato-productivo\/\" target=\"_blank\">Bachillerato Productivo<\/a><\/li>\n<li><a href=\"http:\/\/www.inces.gob.ve\/index.php\/plan-de-formacion-y-autoformacion-de-trabajadoras-y-trabajadores\/\" target=\"_blank\">Plan Trabajadores<\/a><\/li>\n<li><a href=\"http:\/\/www.inces.gob.ve\/index.php\/programa-de-educacion-especial\/\" target=\"_blank\">Educaci\u00f3n Especial<\/a><\/li>\n<li><a href=\"http:\/\/www.inces.gob.ve\/index.php\/programa-penitenciario\/\" target=\"_blank\">Penitenciario<\/a><\/li>\n<li><a href=\"http:\/\/www.inces.gob.ve\/index.php\/programa-intercultural-bilingue\/\" target=\"_blank\">Intercultural Biling\u00fce<\/a><\/li>\n<li><a href=\"http:\/\/www.inces.gob.ve\/index.php\/formacion-productiva\/\" target=\"_blank\">Formaci\u00f3n Productiva<\/a><\/li>\n<\/ul>\n\t<\/li>\n \t<li><a href=\"http:\/\/www.inces.gob.ve\/index.php\/modalidades\/\">Modalidades<\/a><\/li>\n\t<li><a href=\"http:\/\/www.inces.gob.ve\/index.php\/ambitos\/\">\u00c1mbitos<\/a><\/li>\n<li><a href=\"http:\/\/www.inces.gob.ve\/index.php\/proyectos-especiales\/\">Proyectos Especiales<\/a><\/li>\n <\/ul>\n<\/div><\/div><\/div><\/div><div id=\"pgc-gb10041-69f0eecf5c9da-1-1\"  class=\"panel-grid-cell\" ><div id=\"panel-gb10041-69f0eecf5c9da-1-1-0\" class=\"widget_text so-panel widget widget_custom_html panel-first-child panel-last-child\" data-index=\"2\" ><div class=\"textwidget custom-html-widget\"><p><h1>\n\t\n\tMisi\u00f3n<\/h1><\/p>\n<p style=\"text-align: justify;\">Como un programa educativo, implementado por el ministerio del poder popular para la defensa, el inces militar planificar\u00e1, dise\u00f1ar\u00e1, conducir\u00e1 y supervisar\u00e1 programas de educaci\u00f3n, formaci\u00f3n y capacitaci\u00f3n integral a los miembros de la fuerza armada nacional bolivariana, entes gubernamentales, comunidades organizadas en consejos comunales y otros, trasladando los recursos, medios did\u00e1cticos y humanos requeridos, incluso a las zonas fronterizas del estado venezolano, de acuerdo a un an\u00e1lisis situacional exhaustivo, para coadyuvar en el cumplimiento de la mision principal del ministerio del poder popular para la defensa y el inces.<\/p>\n<p><h1>\n\t\nVisi\u00f3n<\/h1><\/p>\n<p style=\"text-align: justify;\">Ser una herramienta educativa d\u00factil, moderna y eficaz, con autonom\u00eda organizativa y administrativa y una filosof\u00eda de servicio, inclusi\u00f3n e innovaci\u00f3n que busca la formaci\u00f3n y capacitaci\u00f3n integral de los ciudadanos y ciudadanas, con un esp\u00edritu universal y solidario, forjado con el vigor de la cooperaci\u00f3n y recioprocidad en pos de lograr el estado socialista donde el individuo sea coparticipe y promotor del \u00e9xito de todos.<\/p>\n<p><h1>\n\t\nObjetivo General<\/h1><\/p>\n<p style=\"text-align: justify;\">Estimular la incorporaci\u00f3n del personal militar y civil de la fanb y comunidades organizadas en los cursos de capacitaci\u00f3n para el trabajo dictado por el inces militar , a objeto de brindar a los futuros reservistas y personal civil , un oficio y oportunidad de trabajo para incorporarse al aparato productivo nacional y atender asi las necesidades actuales del pa\u00eds.<\/p>\n<p> <\/p>\n<p style=\"text-align: center;\"><a href=\"http:\/\/hacer.inces.gob.ve\/Account\/Principal\" target=\"_blank\" rel=\"noopener\"><span style=\"font-size: 24pt; text-align: center; color: #006d80;\">\u00a1Conoce m\u00e1s de este programa aqu\u00ed!<\/span><\/a><\/p>\n<p> <\/p><\/div><\/div><\/div><\/div><\/div>","protected":false},"excerpt":{"rendered":"","protected":false},"author":1,"featured_media":0,"parent":0,"menu_order":0,"comment_status":"closed","ping_status":"closed","template":"","meta":{"footnotes":""},"class_list":["post-10041","page","type-page","status-publish","hentry"],"_links":{"self":[{"href":"https:\/\/inces.gob.ve\/index.php\/wp-json\/wp\/v2\/pages\/10041","targetHints":{"allow":["GET"]}}],"collection":[{"href":"https:\/\/inces.gob.ve\/index.php\/wp-json\/wp\/v2\/pages"}],"about":[{"href":"https:\/\/inces.gob.ve\/index.php\/wp-json\/wp\/v2\/types\/page"}],"author":[{"embeddable":true,"href":"https:\/\/inces.gob.ve\/index.php\/wp-json\/wp\/v2\/users\/1"}],"replies":[{"embeddable":true,"href":"https:\/\/inces.gob.ve\/index.php\/wp-json\/wp\/v2\/comments?post=10041"}],"version-history":[{"count":12,"href":"https:\/\/inces.gob.ve\/index.php\/wp-json\/wp\/v2\/pages\/10041\/revisions"}],"predecessor-version":[{"id":28338,"href":"https:\/\/inces.gob.ve\/index.php\/wp-json\/wp\/v2\/pages\/10041\/revisions\/28338"}],"wp:attachment":[{"href":"https:\/\/inces.gob.ve\/index.php\/wp-json\/wp\/v2\/media?parent=10041"}],"curies":[{"name":"wp","href":"https:\/\/api.w.org\/{rel}","templated":true}]}}