{"id":10047,"date":"2018-04-06T07:17:36","date_gmt":"2018-04-06T13:17:36","guid":{"rendered":"http:\/\/nuevoportal.inces.gob.ve\/?page_id=10047"},"modified":"2020-05-28T20:19:04","modified_gmt":"2020-05-29T00:19:04","slug":"formacion-productiva","status":"publish","type":"page","link":"https:\/\/inces.gob.ve\/index.php\/formacion-productiva\/","title":{"rendered":"Formaci\u00f3n Productiva"},"content":{"rendered":"<div id=\"pl-gb10047-69f0f1c11a003\"  class=\"panel-layout\" ><div id=\"pg-gb10047-69f0f1c11a003-0\"  class=\"panel-grid panel-no-style\" ><div id=\"pgc-gb10047-69f0f1c11a003-0-0\"  class=\"panel-grid-cell\" ><div id=\"panel-gb10047-69f0f1c11a003-0-0-0\" class=\"so-panel widget widget_media_image panel-first-child panel-last-child\" data-index=\"0\" ><img loading=\"lazy\" decoding=\"async\" width=\"1170\" height=\"91\" src=\"https:\/\/inces.gob.ve\/wp-content\/uploads\/2017\/10\/programas_for_ti.png\" class=\"image wp-image-9920  attachment-full size-full\" alt=\"\" style=\"max-width: 100%; height: auto;\" \/><\/div><\/div><\/div><div id=\"pg-gb10047-69f0f1c11a003-1\"  class=\"panel-grid panel-no-style\" ><div id=\"pgc-gb10047-69f0f1c11a003-1-0\"  class=\"panel-grid-cell\" ><div id=\"panel-gb10047-69f0f1c11a003-1-0-0\" class=\"widget_text so-panel widget widget_custom_html panel-first-child panel-last-child\" data-index=\"1\" ><div class=\"textwidget custom-html-widget\"><div class=\"contenedor-menuver\">\n<!--a class=\"btn-menuver\" href=\"#\">Menu <i class=\"icono derecha fas fa-bars\"><\/i><\/a-->\n<ul class=\"menuver\">\n \t<li><i class=\"icono izquierda fas fa-chevron-down\"><\/i><a href=\"\">Programas<\/a>\n\t<ul>\n \t<li><a href=\"http:\/\/www.inces.gob.ve\/index.php\/programa-nacional-de-aprendizaje\/\" target=\"_blank\">Programa Nacional de Aprendizaje<\/a><\/li>\n \t<li><a href=\"http:\/\/www.inces.gob.ve\/index.php\/certificacion-del-conocimiento-2\/\" target=\"_blank\">Certificaci\u00f3n y Acreditaci\u00f3n del Conocimiento<\/a><\/li>\n \t<li><a href=\"http:\/\/www.inces.gob.ve\/index.php\/adiestramiento-en-empresas-2\/\" target=\"_blank\">Adiestramiento en Empresas<\/a><\/li>\n<li><a href=\"http:\/\/www.inces.gob.ve\/index.php\/formacion-delegada\/\" target=\"_blank\">Formaci\u00f3n Delegada<\/a><\/li>\n<li><a href=\"http:\/\/www.inces.gob.ve\/index.php\/programa-nacional-de-emprendimiento\/\" target=\"_blank\"> Programa Nacional de Emprendimiento<\/a><\/li>\n<li><a href=\"http:\/\/www.inces.gob.ve\/index.php\/formacion-de-formadores\/\" target=\"_blank\">Formaci\u00f3n de Formadores<\/a><\/li>\n<li><a href=\"http:\/\/www.inces.gob.ve\/index.php\/programa-inces-militar\/\" target=\"_blank\">Inces Militar<\/a><\/li>\n<li><a href=\"http:\/\/www.inces.gob.ve\/index.php\/bachillerato-productivo\/\" target=\"_blank\">Bachillerato Productivo<\/a><\/li>\n<li><a href=\"http:\/\/www.inces.gob.ve\/index.php\/plan-de-formacion-y-autoformacion-de-trabajadoras-y-trabajadores\/\" target=\"_blank\">Plan Trabajadores<\/a><\/li>\n<li><a href=\"http:\/\/www.inces.gob.ve\/index.php\/programa-de-educacion-especial\/\" target=\"_blank\">Educaci\u00f3n Especial<\/a><\/li>\n<li><a href=\"http:\/\/www.inces.gob.ve\/index.php\/programa-penitenciario\/\" target=\"_blank\">Penitenciario<\/a><\/li>\n<li><a href=\"http:\/\/www.inces.gob.ve\/index.php\/programa-intercultural-bilingue\/\" target=\"_blank\">Intercultural Biling\u00fce<\/a><\/li>\n<li><a href=\"http:\/\/www.inces.gob.ve\/index.php\/formacion-productiva\/\" target=\"_blank\">Formaci\u00f3n Productiva<\/a><\/li>\n<\/ul>\n\t<\/li>\n \t<li><a href=\"http:\/\/www.inces.gob.ve\/index.php\/modalidades\/\">Modalidades<\/a><\/li>\n\t<li><a href=\"http:\/\/www.inces.gob.ve\/index.php\/ambitos\/\">\u00c1mbitos<\/a><\/li>\n<li><a href=\"http:\/\/www.inces.gob.ve\/index.php\/proyectos-especiales\/\">Proyectos Especiales<\/a><\/li>\n <\/ul>\n<\/div><\/div><\/div><\/div><div id=\"pgc-gb10047-69f0f1c11a003-1-1\"  class=\"panel-grid-cell\" ><div id=\"panel-gb10047-69f0f1c11a003-1-1-0\" class=\"so-panel widget widget_media_image panel-first-child\" data-index=\"2\" ><img loading=\"lazy\" decoding=\"async\" width=\"800\" height=\"400\" src=\"https:\/\/inces.gob.ve\/wp-content\/uploads\/2018\/04\/for_prod_ppal.png\" class=\"image wp-image-10586  attachment-full size-full\" alt=\"\" style=\"max-width: 100%; height: auto;\" \/><\/div><div id=\"panel-gb10047-69f0f1c11a003-1-1-1\" class=\"widget_text so-panel widget widget_custom_html panel-last-child\" data-index=\"3\" ><div class=\"textwidget custom-html-widget\"><p style=\"text-align: justify;\">Es el programa que garantiza a los y las j\u00f3venes incluirse en los planes nacionales de formaci\u00f3n y proyectos de formaci\u00f3n y autoformaci\u00f3n productiva desarrolladas por el Inces en las \u00e1reas de conocimiento agroalimentario, industrial, turismo, salud, ferroviario, hidrocarburos, petroqu\u00edmica, telecomunicaciones, econom\u00eda comunal, entre otras; vinculadas a los planes de desarrollo estrat\u00e9gico delineados por el Ejecutivo Nacional y mediante los cuales podr\u00e1n establecerse mecanismos de homologaci\u00f3n y validaci\u00f3n curricular entre los subsistemas de educaci\u00f3n b\u00e1sica y universitaria seg\u00fan sea el caso.<\/p>\n<p> <\/p>\n<p style=\"text-align: center;\"><a href=\"http:\/\/hacer.inces.gob.ve\/Account\/Principal\" target=\"_blank\" rel=\"noopener\"><span style=\"font-size: 24pt; text-align: center; color: #006d80;\">\u00a1Conoce m\u00e1s de este programa aqu\u00ed!<\/span><\/a><\/p>\n<p> <\/p><\/div><\/div><\/div><\/div><\/div>","protected":false},"excerpt":{"rendered":"","protected":false},"author":1,"featured_media":0,"parent":0,"menu_order":0,"comment_status":"closed","ping_status":"closed","template":"","meta":{"footnotes":""},"class_list":["post-10047","page","type-page","status-publish","hentry"],"_links":{"self":[{"href":"https:\/\/inces.gob.ve\/index.php\/wp-json\/wp\/v2\/pages\/10047","targetHints":{"allow":["GET"]}}],"collection":[{"href":"https:\/\/inces.gob.ve\/index.php\/wp-json\/wp\/v2\/pages"}],"about":[{"href":"https:\/\/inces.gob.ve\/index.php\/wp-json\/wp\/v2\/types\/page"}],"author":[{"embeddable":true,"href":"https:\/\/inces.gob.ve\/index.php\/wp-json\/wp\/v2\/users\/1"}],"replies":[{"embeddable":true,"href":"https:\/\/inces.gob.ve\/index.php\/wp-json\/wp\/v2\/comments?post=10047"}],"version-history":[{"count":22,"href":"https:\/\/inces.gob.ve\/index.php\/wp-json\/wp\/v2\/pages\/10047\/revisions"}],"predecessor-version":[{"id":28371,"href":"https:\/\/inces.gob.ve\/index.php\/wp-json\/wp\/v2\/pages\/10047\/revisions\/28371"}],"wp:attachment":[{"href":"https:\/\/inces.gob.ve\/index.php\/wp-json\/wp\/v2\/media?parent=10047"}],"curies":[{"name":"wp","href":"https:\/\/api.w.org\/{rel}","templated":true}]}}