{"id":10174,"date":"2018-04-25T08:59:37","date_gmt":"2018-04-25T14:59:37","guid":{"rendered":"http:\/\/nuevoportal.inces.gob.ve\/?page_id=10174"},"modified":"2020-05-28T20:19:44","modified_gmt":"2020-05-29T00:19:44","slug":"pna-entidades-de-trabajo","status":"publish","type":"page","link":"https:\/\/inces.gob.ve\/index.php\/pna-entidades-de-trabajo\/","title":{"rendered":"PNA Entidades de Trabajo"},"content":{"rendered":"<div id=\"pl-10174\"  class=\"panel-layout\" ><div id=\"pg-10174-0\"  class=\"panel-grid panel-no-style\" ><div id=\"pgc-10174-0-0\"  class=\"panel-grid-cell\" ><div id=\"panel-10174-0-0-0\" class=\"so-panel widget widget_widget_sp_image widget_sp_image panel-first-child panel-last-child\" data-index=\"0\" ><img loading=\"lazy\" decoding=\"async\" width=\"1170\" height=\"91\" class=\"attachment-full\" style=\"max-width: 100%;\" src=\"https:\/\/inces.gob.ve\/wp-content\/uploads\/2017\/10\/requisitos_pna_ti.png\" \/><\/div><\/div><\/div><div id=\"pg-10174-1\"  class=\"panel-grid panel-no-style\" ><div id=\"pgc-10174-1-0\"  class=\"panel-grid-cell\" ><div id=\"panel-10174-1-0-0\" class=\"widget_text so-panel widget widget_custom_html panel-first-child panel-last-child\" data-index=\"1\" ><div class=\"textwidget custom-html-widget\"><div class=\"contenedor-menuver\">\n\n<!--a class=\"btn-menuver\" href=\"#\">Menu <i class=\"icono derecha fas fa-bars\"><\/i><\/a-->\n<ul class=\"menuver\">\n \t<li><i class=\"icono izquierda fas fa-chevron-down\"><\/i><a href=\"\">Servicios Tributarios<\/a>\n\t<ul>\n \t<li><a href=\"http:\/\/rncp.inces.gob.ve\">Registro Inces RNCP<\/a><\/li>\n \t<li><a href=\"http:\/\/www.inces.gob.ve\/index.php\/declaracion-y-reporte-de-pago\/\">Declaraci\u00f3n y Reporte de Pago<\/a><\/li>\n \t<li><a href=\"http:\/\/www.inces.gob.ve\/index.php\/intereses-moratorios\/\">Intereses Moratorios<\/a><\/li>\n<li><a href=\"http:\/\/www.inces.gob.ve\/index.php\/solvencia-electronica\/\">Certificado de Solvencia Electr\u00f3nica<\/a><\/li>\n<li><a href=\"http:\/\/www.inces.gob.ve\/index.php\/atencion-al-contribuyente\/\">Atenci\u00f3n al Contribuyente<\/a><\/li>\n<li><a href=\"http:\/\/www.inces.gob.ve\/index.php\/bases-legales\/\">Bases Legales<\/a><\/li>\n<\/ul>\n<\/li>\n \t<li><a href=\"\">Obligaci\u00f3n Civil<\/a>\n<ul>\n \t<li><a href=\"http:\/\/www.inces.gob.ve\/index.php\/pna-entidades-de-trabajo\/\">P N A<\/a><\/li>\n \t<li><a href=\"http:\/\/www.inces.gob.ve\/index.php\/formacion-delegada-tributos\/\">Formaci\u00f3n Delegada<\/a><\/li>\n \t<li><a href=\"http:\/\/www.inces.gob.ve\/index.php\/adiestramiento-en-empresas-tributos\/\">Adiestramiento en Entidad de Trabajo<\/a><\/li>\n<\/ul>\n<\/li>\n \t<\/ul>\n<\/div><\/div><\/div><\/div><div id=\"pgc-10174-1-1\"  class=\"panel-grid-cell\" ><div id=\"panel-10174-1-1-0\" class=\"so-panel widget widget_widget_sp_image widget_sp_image panel-first-child panel-last-child\" data-index=\"2\" ><img loading=\"lazy\" decoding=\"async\" width=\"800\" height=\"400\" class=\"attachment-full\" style=\"max-width: 100%;\" src=\"https:\/\/inces.gob.ve\/wp-content\/uploads\/2017\/10\/formacion_requisitos.png\" \/><\/div><\/div><\/div><div id=\"pg-10174-2\"  class=\"panel-grid panel-no-style\" ><div id=\"pgc-10174-2-0\"  class=\"panel-grid-cell panel-grid-cell-empty\" ><\/div><div id=\"pgc-10174-2-1\"  class=\"panel-grid-cell\" ><div id=\"panel-10174-2-1-0\" class=\"widget_text so-panel widget widget_custom_html panel-first-child\" data-index=\"3\" ><div class=\"textwidget custom-html-widget\"><h1>Entidades de Trabajo en PNA<\/h1>\n\n<b>REQUISITOS QUE DEBEN CUMPLIR LAS ENTIDADES DE TRABAJO PARA REGISTRARSE EN EL PROGRAMA NACIONAL DE APRENDIZAJE (P.N.A.)<\/b>\n<ul>\n   <li> Las empresas con quince (15) o mas trabajadores (disposiciones transitorias 2da. Ley INCES), Que no est\u00e9n registradas en el Programa Nacional de aprendizaje, deben acudir a la coordinaci\u00f3n de aprendizaje, correspondiente a su direcci\u00f3n fiscal, con los siguientes documentos.<\/li>\n   <li> Fotocopia de Registro Mercantil, en el cual indique el nombre de objeto y junta directiva de la empresa (ctualizado).<\/li>\n   <li> Fotocopia del Registro Nacional de Aportante (RNA), Registro de Informaci\u00f3n Fiscal (R.I.F.) y n\u00famero de informaci\u00f3n laboral (N.I.L.)<\/li>\n   <li> Comunicaci\u00f3n en hoja membretada de la empresa , indicando direcci\u00f3n, t5el\u00e9fono, e-mail y actividad econ\u00f3mica en ejecuci\u00f3n, cuando el objeto de la misma, sea muy amplio en el Registro Mercantil y por \u00faltimo nombre y apellido del representante de la empresa.<\/li>\n    <li>Cantidad de trabajadores anuales distribuidos mensualmente, desde la constituci\u00f3n de la empresa o de los \u00faltimos (10) a\u00f1os.<\/li>\n<\/ul><\/div><\/div><div id=\"panel-10174-2-1-1\" class=\"widget_text so-panel widget widget_custom_html panel-last-child\" data-index=\"4\" ><div class=\"textwidget custom-html-widget\"><h1>Opciones de Formaci\u00f3n a Entidades de Trabajo<\/h1>\n\n<b>Las entidades de trabajo podr\u00e1n elegir para la formaci\u00f3n de los aprendices las siguientes opciones de formaci\u00f3n:<\/b>\n<ul>\n  <li> En las instalaciones de las empresas con instructores y tutores internos de las mismas, previa acreditaci\u00f3n docente del INCES.<\/li>\n   <li> Conformaci\u00f3n de agrupaci\u00f3n de empresas por rama de actividad econ\u00f3mica o por requerimiento de capacitaci\u00f3n que en forma mancomunada organicen y costeen la formaci\u00f3n de los aprendices.<\/li>\n   <li> En Instituto de Acci\u00f3n Docente Delegada debidamente autorizados para el a\u00f1o en curso por la Gerencia Regional INCES correspondientes.<\/li>\n   <li> En los Centros de Formaci\u00f3n Socialista del Instituto, mediante convenios aprobados por el INCES.<\/li>\n   <li> Cualquier otro r\u00e9gimen especial de formaci\u00f3n de adolescentes y j\u00f3venes en las comunidades a trav\u00e9s de convenio.<\/li>\n<\/ul><\/div><\/div><\/div><\/div><\/div>","protected":false},"excerpt":{"rendered":"<p>Servicios Tributarios Registro Inces RNCP Declaraci\u00f3n y Reporte de Pago Intereses Moratorios Certificado de Solvencia Electr\u00f3nica Atenci\u00f3n al Contribuyente Bases Legales Obligaci\u00f3n Civil P N A Formaci\u00f3n Delegada Adiestramiento en Entidad de Trabajo Entidades de Trabajo en PNA REQUISITOS QUE DEBEN CUMPLIR LAS ENTIDADES DE TRABAJO PARA REGISTRARSE EN EL PROGRAMA NACIONAL DE APRENDIZAJE (P.N.A.) [&hellip;]<\/p>\n","protected":false},"author":1,"featured_media":0,"parent":0,"menu_order":0,"comment_status":"closed","ping_status":"closed","template":"","meta":{"footnotes":""},"class_list":["post-10174","page","type-page","status-publish","hentry"],"_links":{"self":[{"href":"https:\/\/inces.gob.ve\/index.php\/wp-json\/wp\/v2\/pages\/10174","targetHints":{"allow":["GET"]}}],"collection":[{"href":"https:\/\/inces.gob.ve\/index.php\/wp-json\/wp\/v2\/pages"}],"about":[{"href":"https:\/\/inces.gob.ve\/index.php\/wp-json\/wp\/v2\/types\/page"}],"author":[{"embeddable":true,"href":"https:\/\/inces.gob.ve\/index.php\/wp-json\/wp\/v2\/users\/1"}],"replies":[{"embeddable":true,"href":"https:\/\/inces.gob.ve\/index.php\/wp-json\/wp\/v2\/comments?post=10174"}],"version-history":[{"count":18,"href":"https:\/\/inces.gob.ve\/index.php\/wp-json\/wp\/v2\/pages\/10174\/revisions"}],"predecessor-version":[{"id":26711,"href":"https:\/\/inces.gob.ve\/index.php\/wp-json\/wp\/v2\/pages\/10174\/revisions\/26711"}],"wp:attachment":[{"href":"https:\/\/inces.gob.ve\/index.php\/wp-json\/wp\/v2\/media?parent=10174"}],"curies":[{"name":"wp","href":"https:\/\/api.w.org\/{rel}","templated":true}]}}