{"id":10184,"date":"2018-04-25T12:37:11","date_gmt":"2018-04-25T18:37:11","guid":{"rendered":"http:\/\/nuevoportal.inces.gob.ve\/?page_id=10184"},"modified":"2020-05-28T20:18:21","modified_gmt":"2020-05-29T00:18:21","slug":"adiestramiento-en-empresas-tributos","status":"publish","type":"page","link":"https:\/\/inces.gob.ve\/index.php\/adiestramiento-en-empresas-tributos\/","title":{"rendered":"Adiestramiento Tributos"},"content":{"rendered":"<div id=\"pl-10184\"  class=\"panel-layout\" ><div id=\"pg-10184-0\"  class=\"panel-grid panel-no-style\" ><div id=\"pgc-10184-0-0\"  class=\"panel-grid-cell\" ><div id=\"panel-10184-0-0-0\" class=\"so-panel widget widget_widget_sp_image widget_sp_image panel-first-child panel-last-child\" data-index=\"0\" ><img loading=\"lazy\" decoding=\"async\" width=\"1170\" height=\"91\" class=\"attachment-full\" style=\"max-width: 100%;\" srcset=\"https:\/\/inces.gob.ve\/wp-content\/uploads\/2018\/04\/Titulos_adiestramiento_entidades_trabajo.png 1170w, https:\/\/inces.gob.ve\/wp-content\/uploads\/2018\/04\/Titulos_adiestramiento_entidades_trabajo-300x23.png 300w, https:\/\/inces.gob.ve\/wp-content\/uploads\/2018\/04\/Titulos_adiestramiento_entidades_trabajo-768x60.png 768w, https:\/\/inces.gob.ve\/wp-content\/uploads\/2018\/04\/Titulos_adiestramiento_entidades_trabajo-1024x80.png 1024w\" sizes=\"auto, (max-width: 1170px) 100vw, 1170px\" src=\"https:\/\/inces.gob.ve\/wp-content\/uploads\/2018\/04\/Titulos_adiestramiento_entidades_trabajo.png\" \/><\/div><\/div><\/div><div id=\"pg-10184-1\"  class=\"panel-grid panel-no-style\" ><div id=\"pgc-10184-1-0\"  class=\"panel-grid-cell\" ><div id=\"panel-10184-1-0-0\" class=\"widget_text so-panel widget widget_custom_html panel-first-child panel-last-child\" data-index=\"1\" ><div class=\"textwidget custom-html-widget\"><div class=\"contenedor-menuver\">\n\n<!--a class=\"btn-menuver\" href=\"#\">Menu <i class=\"icono derecha fas fa-bars\"><\/i><\/a-->\n<ul class=\"menuver\">\n \t<li><i class=\"icono izquierda fas fa-chevron-down\"><\/i><a href=\"\">Servicios Tributarios<\/a>\n\t<ul>\n \t<li><a href=\"http:\/\/rncp.inces.gob.ve\">Registro Inces RNCP<\/a><\/li>\n \t<li><a href=\"http:\/\/www.inces.gob.ve\/index.php\/declaracion-y-reporte-de-pago\/\">Declaraci\u00f3n y Reporte de Pago<\/a><\/li>\n \t<li><a href=\"http:\/\/www.inces.gob.ve\/index.php\/intereses-moratorios\/\">Intereses Moratorios<\/a><\/li>\n<li><a href=\"http:\/\/www.inces.gob.ve\/index.php\/solvencia-electronica\/\">Certificado de Solvencia Electr\u00f3nica<\/a><\/li>\n<li><a href=\"http:\/\/www.inces.gob.ve\/index.php\/atencion-al-contribuyente\/\">Atenci\u00f3n al Contribuyente<\/a><\/li>\n<li><a href=\"http:\/\/www.inces.gob.ve\/index.php\/bases-legales\/\">Bases Legales<\/a><\/li>\n<\/ul>\n<\/li>\n \t<li><a href=\"\">Obligaci\u00f3n Civil<\/a>\n<ul>\n \t<li><a href=\"http:\/\/www.inces.gob.ve\/index.php\/pna-entidades-de-trabajo\/\">P N A<\/a><\/li>\n \t<li><a href=\"http:\/\/www.inces.gob.ve\/index.php\/formacion-delegada-tributos\/\">Formaci\u00f3n Delegada<\/a><\/li>\n \t<li><a href=\"http:\/\/www.inces.gob.ve\/index.php\/adiestramiento-en-empresas-tributos\/\">Adiestramiento en Entidad de Trabajo<\/a><\/li>\n<\/ul>\n<\/li>\n \t<\/ul>\n<\/div><\/div><\/div><\/div><div id=\"pgc-10184-1-1\"  class=\"panel-grid-cell\" ><div id=\"panel-10184-1-1-0\" class=\"so-panel widget widget_widget_sp_image widget_sp_image panel-first-child panel-last-child\" data-index=\"2\" ><img loading=\"lazy\" decoding=\"async\" width=\"800\" height=\"400\" class=\"attachment-full\" style=\"max-width: 100%;\" srcset=\"https:\/\/inces.gob.ve\/wp-content\/uploads\/2018\/04\/banner_adiestramiento.png 800w, https:\/\/inces.gob.ve\/wp-content\/uploads\/2018\/04\/banner_adiestramiento-300x150.png 300w, https:\/\/inces.gob.ve\/wp-content\/uploads\/2018\/04\/banner_adiestramiento-768x384.png 768w\" sizes=\"auto, (max-width: 800px) 100vw, 800px\" src=\"https:\/\/inces.gob.ve\/wp-content\/uploads\/2018\/04\/banner_adiestramiento.png\" \/><\/div><\/div><\/div><div id=\"pg-10184-2\"  class=\"panel-grid panel-no-style\" ><div id=\"pgc-10184-2-0\"  class=\"panel-grid-cell panel-grid-cell-empty\" ><\/div><div id=\"pgc-10184-2-1\"  class=\"panel-grid-cell\" ><div id=\"panel-10184-2-1-0\" class=\"widget_text so-panel widget widget_custom_html panel-first-child panel-last-child\" data-index=\"3\" ><div class=\"textwidget custom-html-widget\"><h3>Programa Nacional de adiestramiento en Entidades de Trabajo<\/h3>\n\nTiene como objetivo dise\u00f1ar y elaborar un Plan de Formaci\u00f3n Autoformaci\u00f3n Productiva que permita a todos los sujetos beneficiarios, y con base a las necesidades reales de las plantas, f\u00e1bricas y en las Entidades de Trabajo, Centro de Formaci\u00f3n Socialista y Comunidad a abordar, de manera sistem\u00e1tica y programada, la formaci\u00f3n de los j\u00f3venes y\/o trabajadores, reconociendo las l\u00edneas de desarrollo estrat\u00e9gico, la capacidad instalada y la demanda formativa.<\/div><\/div><\/div><\/div><\/div>","protected":false},"excerpt":{"rendered":"<p>Servicios Tributarios Registro Inces RNCP Declaraci\u00f3n y Reporte de Pago Intereses Moratorios Certificado de Solvencia Electr\u00f3nica Atenci\u00f3n al Contribuyente Bases Legales Obligaci\u00f3n Civil P N A Formaci\u00f3n Delegada Adiestramiento en Entidad de Trabajo Programa Nacional de adiestramiento en Entidades de Trabajo Tiene como objetivo dise\u00f1ar y elaborar un Plan de Formaci\u00f3n Autoformaci\u00f3n Productiva que permita [&hellip;]<\/p>\n","protected":false},"author":1,"featured_media":0,"parent":0,"menu_order":0,"comment_status":"closed","ping_status":"closed","template":"","meta":{"footnotes":""},"class_list":["post-10184","page","type-page","status-publish","hentry"],"_links":{"self":[{"href":"https:\/\/inces.gob.ve\/index.php\/wp-json\/wp\/v2\/pages\/10184","targetHints":{"allow":["GET"]}}],"collection":[{"href":"https:\/\/inces.gob.ve\/index.php\/wp-json\/wp\/v2\/pages"}],"about":[{"href":"https:\/\/inces.gob.ve\/index.php\/wp-json\/wp\/v2\/types\/page"}],"author":[{"embeddable":true,"href":"https:\/\/inces.gob.ve\/index.php\/wp-json\/wp\/v2\/users\/1"}],"replies":[{"embeddable":true,"href":"https:\/\/inces.gob.ve\/index.php\/wp-json\/wp\/v2\/comments?post=10184"}],"version-history":[{"count":22,"href":"https:\/\/inces.gob.ve\/index.php\/wp-json\/wp\/v2\/pages\/10184\/revisions"}],"predecessor-version":[{"id":26707,"href":"https:\/\/inces.gob.ve\/index.php\/wp-json\/wp\/v2\/pages\/10184\/revisions\/26707"}],"wp:attachment":[{"href":"https:\/\/inces.gob.ve\/index.php\/wp-json\/wp\/v2\/media?parent=10184"}],"curies":[{"name":"wp","href":"https:\/\/api.w.org\/{rel}","templated":true}]}}