{"id":10248,"date":"2018-05-04T09:05:09","date_gmt":"2018-05-04T15:05:09","guid":{"rendered":"http:\/\/nuevoportal.inces.gob.ve\/?page_id=10248"},"modified":"2020-05-28T20:20:15","modified_gmt":"2020-05-29T00:20:15","slug":"retos-institucionales","status":"publish","type":"page","link":"https:\/\/inces.gob.ve\/index.php\/retos-institucionales\/","title":{"rendered":"Retos Institucionales"},"content":{"rendered":"<div id=\"pl-10248\"  class=\"panel-layout\" ><div id=\"pg-10248-0\"  class=\"panel-grid panel-no-style\" ><div id=\"pgc-10248-0-0\"  class=\"panel-grid-cell\" ><div id=\"panel-10248-0-0-0\" class=\"so-panel widget widget_widget_sp_image widget_sp_image panel-first-child panel-last-child\" data-index=\"0\" ><img loading=\"lazy\" decoding=\"async\" width=\"1170\" height=\"91\" class=\"attachment-full\" style=\"max-width: 100%;\" srcset=\"https:\/\/inces.gob.ve\/wp-content\/uploads\/2018\/05\/titulos_retos_institucionales.png 1170w, https:\/\/inces.gob.ve\/wp-content\/uploads\/2018\/05\/titulos_retos_institucionales-300x23.png 300w, https:\/\/inces.gob.ve\/wp-content\/uploads\/2018\/05\/titulos_retos_institucionales-768x60.png 768w, https:\/\/inces.gob.ve\/wp-content\/uploads\/2018\/05\/titulos_retos_institucionales-1024x80.png 1024w\" sizes=\"auto, (max-width: 1170px) 100vw, 1170px\" src=\"https:\/\/inces.gob.ve\/wp-content\/uploads\/2018\/05\/titulos_retos_institucionales.png\" \/><\/div><\/div><\/div><div id=\"pg-10248-1\"  class=\"panel-grid panel-no-style\" ><div id=\"pgc-10248-1-0\"  class=\"panel-grid-cell\" ><div id=\"panel-10248-1-0-0\" class=\"widget_text so-panel widget widget_custom_html panel-first-child panel-last-child\" data-index=\"1\" ><div class=\"textwidget custom-html-widget\"><div class=\"contenedor-menuver\">\n\n<!--a class=\"btn-menuver\" href=\"#\">Menu <i class=\"icono derecha fas fa-bars\"><\/i><\/a-->\n<ul class=\"menuver\">\n \t<li><a href=\"http:\/\/www.inces.gob.ve\/index.php\/historia\/\">Historia<\/a><\/li>\n \t<li><a href=\"http:\/\/www.inces.gob.ve\/index.php\/pagina-ejemplo\/\">\u00bfQui\u00e9nes Somos?<\/a><\/li>\n \t<li><a href=\"http:\/\/www.inces.gob.ve\/index.php\/mision-y-vision\/\" >Misi\u00f3n y Visi\u00f3n<\/a><\/li>\n \t<li><a href=\"http:\/\/www.inces.gob.ve\/index.php\/perfiles-funcionarios\/\">Organizaci\u00f3n<\/a><\/li>\n \t<li><i class=\"icono izquierda fas fa-chevron-down\"><\/i><a href=\"\">Alianzas Estrat\u00e9gicas<\/a>\n<ul>\n \t<li><a href=\"http:\/\/www.inces.gob.ve\/index.php\/retos-institucionales\/\">Retos Intitucionales<\/a><\/li>\n \t<li><a href=\"http:\/\/www.inces.gob.ve\/index.php\/vinculos\/\">V\u00ednculos de Cooperaci\u00f3n<\/a><\/li>\n \t<li><a href=\"http:\/\/www.inces.gob.ve\/index.php\/relaciones-valor\/\">Relaciones de Valor<\/a><\/li>\n<\/ul>\n<\/li>\n<\/ul>\n<\/div><\/div><\/div><\/div><div id=\"pgc-10248-1-1\"  class=\"panel-grid-cell\" ><div id=\"panel-10248-1-1-0\" class=\"so-panel widget widget_widget_sp_image widget_sp_image panel-first-child panel-last-child\" data-index=\"2\" ><img loading=\"lazy\" decoding=\"async\" width=\"1170\" height=\"1084\" class=\"attachment-full\" style=\"max-width: 100%;\" srcset=\"https:\/\/inces.gob.ve\/wp-content\/uploads\/2018\/05\/retos_intitucionales.png 1170w, https:\/\/inces.gob.ve\/wp-content\/uploads\/2018\/05\/retos_intitucionales-300x278.png 300w, https:\/\/inces.gob.ve\/wp-content\/uploads\/2018\/05\/retos_intitucionales-768x712.png 768w, https:\/\/inces.gob.ve\/wp-content\/uploads\/2018\/05\/retos_intitucionales-1024x949.png 1024w, https:\/\/inces.gob.ve\/wp-content\/uploads\/2018\/05\/retos_intitucionales-340x316.png 340w\" sizes=\"auto, (max-width: 1170px) 100vw, 1170px\" src=\"https:\/\/inces.gob.ve\/wp-content\/uploads\/2018\/05\/retos_intitucionales.png\" \/><\/div><\/div><\/div><\/div>","protected":false},"excerpt":{"rendered":"<p>Historia \u00bfQui\u00e9nes Somos? Misi\u00f3n y Visi\u00f3n Organizaci\u00f3n Alianzas Estrat\u00e9gicas Retos Intitucionales V\u00ednculos de Cooperaci\u00f3n Relaciones de Valor<\/p>\n","protected":false},"author":1,"featured_media":0,"parent":0,"menu_order":0,"comment_status":"closed","ping_status":"closed","template":"","meta":{"footnotes":""},"class_list":["post-10248","page","type-page","status-publish","hentry"],"_links":{"self":[{"href":"https:\/\/inces.gob.ve\/index.php\/wp-json\/wp\/v2\/pages\/10248","targetHints":{"allow":["GET"]}}],"collection":[{"href":"https:\/\/inces.gob.ve\/index.php\/wp-json\/wp\/v2\/pages"}],"about":[{"href":"https:\/\/inces.gob.ve\/index.php\/wp-json\/wp\/v2\/types\/page"}],"author":[{"embeddable":true,"href":"https:\/\/inces.gob.ve\/index.php\/wp-json\/wp\/v2\/users\/1"}],"replies":[{"embeddable":true,"href":"https:\/\/inces.gob.ve\/index.php\/wp-json\/wp\/v2\/comments?post=10248"}],"version-history":[{"count":13,"href":"https:\/\/inces.gob.ve\/index.php\/wp-json\/wp\/v2\/pages\/10248\/revisions"}],"predecessor-version":[{"id":26750,"href":"https:\/\/inces.gob.ve\/index.php\/wp-json\/wp\/v2\/pages\/10248\/revisions\/26750"}],"wp:attachment":[{"href":"https:\/\/inces.gob.ve\/index.php\/wp-json\/wp\/v2\/media?parent=10248"}],"curies":[{"name":"wp","href":"https:\/\/api.w.org\/{rel}","templated":true}]}}