{"id":10430,"date":"2018-05-11T12:30:07","date_gmt":"2018-05-11T18:30:07","guid":{"rendered":"http:\/\/nuevoportal.inces.gob.ve\/?page_id=10430"},"modified":"2020-05-28T20:19:44","modified_gmt":"2020-05-29T00:19:44","slug":"parto-humanizado","status":"publish","type":"page","link":"https:\/\/inces.gob.ve\/index.php\/parto-humanizado\/","title":{"rendered":"Parto Humanizado"},"content":{"rendered":"<p style=\"text-align: justify;\">El Inces, a trav\u00e9s del convenio suscrito con el Ministerio del Poder Popular para La Mujer, acredita y certifica la formaci\u00f3n de las Promotoras de Salud Integral Comunitaria que comprende las Unidades Curriculares:<\/p>\n<ul>\n<li>\n<p align=\"justify\">U.C: Compromiso Comunal de la promotora por el parto y nacimiento humanizado<\/p>\n<\/li>\n<li>\n<p align=\"justify\">U.C: Curso de vida de la mujer: autoconocimiento y reconciliaci\u00f3n consigo mismo-misma y empoderamiento<\/p>\n<\/li>\n<li>\n<p align=\"justify\">U.C.: Proceso de Gestaci\u00f3n, parto humanizado, nacimiento, postparto, lactancia materna, crianza respetuosa.<\/p>\n<\/li>\n<\/ul>\n<p style=\"text-align: justify;\">El o la promotora comunitaria de parto humanizado es una trabajadora con la disposici\u00f3n y el compromiso \u00e9tico social para ejercer el acompa\u00f1amiento a trav\u00e9s del abordaje y el despliegue comunitario como proceso social de trabajo, identificando a las mujeres en edad reproductiva y gestante de la comunidad, brind\u00e1ndoles toda la orientaci\u00f3n necesaria sobre lo que significa el parto humanizado como derecho humano y social de la mujer, cuando a trav\u00e9s de su gesti\u00f3n contribuye a generar la condiciones subjetivas y objetivas para que asuma de manera protag\u00f3nica el ejercicio de una maternidad deseada, segura y feliz, en la medida que propicie la atenci\u00f3n, protecci\u00f3n, seguridad social, a lo largo de todo el ciclo de vida reproductiva, al brindar las mejores condiciones para que la mujer gestante logre disfrutar de un embarazo, parto y nacimiento humanizado que culmine felizmente.<\/p>\n<p>Para participar en este programa, ingresa a la p\u00e1gina de Ministerio del Poder Popular para la Mujer<\/p>\n<p><a href=\"http:\/\/www.minmujer.gob.ve\">http:\/\/www.minmujer.gob.ve\/<\/a><\/p>\n<p style=\"text-align: center;\"><a href=\"http:\/\/hacer.inces.gob.ve\/Account\/Principal\" target=\"_blank\" rel=\"noopener noreferrer\"><span style=\"font-size: 24pt; text-align: center; color: #006d80;\">\u00a1Si deseas acreditarte y certificarte como Promotora de Salud Integral Comunitaria, ingresa aqu\u00ed!<\/span><\/a><\/p>\n","protected":false},"excerpt":{"rendered":"<p>El Inces, a trav\u00e9s del convenio suscrito con el Ministerio del Poder Popular para La Mujer, acredita y certifica la formaci\u00f3n de las Promotoras de Salud Integral Comunitaria que comprende las Unidades Curriculares: U.C: Compromiso Comunal de la promotora por el parto y nacimiento humanizado U.C: Curso de vida de la mujer: autoconocimiento y reconciliaci\u00f3n [&hellip;]<\/p>\n","protected":false},"author":1,"featured_media":0,"parent":0,"menu_order":0,"comment_status":"closed","ping_status":"closed","template":"","meta":{"footnotes":""},"class_list":["post-10430","page","type-page","status-publish","hentry"],"_links":{"self":[{"href":"https:\/\/inces.gob.ve\/index.php\/wp-json\/wp\/v2\/pages\/10430","targetHints":{"allow":["GET"]}}],"collection":[{"href":"https:\/\/inces.gob.ve\/index.php\/wp-json\/wp\/v2\/pages"}],"about":[{"href":"https:\/\/inces.gob.ve\/index.php\/wp-json\/wp\/v2\/types\/page"}],"author":[{"embeddable":true,"href":"https:\/\/inces.gob.ve\/index.php\/wp-json\/wp\/v2\/users\/1"}],"replies":[{"embeddable":true,"href":"https:\/\/inces.gob.ve\/index.php\/wp-json\/wp\/v2\/comments?post=10430"}],"version-history":[{"count":19,"href":"https:\/\/inces.gob.ve\/index.php\/wp-json\/wp\/v2\/pages\/10430\/revisions"}],"predecessor-version":[{"id":34354,"href":"https:\/\/inces.gob.ve\/index.php\/wp-json\/wp\/v2\/pages\/10430\/revisions\/34354"}],"wp:attachment":[{"href":"https:\/\/inces.gob.ve\/index.php\/wp-json\/wp\/v2\/media?parent=10430"}],"curies":[{"name":"wp","href":"https:\/\/api.w.org\/{rel}","templated":true}]}}