{"id":10498,"date":"2018-05-15T12:58:26","date_gmt":"2018-05-15T18:58:26","guid":{"rendered":"http:\/\/nuevoportal.inces.gob.ve\/?page_id=10498"},"modified":"2020-05-28T20:20:15","modified_gmt":"2020-05-29T00:20:15","slug":"taller","status":"publish","type":"page","link":"https:\/\/inces.gob.ve\/index.php\/taller\/","title":{"rendered":"Taller"},"content":{"rendered":"<p>[vc_row][vc_column][vc_single_image image=\u00bb11163&#8243; img_size=\u00bbfull\u00bb][\/vc_column][\/vc_row][vc_row][vc_column width=\u00bb1\/4&#8243; css=\u00bb.vc_custom_1513608236034{margin-left: 10px !important;}\u00bb][vc_tta_accordion shape=\u00bbsquare\u00bb color=\u00bbturquoise\u00bb spacing=\u00bb2&#8243; gap=\u00bb1&#8243; c_icon=\u00bbtriangle\u00bb active_section=\u00bb2&#8243; collapsible_all=\u00bbtrue\u00bb][vc_tta_section title=\u00bbProgramas\u00bb tab_id=\u00bb1513607825935-1be1abc5-6b1b\u00bb][vc_custom_heading text=\u00bbPrograma Nacional de Aprendizaje\u00bb font_container=\u00bbtag:h4|text_align:left\u00bb google_fonts=\u00bbfont_family:Abel%3Aregular|font_style:400%20regular%3A400%3Anormal\u00bb link=\u00bburl:http%3A%2F%2Fnuevoportal.inces.gob.ve%2Findex.php%2F364-2%2F||target:%20_blank|\u00bb][vc_custom_heading text=\u00bbCertificaci\u00f3n y Acreditaci\u00f3n del Conocimiento\u00bb font_container=\u00bbtag:h4|text_align:left\u00bb google_fonts=\u00bbfont_family:Abel%3Aregular|font_style:400%20regular%3A400%3Anormal\u00bb link=\u00bburl:http%3A%2F%2Fnuevoportal.inces.gob.ve%2Findex.php%2Fcertificacion-y-acreditacion-del-conocimiento%2F||target:%20_blank|\u00bb][vc_custom_heading text=\u00bbAdiestramiento en Empresas\u00bb font_container=\u00bbtag:h4|text_align:left\u00bb google_fonts=\u00bbfont_family:Abel%3Aregular|font_style:400%20regular%3A400%3Anormal\u00bb link=\u00bburl:http%3A%2F%2Fnuevoportal.inces.gob.ve%2Findex.php%2Fadiestramiento-en-empresas%2F||target:%20_blank|\u00bb][vc_custom_heading text=\u00bbFormaci\u00f3n Delegada\u00bb font_container=\u00bbtag:h4|text_align:left\u00bb google_fonts=\u00bbfont_family:Abel%3Aregular|font_style:400%20regular%3A400%3Anormal\u00bb link=\u00bburl:http%3A%2F%2Fnuevoportal.inces.gob.ve%2Findex.php%2Fformacion-delegada%2F||target:%20_blank|\u00bb][vc_custom_heading text=\u00bbPrograma Nacional de Emprendimiento\u00bb font_container=\u00bbtag:h4|text_align:left\u00bb google_fonts=\u00bbfont_family:Abel%3Aregular|font_style:400%20regular%3A400%3Anormal\u00bb link=\u00bburl:http%3A%2F%2Fnuevoportal.inces.gob.ve%2Findex.php%2Fprograma-nacional-de-emprendimiento%2F||target:%20_blank|\u00bb][vc_custom_heading text=\u00bbFormaci\u00f3n de Formadores\u00bb font_container=\u00bbtag:h4|text_align:left\u00bb google_fonts=\u00bbfont_family:Abel%3Aregular|font_style:400%20regular%3A400%3Anormal\u00bb link=\u00bburl:http%3A%2F%2Fnuevoportal.inces.gob.ve%2Findex.php%2Fformacion-de-formadores%2F||target:%20_blank|\u00bb][vc_custom_heading text=\u00bbInces Militar\u00bb font_container=\u00bbtag:h4|text_align:left\u00bb google_fonts=\u00bbfont_family:Abel%3Aregular|font_style:400%20regular%3A400%3Anormal\u00bb link=\u00bburl:http%3A%2F%2Fnuevoportal.inces.gob.ve%2Findex.php%2Fprograma-inces-militar%2F||target:%20_blank|\u00bb][vc_custom_heading text=\u00bbBachillerato Productivo\u00bb font_container=\u00bbtag:h4|text_align:left\u00bb google_fonts=\u00bbfont_family:Abel%3Aregular|font_style:400%20regular%3A400%3Anormal\u00bb link=\u00bburl:http%3A%2F%2Fnuevoportal.inces.gob.ve%2Findex.php%2Fbachillerato-productivo%2F||target:%20_blank|\u00bb][vc_custom_heading text=\u00bbPlan Trabajadores\u00bb font_container=\u00bbtag:h4|text_align:left\u00bb google_fonts=\u00bbfont_family:Abel%3Aregular|font_style:400%20regular%3A400%3Anormal\u00bb link=\u00bburl:http%3A%2F%2Fnuevoportal.inces.gob.ve%2Findex.php%2Fplan-de-formacion-y-autoformacion-de-trabajadoras-y-trabajadores%2F||target:%20_blank|\u00bb][vc_custom_heading text=\u00bbEducaci\u00f3n Especial\u00bb font_container=\u00bbtag:h4|text_align:left\u00bb google_fonts=\u00bbfont_family:Abel%3Aregular|font_style:400%20regular%3A400%3Anormal\u00bb link=\u00bburl:http%3A%2F%2Fnuevoportal.inces.gob.ve%2Findex.php%2Fprograma-de-educacion-especial%2F||target:%20_blank|\u00bb][vc_custom_heading text=\u00bbPenitenciario\u00bb font_container=\u00bbtag:h4|text_align:left\u00bb google_fonts=\u00bbfont_family:Abel%3Aregular|font_style:400%20regular%3A400%3Anormal\u00bb link=\u00bburl:http%3A%2F%2Fnuevoportal.inces.gob.ve%2Findex.php%2Fprograma-penitenciario%2F||target:%20_blank|\u00bb][vc_custom_heading text=\u00bbIntercultural Biling\u00fce\u00bb font_container=\u00bbtag:h4|text_align:left\u00bb google_fonts=\u00bbfont_family:Abel%3Aregular|font_style:400%20regular%3A400%3Anormal\u00bb link=\u00bburl:http%3A%2F%2Fnuevoportal.inces.gob.ve%2Findex.php%2Fprograma-intercultural-bilingue%2F||target:%20_blank|\u00bb][vc_custom_heading text=\u00bbFormaci\u00f3n Productiva\u00bb font_container=\u00bbtag:h4|text_align:left\u00bb google_fonts=\u00bbfont_family:Abel%3Aregular|font_style:400%20regular%3A400%3Anormal\u00bb link=\u00bburl:http%3A%2F%2Fnuevoportal.inces.gob.ve%2Findex.php%2Fformacion-productiva%2F||target:%20_blank|\u00bb][\/vc_tta_section][vc_tta_section title=\u00bbModalidades\u00bb tab_id=\u00bb1523298957388-53fe3451-d021&#8243;][vc_custom_heading text=\u00bbModalidades\u00bb use_theme_fonts=\u00bbyes\u00bb link=\u00bburl:http%3A%2F%2Fnuevoportal.inces.gob.ve%2Findex.php%2Fmodalidades%2F||target:%20_blank|\u00bb][\/vc_tta_section][vc_tta_section title=\u00bb\u00c1mbitos\u00bb tab_id=\u00bb1523299297381-eb3f87ae-5ecf\u00bb][vc_custom_heading text=\u00bb\u00c1mbitos\u00bb font_container=\u00bbtag:h4|text_align:left\u00bb use_theme_fonts=\u00bbyes\u00bb link=\u00bburl:http%3A%2F%2Fnuevoportal.inces.gob.ve%2Findex.php%2Fambitos%2F||target:%20_blank|\u00bb][\/vc_tta_section][vc_tta_section title=\u00bbProyectos Especiales\u00bb tab_id=\u00bb1523304004957-de9c4417-acce\u00bb][vc_custom_heading text=\u00bbProyectos Especiales\u00bb font_container=\u00bbtag:h4|text_align:left\u00bb google_fonts=\u00bbfont_family:Abel%3Aregular|font_style:400%20regular%3A400%3Anormal\u00bb link=\u00bburl:http%3A%2F%2Fnuevoportal.inces.gob.ve%2Findex.php%2Fproyectos-especiales%2F||target:%20_blank|\u00bb][\/vc_tta_section][\/vc_tta_accordion][\/vc_column][vc_column width=\u00bb3\/4&#8243;][vc_single_image image=\u00bb10592&#8243; img_size=\u00bbfull\u00bb][vc_column_text]Es un proceso de formaci\u00f3n y autoformaci\u00f3n que permite a j\u00f3venes, adultas y adultos desarrollar competencias (ser, conocer, hacer y convivir en un todo integrado), a trav\u00e9s del intercambio de experiencias y vivencias, en un espacio real de trabajo, para resolver problemas o transformar su \u00e1mbito, entorno, o contexto real y diverso.<\/p>\n<p>Los talleres se refieren a los contenidos que conforman una Unidad Curricular, con car\u00e1cter flexible, abierto y sist\u00e9mico, para la formaci\u00f3n y autoformaci\u00f3n productiva. Permite la ejecuci\u00f3n de las Unidades Curriculares adaptadas a la disponibilidad de tiempo de las y los participantes, a trav\u00e9s del desarrollo y ejecuci\u00f3n de uno o dos contenidos pertenecientes a una Unidad Curricular.<\/p>\n<p>El lapso de ejecuci\u00f3n var\u00eda entre 8 y 20 horas, de acuerdo a las competencias a ser desarrolladas.[\/vc_column_text][vc_toggle title=\u00bbTaller de Interacci\u00f3n Comunitaria y Productiva\u00bb style=\u00bbround\u00bb color=\u00bbturquoise\u00bb]<\/p>\n<p style=\"text-align: justify;\">Es una modalidad de formaci\u00f3n y autoformaci\u00f3n productiva organizada a partir de una realidad concreta, orientada hacia el trabajo en colectivo y colaborativo, con la finalidad de empoderar a las ciudadanas y ciudadanos, para la participaci\u00f3n activa en el desarrollo econ\u00f3mico y social, en consonancia con las potencialidades territoriales y acervo cultural de las y los habitantes de la localidad, enmarcado en los Planes Estrat\u00e9gicos de Desarrollo de la Naci\u00f3n.<\/p>\n<p style=\"text-align: justify;\">En los talleres convergen la teor\u00eda y la pr\u00e1ctica, a trav\u00e9s de una metodolog\u00eda participativa y propiciadora del di\u00e1logo de saberes, el aprendizaje vivencial y el intercambio de experiencias.<\/p>\n<p style=\"text-align: justify;\">El lapso de ejecuci\u00f3n var\u00eda entre 20 y 40 horas, de acuerdo a las competencias a ser desarrolladas.<\/p>\n<p>Est\u00e1 orientado a promover la transformaci\u00f3n del sistema econ\u00f3mico comunal empoderando el pueblo para la gesti\u00f3n eficiente y sustentable de unidades productivas de propiedad directa e indirecta, que genere retornabilidad social y econ\u00f3mica del proceso productivo y contribuya a mejorar las condiciones de vida de la comunidad.[\/vc_toggle][vc_toggle title=\u00bbTaller Productivo\u00bb style=\u00bbround\u00bb color=\u00bbturquoise\u00bb]<\/p>\n<p style=\"text-align: justify;\">Permite orientar su aprendizaje hacia el desarrollo econ\u00f3mico y social, especialmente aquellas dirigidas a crear formas asociativas y de organizaci\u00f3n de empresas de propiedad social y redes de econom\u00eda social, que se inclinen hacia la construcci\u00f3n de un sistema de producci\u00f3n, intercambio y justa distribuci\u00f3n de bienes y servicios, que impulsen un modelo de gesti\u00f3n sustentable y sostenible con criterios de equidad y justicia social, de acuerdo a sus necesidades y potencialidades productivas, para el encadenamiento productivo nacional, privilegiando el aprender haciendo a trav\u00e9s del trabajo colectivo.<\/p>\n<p>El lapso de ejecuci\u00f3n var\u00eda entre 30 y 250 horas, de acuerdo a las competencias a ser desarrolladas para lograr la organizaci\u00f3n en cualquiera de las formas asociativas, orientadas a la producci\u00f3n, intercambio y justa distribuci\u00f3n de bienes y servicios.[\/vc_toggle][vc_toggle title=\u00bbTaller Vivencial\u00bb style=\u00bbround\u00bb color=\u00bbturquoise\u00bb]<\/p>\n<p style=\"text-align: justify;\">Tiene como prop\u00f3sito la realizaci\u00f3n de actividades de aprendizajes vivenciales, en las cuales las y los participantes asumen un rol protag\u00f3nico. Su uso se ha generalizado en procesos de formaci\u00f3n y autoformaci\u00f3n colectiva, integral, continua y permanente vinculados al autodesarrollo, al crecimiento personal, talleres de autoestima, de comunicaci\u00f3n efectiva, din\u00e1mica grupal, entre otros.<\/p>\n<p>El lapso de ejecuci\u00f3n var\u00eda entre 8 y 20 horas, de acuerdo a las competencias (ser, conocer, hacer y convivir en un todo integrado) a ser desarrolladas.[\/vc_toggle][\/vc_column][\/vc_row]<\/p>\n","protected":false},"excerpt":{"rendered":"<p>[vc_row][vc_column][vc_single_image image=\u00bb11163&#8243; img_size=\u00bbfull\u00bb][\/vc_column][\/vc_row][vc_row][vc_column width=\u00bb1\/4&#8243; css=\u00bb.vc_custom_1513608236034{margin-left: 10px !important;}\u00bb][vc_tta_accordion shape=\u00bbsquare\u00bb color=\u00bbturquoise\u00bb spacing=\u00bb2&#8243; gap=\u00bb1&#8243; c_icon=\u00bbtriangle\u00bb active_section=\u00bb2&#8243; collapsible_all=\u00bbtrue\u00bb][vc_tta_section title=\u00bbProgramas\u00bb tab_id=\u00bb1513607825935-1be1abc5-6b1b\u00bb][vc_custom_heading text=\u00bbPrograma Nacional de Aprendizaje\u00bb font_container=\u00bbtag:h4|text_align:left\u00bb google_fonts=\u00bbfont_family:Abel%3Aregular|font_style:400%20regular%3A400%3Anormal\u00bb link=\u00bburl:http%3A%2F%2Fnuevoportal.inces.gob.ve%2Findex.php%2F364-2%2F||target:%20_blank|\u00bb][vc_custom_heading text=\u00bbCertificaci\u00f3n y Acreditaci\u00f3n del Conocimiento\u00bb font_container=\u00bbtag:h4|text_align:left\u00bb google_fonts=\u00bbfont_family:Abel%3Aregular|font_style:400%20regular%3A400%3Anormal\u00bb link=\u00bburl:http%3A%2F%2Fnuevoportal.inces.gob.ve%2Findex.php%2Fcertificacion-y-acreditacion-del-conocimiento%2F||target:%20_blank|\u00bb][vc_custom_heading text=\u00bbAdiestramiento en Empresas\u00bb font_container=\u00bbtag:h4|text_align:left\u00bb google_fonts=\u00bbfont_family:Abel%3Aregular|font_style:400%20regular%3A400%3Anormal\u00bb link=\u00bburl:http%3A%2F%2Fnuevoportal.inces.gob.ve%2Findex.php%2Fadiestramiento-en-empresas%2F||target:%20_blank|\u00bb][vc_custom_heading text=\u00bbFormaci\u00f3n Delegada\u00bb font_container=\u00bbtag:h4|text_align:left\u00bb google_fonts=\u00bbfont_family:Abel%3Aregular|font_style:400%20regular%3A400%3Anormal\u00bb link=\u00bburl:http%3A%2F%2Fnuevoportal.inces.gob.ve%2Findex.php%2Fformacion-delegada%2F||target:%20_blank|\u00bb][vc_custom_heading text=\u00bbPrograma Nacional de Emprendimiento\u00bb font_container=\u00bbtag:h4|text_align:left\u00bb google_fonts=\u00bbfont_family:Abel%3Aregular|font_style:400%20regular%3A400%3Anormal\u00bb link=\u00bburl:http%3A%2F%2Fnuevoportal.inces.gob.ve%2Findex.php%2Fprograma-nacional-de-emprendimiento%2F||target:%20_blank|\u00bb][vc_custom_heading text=\u00bbFormaci\u00f3n de Formadores\u00bb font_container=\u00bbtag:h4|text_align:left\u00bb google_fonts=\u00bbfont_family:Abel%3Aregular|font_style:400%20regular%3A400%3Anormal\u00bb link=\u00bburl:http%3A%2F%2Fnuevoportal.inces.gob.ve%2Findex.php%2Fformacion-de-formadores%2F||target:%20_blank|\u00bb][vc_custom_heading [&hellip;]<\/p>\n","protected":false},"author":1,"featured_media":0,"parent":0,"menu_order":0,"comment_status":"closed","ping_status":"closed","template":"","meta":{"footnotes":""},"class_list":["post-10498","page","type-page","status-publish","hentry"],"_links":{"self":[{"href":"https:\/\/inces.gob.ve\/index.php\/wp-json\/wp\/v2\/pages\/10498","targetHints":{"allow":["GET"]}}],"collection":[{"href":"https:\/\/inces.gob.ve\/index.php\/wp-json\/wp\/v2\/pages"}],"about":[{"href":"https:\/\/inces.gob.ve\/index.php\/wp-json\/wp\/v2\/types\/page"}],"author":[{"embeddable":true,"href":"https:\/\/inces.gob.ve\/index.php\/wp-json\/wp\/v2\/users\/1"}],"replies":[{"embeddable":true,"href":"https:\/\/inces.gob.ve\/index.php\/wp-json\/wp\/v2\/comments?post=10498"}],"version-history":[{"count":15,"href":"https:\/\/inces.gob.ve\/index.php\/wp-json\/wp\/v2\/pages\/10498\/revisions"}],"predecessor-version":[{"id":11541,"href":"https:\/\/inces.gob.ve\/index.php\/wp-json\/wp\/v2\/pages\/10498\/revisions\/11541"}],"wp:attachment":[{"href":"https:\/\/inces.gob.ve\/index.php\/wp-json\/wp\/v2\/media?parent=10498"}],"curies":[{"name":"wp","href":"https:\/\/api.w.org\/{rel}","templated":true}]}}