{"id":10635,"date":"2018-05-24T12:33:40","date_gmt":"2018-05-24T18:33:40","guid":{"rendered":"http:\/\/nuevoportal.inces.gob.ve\/?page_id=10635"},"modified":"2025-09-29T10:20:21","modified_gmt":"2025-09-29T14:20:21","slug":"atencion-al-contribuyente","status":"publish","type":"page","link":"https:\/\/inces.gob.ve\/index.php\/atencion-al-contribuyente\/","title":{"rendered":"Atenci\u00f3n al Contribuyente"},"content":{"rendered":"<div id=\"pl-10635\"  class=\"panel-layout\" ><div id=\"pg-10635-0\"  class=\"panel-grid panel-no-style\" ><div id=\"pgc-10635-0-0\"  class=\"panel-grid-cell\" ><div id=\"panel-10635-0-0-0\" class=\"so-panel widget widget_widget_sp_image widget_sp_image panel-first-child panel-last-child\" data-index=\"0\" ><img loading=\"lazy\" decoding=\"async\" width=\"1170\" height=\"91\" class=\"attachment-full\" style=\"max-width: 100%;\" srcset=\"https:\/\/inces.gob.ve\/wp-content\/uploads\/2018\/05\/Titulos_atencion_contribuyente.png 1170w, https:\/\/inces.gob.ve\/wp-content\/uploads\/2018\/05\/Titulos_atencion_contribuyente-300x23.png 300w, https:\/\/inces.gob.ve\/wp-content\/uploads\/2018\/05\/Titulos_atencion_contribuyente-768x60.png 768w, https:\/\/inces.gob.ve\/wp-content\/uploads\/2018\/05\/Titulos_atencion_contribuyente-1024x80.png 1024w\" sizes=\"auto, (max-width: 1170px) 100vw, 1170px\" src=\"https:\/\/inces.gob.ve\/wp-content\/uploads\/2018\/05\/Titulos_atencion_contribuyente.png\" \/><\/div><\/div><\/div><div id=\"pg-10635-1\"  class=\"panel-grid panel-no-style\" ><div id=\"pgc-10635-1-0\"  class=\"panel-grid-cell\" ><div id=\"panel-10635-1-0-0\" class=\"widget_text so-panel widget widget_custom_html panel-first-child panel-last-child\" data-index=\"1\" ><div class=\"textwidget custom-html-widget\"><div class=\"contenedor-menuver\">\n\n<!--a class=\"btn-menuver\" href=\"#\">Menu <i class=\"icono derecha fas fa-bars\"><\/i><\/a-->\n<ul class=\"menuver\">\n \t<li><i class=\"icono izquierda fas fa-chevron-down\"><\/i><a href=\"\">Servicios Tributarios<\/a>\n\t<ul>\n \t<li><a href=\"http:\/\/rncp.inces.gob.ve\">Registro Inces RNCP<\/a><\/li>\n \t<li><a href=\"http:\/\/www.inces.gob.ve\/index.php\/declaracion-y-reporte-de-pago\/\">Declaraci\u00f3n y Reporte de Pago<\/a><\/li>\n \t<li><a href=\"http:\/\/www.inces.gob.ve\/index.php\/intereses-moratorios\/\">Intereses Moratorios<\/a><\/li>\n<li><a href=\"http:\/\/www.inces.gob.ve\/index.php\/solvencia-electronica\/\">Certificado de Solvencia Electr\u00f3nica<\/a><\/li>\n<li><a href=\"http:\/\/www.inces.gob.ve\/index.php\/atencion-al-contribuyente\/\">Atenci\u00f3n al Contribuyente<\/a><\/li>\n<li><a href=\"http:\/\/www.inces.gob.ve\/index.php\/bases-legales\/\">Bases Legales<\/a><\/li>\n<\/ul>\n<\/li>\n \t<li><a href=\"\">Obligaci\u00f3n Civil<\/a>\n<ul>\n \t<li><a href=\"http:\/\/www.inces.gob.ve\/index.php\/pna-entidades-de-trabajo\/\">P N A<\/a><\/li>\n \t<li><a href=\"http:\/\/www.inces.gob.ve\/index.php\/formacion-delegada-tributos\/\">Formaci\u00f3n Delegada<\/a><\/li>\n \t<li><a href=\"http:\/\/www.inces.gob.ve\/index.php\/adiestramiento-en-empresas-tributos\/\">Adiestramiento en Entidad de Trabajo<\/a><\/li>\n<\/ul>\n<\/li>\n \t<\/ul>\n<\/div><\/div><\/div><\/div><div id=\"pgc-10635-1-1\"  class=\"panel-grid-cell\" ><div id=\"panel-10635-1-1-0\" class=\"widget_text so-panel widget widget_custom_html panel-first-child panel-last-child\" data-index=\"2\" ><div class=\"textwidget custom-html-widget\"><h2>Documentos<\/h2>\n\n<ul>\n \t<li><a href=\"https:\/\/inces.gob.ve\/wp-content\/uploads\/2024\/10\/Cuentas_recaudadoras_Inces2024.pdf\">Cuentas Recaudadoras INCES<\/a><\/li>\n \t<li><a href=\"http:\/\/www.inces.gob.ve\/wp-content\/uploads\/2018\/05\/glosario_terminos.pdf\">Glosario de T\u00e9rminos<\/a><\/li>\n \t<li><a href=\"http:\/\/www.inces.gob.ve\/wp-content\/uploads\/2018\/05\/preguntas_frecuentes_tributos.pdf\">Preguntas Frecuentes<\/a><\/li>\n\t<li><a href=\"https:\/\/inces.gob.ve\/wp-content\/uploads\/2025\/09\/CARTA-PODER-INCES-SIGAT.doc\">Carta Poder para recuperacion de correo electr\u00f3nico SIGAT<\/a><\/li>\n\t<li><a href=\"https:\/\/inces.gob.ve\/wp-content\/uploads\/2024\/05\/SOLICITUD_CONCILIACION.doc\">Carta solicitud de Conciliaci\u00f3n<\/a><\/li>\n\t\n<\/ul>\n\t<h2>Carteles de Notificaci\u00f3n Oficial<\/h2>\n\n<ul>\n\t<li><a href=\"https:\/\/inces.gob.ve\/wp-content\/uploads\/2023\/11\/cartel-de-prorroga-actualizacion-RNCP-2023.jpg\">Cartel Oficial Actualizaci\u00f3n de Datos 14\/11\/2023 (PRORROGA) <\/a><\/li>\n\t<li><a href=\"https:\/\/inces.gob.ve\/wp-content\/uploads\/2023\/09\/cartel_oficial_11-09-2023.pdf\">Cartel de Notificaci\u00f3n Actualizaci\u00f3n de Datos 11\/09\/2023 (Diario \u00daltimas Noticias del 01\/09\/2023) <\/a><\/li>\n \t<li><a href=\"http:\/\/www.inces.gob.ve\/wp-content\/uploads\/2018\/05\/cn_alertacontribuente15022019.pdf\">Cartel de Notificaci\u00f3n Alerta al Contribuyente 15\/02\/2019<\/a><\/li>\n \t<li><a href=\"https:\/\/inces.gob.ve\/wp-content\/uploads\/2021\/10\/Cartel-de-Notificacion-Oficial-de-Cumplimiento-PNA.pdf\">Cartel de Notificaci\u00f3n Oficial de Cumplimiento PNA<\/a><\/li>\n \t<li><a href=\"http:\/\/www.inces.gob.ve\/wp-content\/uploads\/2018\/05\/cartel_prorroga29102018.pdf\">Cartel de Notificaci\u00f3n Prorroga Actualizaci\u00f3n de Datos 29\/10\/2018<\/a><\/li>\n        <li><a href=\"http:\/\/www.inces.gob.ve\/wp-content\/uploads\/2018\/05\/cn_operar_rncp15102018.pdf\">Cartel de Notificaci\u00f3n 15\/10\/2018<\/a><\/li>\n        <li><a href=\"http:\/\/www.inces.gob.ve\/wp-content\/uploads\/2018\/05\/c_operarmientras_salerncp15102018.pdf\">2\u00b0 Cartel de Notificaci\u00f3n Ajustes RNCP 15\/10\/2018<\/a><\/li>\n       <li><a href=\"http:\/\/www.inces.gob.ve\/wp-content\/uploads\/2018\/05\/cn_rncp22082018.pdf\">Carteles de Notificaci\u00f3n Actualizaci\u00f3n de Datos 22\/08\/2018<\/a><\/li>\n<\/ul>\n\n\n<\/div><\/div><\/div><\/div><\/div>","protected":false},"excerpt":{"rendered":"<p>Servicios Tributarios Registro Inces RNCP Declaraci\u00f3n y Reporte de Pago Intereses Moratorios Certificado de Solvencia Electr\u00f3nica Atenci\u00f3n al Contribuyente Bases Legales Obligaci\u00f3n Civil P N A Formaci\u00f3n Delegada Adiestramiento en Entidad de Trabajo Documentos Cuentas Recaudadoras INCES Glosario de T\u00e9rminos Preguntas Frecuentes Carta Poder para recuperacion de correo electr\u00f3nico SIGAT Carta solicitud de Conciliaci\u00f3n Carteles [&hellip;]<\/p>\n","protected":false},"author":1,"featured_media":0,"parent":0,"menu_order":0,"comment_status":"closed","ping_status":"closed","template":"","meta":{"footnotes":""},"class_list":["post-10635","page","type-page","status-publish","hentry"],"_links":{"self":[{"href":"https:\/\/inces.gob.ve\/index.php\/wp-json\/wp\/v2\/pages\/10635","targetHints":{"allow":["GET"]}}],"collection":[{"href":"https:\/\/inces.gob.ve\/index.php\/wp-json\/wp\/v2\/pages"}],"about":[{"href":"https:\/\/inces.gob.ve\/index.php\/wp-json\/wp\/v2\/types\/page"}],"author":[{"embeddable":true,"href":"https:\/\/inces.gob.ve\/index.php\/wp-json\/wp\/v2\/users\/1"}],"replies":[{"embeddable":true,"href":"https:\/\/inces.gob.ve\/index.php\/wp-json\/wp\/v2\/comments?post=10635"}],"version-history":[{"count":67,"href":"https:\/\/inces.gob.ve\/index.php\/wp-json\/wp\/v2\/pages\/10635\/revisions"}],"predecessor-version":[{"id":67091,"href":"https:\/\/inces.gob.ve\/index.php\/wp-json\/wp\/v2\/pages\/10635\/revisions\/67091"}],"wp:attachment":[{"href":"https:\/\/inces.gob.ve\/index.php\/wp-json\/wp\/v2\/media?parent=10635"}],"curies":[{"name":"wp","href":"https:\/\/api.w.org\/{rel}","templated":true}]}}