{"id":10648,"date":"2018-05-24T12:50:05","date_gmt":"2018-05-24T18:50:05","guid":{"rendered":"http:\/\/nuevoportal.inces.gob.ve\/?page_id=10648"},"modified":"2024-12-10T16:29:52","modified_gmt":"2024-12-10T20:29:52","slug":"bases-legales","status":"publish","type":"page","link":"https:\/\/inces.gob.ve\/index.php\/bases-legales\/","title":{"rendered":"Bases Legales"},"content":{"rendered":"<div id=\"pl-10648\"  class=\"panel-layout\" ><div id=\"pg-10648-0\"  class=\"panel-grid panel-no-style\" ><div id=\"pgc-10648-0-0\"  class=\"panel-grid-cell\" ><div id=\"panel-10648-0-0-0\" class=\"so-panel widget widget_widget_sp_image widget_sp_image panel-first-child panel-last-child\" data-index=\"0\" ><img loading=\"lazy\" decoding=\"async\" width=\"1170\" height=\"91\" class=\"attachment-full\" style=\"max-width: 100%;\" srcset=\"https:\/\/inces.gob.ve\/wp-content\/uploads\/2018\/05\/Titulos_bases_legales.png 1170w, https:\/\/inces.gob.ve\/wp-content\/uploads\/2018\/05\/Titulos_bases_legales-300x23.png 300w, https:\/\/inces.gob.ve\/wp-content\/uploads\/2018\/05\/Titulos_bases_legales-768x60.png 768w, https:\/\/inces.gob.ve\/wp-content\/uploads\/2018\/05\/Titulos_bases_legales-1024x80.png 1024w\" sizes=\"auto, (max-width: 1170px) 100vw, 1170px\" src=\"https:\/\/inces.gob.ve\/wp-content\/uploads\/2018\/05\/Titulos_bases_legales.png\" \/><\/div><\/div><\/div><div id=\"pg-10648-1\"  class=\"panel-grid panel-no-style\" ><div id=\"pgc-10648-1-0\"  class=\"panel-grid-cell\" ><div id=\"panel-10648-1-0-0\" class=\"widget_text so-panel widget widget_custom_html panel-first-child panel-last-child\" data-index=\"1\" ><div class=\"textwidget custom-html-widget\"><div class=\"contenedor-menuver\">\n\n<!--a class=\"btn-menuver\" href=\"#\">Menu <i class=\"icono derecha fas fa-bars\"><\/i><\/a-->\n<ul class=\"menuver\">\n \t<li><i class=\"icono izquierda fas fa-chevron-down\"><\/i><a href=\"\">Servicios Tributarios<\/a>\n\t<ul>\n \t<li><a href=\"http:\/\/rncp.inces.gob.ve\">Registro Inces RNCP<\/a><\/li>\n \t<li><a href=\"http:\/\/www.inces.gob.ve\/index.php\/declaracion-y-reporte-de-pago\/\">Declaraci\u00f3n y Reporte de Pago<\/a><\/li>\n \t<li><a href=\"http:\/\/www.inces.gob.ve\/index.php\/intereses-moratorios\/\">Intereses Moratorios<\/a><\/li>\n<li><a href=\"http:\/\/www.inces.gob.ve\/index.php\/solvencia-electronica\/\">Certificado de Solvencia Electr\u00f3nica<\/a><\/li>\n<li><a href=\"http:\/\/www.inces.gob.ve\/index.php\/atencion-al-contribuyente\/\">Atenci\u00f3n al Contribuyente<\/a><\/li>\n<li><a href=\"http:\/\/www.inces.gob.ve\/index.php\/bases-legales\/\">Bases Legales<\/a><\/li>\n<\/ul>\n<\/li>\n \t<li><a href=\"\">Obligaci\u00f3n Civil<\/a>\n<ul>\n \t<li><a href=\"http:\/\/www.inces.gob.ve\/index.php\/pna-entidades-de-trabajo\/\">P N A<\/a><\/li>\n \t<li><a href=\"http:\/\/www.inces.gob.ve\/index.php\/formacion-delegada-tributos\/\">Formaci\u00f3n Delegada<\/a><\/li>\n \t<li><a href=\"http:\/\/www.inces.gob.ve\/index.php\/adiestramiento-en-empresas-tributos\/\">Adiestramiento en Entidad de Trabajo<\/a><\/li>\n<\/ul>\n<\/li>\n \t<\/ul>\n<\/div><\/div><\/div><\/div><div id=\"pgc-10648-1-1\"  class=\"panel-grid-cell\" ><div id=\"panel-10648-1-1-0\" class=\"widget_text so-panel widget widget_custom_html panel-first-child panel-last-child\" data-index=\"2\" ><div class=\"textwidget custom-html-widget\"><ul>\n \t<li><a href=\"http:\/\/www.inces.gob.ve\/wp-content\/uploads\/2018\/05\/Ley_Inces_webm.pdf\">Ley de Inces Vigente<\/a><\/li>\n \t<li><a href=\"https:\/\/inces.gob.ve\/wp-content\/uploads\/2024\/12\/codigo_Org_Trib2020_.pdf\">C\u00f3digo Org\u00e1nico Tributario Vigente<\/a><\/li>\n \t<li><a href=\"http:\/\/www.inces.gob.ve\/wp-content\/uploads\/2018\/05\/derecho_al_descuento.pdf\">Disposici\u00f3n Administrativa (Derecho al Descuento)<\/a><\/li>\n<li><a href=\"http:\/\/www.inces.gob.ve\/wp-content\/uploads\/2018\/05\/exhorto.pdf\">Exhorto de Obligaci\u00f3n Tributaria<\/a><\/li>\n<li><a href=\"http:\/\/www.inces.gob.ve\/wp-content\/uploads\/2018\/05\/instrumento_juridico_tributario.xls.zip\">Instrumento Jur\u00eddico Tributario<\/a><\/li>\n<li><a href=\"http:\/\/www.inces.gob.ve\/wp-content\/uploads\/2018\/05\/Gaceta_41046_Providencia_deberes_formales.pdf\">Providencia para el Cumplimiento de Deberes Formales<\/a><\/li>\n<\/ul>\n\n<\/div><\/div><\/div><\/div><\/div>","protected":false},"excerpt":{"rendered":"<p>Servicios Tributarios Registro Inces RNCP Declaraci\u00f3n y Reporte de Pago Intereses Moratorios Certificado de Solvencia Electr\u00f3nica Atenci\u00f3n al Contribuyente Bases Legales Obligaci\u00f3n Civil P N A Formaci\u00f3n Delegada Adiestramiento en Entidad de Trabajo Ley de Inces Vigente C\u00f3digo Org\u00e1nico Tributario Vigente Disposici\u00f3n Administrativa (Derecho al Descuento) Exhorto de Obligaci\u00f3n Tributaria Instrumento Jur\u00eddico Tributario Providencia para [&hellip;]<\/p>\n","protected":false},"author":1,"featured_media":0,"parent":0,"menu_order":0,"comment_status":"closed","ping_status":"closed","template":"","meta":{"footnotes":""},"class_list":["post-10648","page","type-page","status-publish","hentry"],"_links":{"self":[{"href":"https:\/\/inces.gob.ve\/index.php\/wp-json\/wp\/v2\/pages\/10648","targetHints":{"allow":["GET"]}}],"collection":[{"href":"https:\/\/inces.gob.ve\/index.php\/wp-json\/wp\/v2\/pages"}],"about":[{"href":"https:\/\/inces.gob.ve\/index.php\/wp-json\/wp\/v2\/types\/page"}],"author":[{"embeddable":true,"href":"https:\/\/inces.gob.ve\/index.php\/wp-json\/wp\/v2\/users\/1"}],"replies":[{"embeddable":true,"href":"https:\/\/inces.gob.ve\/index.php\/wp-json\/wp\/v2\/comments?post=10648"}],"version-history":[{"count":20,"href":"https:\/\/inces.gob.ve\/index.php\/wp-json\/wp\/v2\/pages\/10648\/revisions"}],"predecessor-version":[{"id":61763,"href":"https:\/\/inces.gob.ve\/index.php\/wp-json\/wp\/v2\/pages\/10648\/revisions\/61763"}],"wp:attachment":[{"href":"https:\/\/inces.gob.ve\/index.php\/wp-json\/wp\/v2\/media?parent=10648"}],"curies":[{"name":"wp","href":"https:\/\/api.w.org\/{rel}","templated":true}]}}