{"id":10798,"date":"2018-05-29T12:56:34","date_gmt":"2018-05-29T18:56:34","guid":{"rendered":"http:\/\/nuevoportal.inces.gob.ve\/?page_id=10798"},"modified":"2020-05-28T20:19:04","modified_gmt":"2020-05-29T00:19:04","slug":"escuelas-sustentables","status":"publish","type":"page","link":"https:\/\/inces.gob.ve\/index.php\/escuelas-sustentables\/","title":{"rendered":"Escuelas Sustentables"},"content":{"rendered":"<h1>Escuelas Sustentables<\/h1>\n<p>&nbsp;<\/p>\n<p>Objetivo General&nbsp;<\/p>\n<p>Impulsar experiencias productivas sustentables mediante proyectos que emergen de las potencialidades de la escuela articulada con la comunidad. Generar mecanismos de participaci\u00f3n en la comunidad educativa que promuevan cambios de h\u00e1bitos, actitudes y valores que procuren mejorar la relaci\u00f3n con el entorno, su conservaci\u00f3n, preservaci\u00f3n y utilizaci\u00f3n racional de los recursos.<br \/>\nFomentar en la comunidad educativa la creaci\u00f3n de proyectos productivos e innovadores, en consonancia con las \u00e1reas de formaci\u00f3n t\u00e9cnicas y las potencialidades del contexto escuela.<br \/>\nImpulsar la creaci\u00f3n de unidades socio productivas vinculadas con los proyectos de desarrollo de la escuela y su entorno.<br \/>\nDesarrollar estrategias formativas desde los motores productivos, que tributen a la complementariedad de las \u00e1reas<\/p>\n<p>Alcance e Impacto<\/p>\n<p>El plan contempla la evaluaci\u00f3n, seguimiento y ajuste de sus resultados con base a la recopilaci\u00f3n sistem\u00e1tica de datos sobre el avance y el logro de los objetivos e indicadores cualitativos\/cuantitativos de la gesti\u00f3n.<\/p>\n<p>Se busca impactar en la conciencia colectiva de los sujetos protag\u00f3nicos del proceso, en cuanto a los proyectos de formaci\u00f3n socio-productivos que pueden desarrollarse con los recursos potenciales de la escuela, y hacer de ella un espacio productivo sustentable que genere un retorno social.<\/p>\n<p>Se concibe como un elemento medular que los estudiantes, una vez culminado su proceso formativo, tengan consigo una propuesta productiva que puedan implementar en otros espacios.<\/p>\n<p>Premisas<\/p>\n<p>Las Escuelas Sustentables deben transformar los \u00e1mbitos educativos en centros de equilibrio arm\u00f3nico con el medio ambiente y las necesidades de su entorno comunitario, apuntalando la reutilizaci\u00f3n de los recursos, la articulaci\u00f3n con la comunidad, y la activaci\u00f3n de la escuela como centro de estudio productivo, en tanto inicia al joven a generar la primera iniciativa laboral-organizativa desde su espacio.<\/p>\n<p>En este contexto, el proceso de las escuelas sustentables considera las siguientes premisas:<\/p>\n<p>1. Elaboraci\u00f3n de estructura de costos y retorno social.<br \/>\n2. Proceso y transformaci\u00f3n de materia prima.<br \/>\n3. Siembra de productos alimenticios<br \/>\n4. Visi\u00f3n ecolog\u00eda que reutiliza los desechos s\u00f3lidos.<br \/>\n5. Dejar saldo organizativo.<br \/>\n6. Orientaci\u00f3n socio-pol\u00edtica progresista.<br \/>\n7. Utilizaci\u00f3n de recursos tecnol\u00f3gicos existente.<br \/>\n8. Abordar los problemas dentro del contexto de la escuela<br \/>\n9. Articular con las necesidades de la comunidad.<\/p>\n","protected":false},"excerpt":{"rendered":"<p>Escuelas Sustentables &nbsp; Objetivo General&nbsp; Impulsar experiencias productivas sustentables mediante proyectos que emergen de las potencialidades de la escuela articulada con la comunidad. Generar mecanismos de participaci\u00f3n en la comunidad educativa que promuevan cambios de h\u00e1bitos, actitudes y valores que procuren mejorar la relaci\u00f3n con el entorno, su conservaci\u00f3n, preservaci\u00f3n y utilizaci\u00f3n racional de los [&hellip;]<\/p>\n","protected":false},"author":1,"featured_media":0,"parent":0,"menu_order":0,"comment_status":"closed","ping_status":"closed","template":"","meta":{"footnotes":""},"class_list":["post-10798","page","type-page","status-publish","hentry"],"_links":{"self":[{"href":"https:\/\/inces.gob.ve\/index.php\/wp-json\/wp\/v2\/pages\/10798","targetHints":{"allow":["GET"]}}],"collection":[{"href":"https:\/\/inces.gob.ve\/index.php\/wp-json\/wp\/v2\/pages"}],"about":[{"href":"https:\/\/inces.gob.ve\/index.php\/wp-json\/wp\/v2\/types\/page"}],"author":[{"embeddable":true,"href":"https:\/\/inces.gob.ve\/index.php\/wp-json\/wp\/v2\/users\/1"}],"replies":[{"embeddable":true,"href":"https:\/\/inces.gob.ve\/index.php\/wp-json\/wp\/v2\/comments?post=10798"}],"version-history":[{"count":11,"href":"https:\/\/inces.gob.ve\/index.php\/wp-json\/wp\/v2\/pages\/10798\/revisions"}],"predecessor-version":[{"id":34337,"href":"https:\/\/inces.gob.ve\/index.php\/wp-json\/wp\/v2\/pages\/10798\/revisions\/34337"}],"wp:attachment":[{"href":"https:\/\/inces.gob.ve\/index.php\/wp-json\/wp\/v2\/media?parent=10798"}],"curies":[{"name":"wp","href":"https:\/\/api.w.org\/{rel}","templated":true}]}}