{"id":10956,"date":"2018-06-12T12:27:43","date_gmt":"2018-06-12T18:27:43","guid":{"rendered":"http:\/\/nuevoportal.inces.gob.ve\/?page_id=10956"},"modified":"2020-05-28T20:20:01","modified_gmt":"2020-05-29T00:20:01","slug":"prosecucion-de-estudios","status":"publish","type":"page","link":"https:\/\/inces.gob.ve\/index.php\/prosecucion-de-estudios\/","title":{"rendered":"Prosecuci\u00f3n de Estudios"},"content":{"rendered":"<h1>&nbsp;Prosecuci\u00f3n de Estudios<\/h1>\n<p style=\"text-align: justify;\">Las y los participantes de los diferentes programas y modalidades de formaci\u00f3n, as\u00ed como las facilitadores y facilitadores que brindan formaci\u00f3n en el Inces, tienen la oportunidad de proseguir sus estudios universitarios a trav\u00e9s de convenios que tiene el Inces con diferentes Universidades Experimentales, Polit\u00e9cnicas, entre otras.<\/p>\n<p>&nbsp;<\/p>\n","protected":false},"excerpt":{"rendered":"<p>&nbsp;Prosecuci\u00f3n de Estudios Las y los participantes de los diferentes programas y modalidades de formaci\u00f3n, as\u00ed como las facilitadores y facilitadores que brindan formaci\u00f3n en el Inces, tienen la oportunidad de proseguir sus estudios universitarios a trav\u00e9s de convenios que tiene el Inces con diferentes Universidades Experimentales, Polit\u00e9cnicas, entre otras. &nbsp;<\/p>\n","protected":false},"author":1,"featured_media":0,"parent":0,"menu_order":0,"comment_status":"closed","ping_status":"closed","template":"","meta":{"footnotes":""},"class_list":["post-10956","page","type-page","status-publish","hentry"],"_links":{"self":[{"href":"https:\/\/inces.gob.ve\/index.php\/wp-json\/wp\/v2\/pages\/10956","targetHints":{"allow":["GET"]}}],"collection":[{"href":"https:\/\/inces.gob.ve\/index.php\/wp-json\/wp\/v2\/pages"}],"about":[{"href":"https:\/\/inces.gob.ve\/index.php\/wp-json\/wp\/v2\/types\/page"}],"author":[{"embeddable":true,"href":"https:\/\/inces.gob.ve\/index.php\/wp-json\/wp\/v2\/users\/1"}],"replies":[{"embeddable":true,"href":"https:\/\/inces.gob.ve\/index.php\/wp-json\/wp\/v2\/comments?post=10956"}],"version-history":[{"count":8,"href":"https:\/\/inces.gob.ve\/index.php\/wp-json\/wp\/v2\/pages\/10956\/revisions"}],"predecessor-version":[{"id":34335,"href":"https:\/\/inces.gob.ve\/index.php\/wp-json\/wp\/v2\/pages\/10956\/revisions\/34335"}],"wp:attachment":[{"href":"https:\/\/inces.gob.ve\/index.php\/wp-json\/wp\/v2\/media?parent=10956"}],"curies":[{"name":"wp","href":"https:\/\/api.w.org\/{rel}","templated":true}]}}