{"id":10982,"date":"2018-06-12T13:38:13","date_gmt":"2018-06-12T19:38:13","guid":{"rendered":"http:\/\/nuevoportal.inces.gob.ve\/?page_id=10982"},"modified":"2020-05-28T20:20:01","modified_gmt":"2020-05-29T00:20:01","slug":"mesas-sillas","status":"publish","type":"page","link":"https:\/\/inces.gob.ve\/index.php\/mesas-sillas\/","title":{"rendered":"Proyecto Mesas Sillas"},"content":{"rendered":"<h1>Proyecto Mesas Sillas<\/h1>\n<p style=\"text-align: justify;\">El proyecto productivo para la elaboraci\u00f3n de mesas-sillas escolares tipo C coadyuva al requerimiento del Ministerio del Poder Popular para la Educaci\u00f3n, en alianza estrat\u00e9gica con la Fundaci\u00f3n de Edificaciones y Dotaciones Educativas (FEDE).<\/p>\n<p>Este proyecto se desarrolla en 9 CFS Metalmec\u00e1nicos, ubicados en diferentes estados del pa\u00eds, donde son involucrados, en el proceso de elaboraci\u00f3n, a los participantes egresados en el \u00e1rea de soldadura y metalmec\u00e1nica, mediante la organizaci\u00f3n denominada Brigadas Productivas Inces. Ese proceso permite, luego de concluir el proceso de producci\u00f3n, conformar con los compa\u00f1eros que as\u00ed lo deseen, proyectos para el Emprendimiento Productivo.<\/p>\n<p>Hasta mayo de 2018, se ha hecho la entrega de 1.720 mesas- sillas a FEDE, 1.750 a Escuelas T\u00e9cnicas Industriales y actualmente se encuentran en proceso 2.020 m\u00e1s. Adicionalmente, se realiz\u00f3 una donaci\u00f3n de 48 mesas-sillas al CFS Jorge Rodr\u00edguez, de Caracas, para la adecuaci\u00f3n de un sal\u00f3n que sirve de ambiente formativo al Ministerio del PP para el Proceso Social del Trabajo.<\/p>\n<p>Asimismo, para la ejecuci\u00f3n del presente proyecto, se trabaj\u00f3 la metodolog\u00eda del encadenamiento productivo con las empresas Maderas del Orinoco para la adquisici\u00f3n directa de los topes y espaldares de madera que requiere el producto, y con la empresa Complejo Sider\u00fargico Nacional, la adquisici\u00f3n de perfiles tipo \u00e1ngulos para la transformaci\u00f3n y elaboraci\u00f3n de las estructuras met\u00e1licas.<\/p>\n","protected":false},"excerpt":{"rendered":"<p>Proyecto Mesas Sillas El proyecto productivo para la elaboraci\u00f3n de mesas-sillas escolares tipo C coadyuva al requerimiento del Ministerio del Poder Popular para la Educaci\u00f3n, en alianza estrat\u00e9gica con la Fundaci\u00f3n de Edificaciones y Dotaciones Educativas (FEDE). Este proyecto se desarrolla en 9 CFS Metalmec\u00e1nicos, ubicados en diferentes estados del pa\u00eds, donde son involucrados, en [&hellip;]<\/p>\n","protected":false},"author":1,"featured_media":0,"parent":0,"menu_order":0,"comment_status":"closed","ping_status":"closed","template":"","meta":{"footnotes":""},"class_list":["post-10982","page","type-page","status-publish","hentry"],"_links":{"self":[{"href":"https:\/\/inces.gob.ve\/index.php\/wp-json\/wp\/v2\/pages\/10982","targetHints":{"allow":["GET"]}}],"collection":[{"href":"https:\/\/inces.gob.ve\/index.php\/wp-json\/wp\/v2\/pages"}],"about":[{"href":"https:\/\/inces.gob.ve\/index.php\/wp-json\/wp\/v2\/types\/page"}],"author":[{"embeddable":true,"href":"https:\/\/inces.gob.ve\/index.php\/wp-json\/wp\/v2\/users\/1"}],"replies":[{"embeddable":true,"href":"https:\/\/inces.gob.ve\/index.php\/wp-json\/wp\/v2\/comments?post=10982"}],"version-history":[{"count":8,"href":"https:\/\/inces.gob.ve\/index.php\/wp-json\/wp\/v2\/pages\/10982\/revisions"}],"predecessor-version":[{"id":34333,"href":"https:\/\/inces.gob.ve\/index.php\/wp-json\/wp\/v2\/pages\/10982\/revisions\/34333"}],"wp:attachment":[{"href":"https:\/\/inces.gob.ve\/index.php\/wp-json\/wp\/v2\/media?parent=10982"}],"curies":[{"name":"wp","href":"https:\/\/api.w.org\/{rel}","templated":true}]}}