{"id":10997,"date":"2018-06-12T14:08:42","date_gmt":"2018-06-12T20:08:42","guid":{"rendered":"http:\/\/nuevoportal.inces.gob.ve\/?page_id=10997"},"modified":"2020-05-28T20:18:40","modified_gmt":"2020-05-29T00:18:40","slug":"batallas-productivas","status":"publish","type":"page","link":"https:\/\/inces.gob.ve\/index.php\/batallas-productivas\/","title":{"rendered":"Batallas Productivas"},"content":{"rendered":"<p>Consisten en una intervenci\u00f3n directa en el proceso productivo de una unidad de trabajo paralizada o semiparalizada por equipos de trabajadoras y trabajadores de distintas especialidades y de distintas entidades de trabajo, en la cual se complementan los conocimientos obtenidos durante la praxis laboral para la reactivaci\u00f3n e incremento de la operatividad.<\/p>\n<p>Se han realizado 10 Batallas Productivas Obreras en 7 estados del pa\u00eds, con la participaci\u00f3n de trabajadores, instituciones y comunidades.<\/p>\n<p>Son trabajadoras y trabajadores de distintas unidades productivas del pa\u00eds p\u00fablicas y privadas, organizados conscientemente, que se constituyen en el sujeto protag\u00f3nico que ejecuta la recuperaci\u00f3n operativa de las entidades de trabajo del Estado para vencer la guerra econ\u00f3mica. Paulatinamente, al Ejercito Productivo Obrero se vienen integrando trabajadores y trabajadoras de organizaciones populares, misiones, consejos comunales, comunas y otros.<\/p>\n<p>El papel del Inces en las Batallas Productivas Obreras\u00bb<\/p>\n<ul>\n<li>Contribuir con el talento humano t\u00e9cnico en la intervenci\u00f3n directa en el proceso productivo de una unidad de trabajo paralizada o semiparalizada por equipos\u00b7<\/li>\n<li>Acompa\u00f1ar y orientar los procesos de formaci\u00f3n y autoformaci\u00f3n, colectiva, integral, continua y permanente de la clase obrera.<\/li>\n<li>Sistematizar la experiencia pr\u00e1ctica participativa para la investigaci\u00f3n y creaci\u00f3n de nuevas teor\u00edas, t\u00e9cnicas, m\u00e9todos e innovaciones que surjan de la clase obrera y que permitan aportar a la construcci\u00f3n socialista.<\/li>\n<\/ul>\n","protected":false},"excerpt":{"rendered":"<p>Consisten en una intervenci\u00f3n directa en el proceso productivo de una unidad de trabajo paralizada o semiparalizada por equipos de trabajadoras y trabajadores de distintas especialidades y de distintas entidades de trabajo, en la cual se complementan los conocimientos obtenidos durante la praxis laboral para la reactivaci\u00f3n e incremento de la operatividad. Se han realizado [&hellip;]<\/p>\n","protected":false},"author":1,"featured_media":0,"parent":0,"menu_order":0,"comment_status":"closed","ping_status":"closed","template":"","meta":{"footnotes":""},"class_list":["post-10997","page","type-page","status-publish","hentry"],"_links":{"self":[{"href":"https:\/\/inces.gob.ve\/index.php\/wp-json\/wp\/v2\/pages\/10997","targetHints":{"allow":["GET"]}}],"collection":[{"href":"https:\/\/inces.gob.ve\/index.php\/wp-json\/wp\/v2\/pages"}],"about":[{"href":"https:\/\/inces.gob.ve\/index.php\/wp-json\/wp\/v2\/types\/page"}],"author":[{"embeddable":true,"href":"https:\/\/inces.gob.ve\/index.php\/wp-json\/wp\/v2\/users\/1"}],"replies":[{"embeddable":true,"href":"https:\/\/inces.gob.ve\/index.php\/wp-json\/wp\/v2\/comments?post=10997"}],"version-history":[{"count":5,"href":"https:\/\/inces.gob.ve\/index.php\/wp-json\/wp\/v2\/pages\/10997\/revisions"}],"predecessor-version":[{"id":34355,"href":"https:\/\/inces.gob.ve\/index.php\/wp-json\/wp\/v2\/pages\/10997\/revisions\/34355"}],"wp:attachment":[{"href":"https:\/\/inces.gob.ve\/index.php\/wp-json\/wp\/v2\/media?parent=10997"}],"curies":[{"name":"wp","href":"https:\/\/api.w.org\/{rel}","templated":true}]}}