{"id":11015,"date":"2018-06-14T09:28:09","date_gmt":"2018-06-14T15:28:09","guid":{"rendered":"http:\/\/nuevoportal.inces.gob.ve\/?page_id=11015"},"modified":"2020-05-28T20:19:44","modified_gmt":"2020-05-29T00:19:44","slug":"institucion-2","status":"publish","type":"page","link":"https:\/\/inces.gob.ve\/index.php\/institucion-2\/","title":{"rendered":"Instituci\u00f3n"},"content":{"rendered":"<div id=\"pl-11015\"  class=\"panel-layout\" ><div id=\"pg-11015-0\"  class=\"panel-grid panel-no-style\" ><div id=\"pgc-11015-0-0\"  class=\"panel-grid-cell\" ><div id=\"panel-11015-0-0-0\" class=\"so-panel widget widget_widget_sp_image widget_sp_image panel-first-child panel-last-child\" data-index=\"0\" ><img loading=\"lazy\" decoding=\"async\" width=\"1170\" height=\"91\" class=\"attachment-full\" style=\"max-width: 100%;\" src=\"https:\/\/inces.gob.ve\/wp-content\/uploads\/2017\/12\/institucion_ti01.png\" \/><\/div><\/div><\/div><div id=\"pg-11015-1\"  class=\"panel-grid panel-no-style\" ><div id=\"pgc-11015-1-0\"  class=\"panel-grid-cell\" ><div id=\"panel-11015-1-0-0\" class=\"widget_text so-panel widget widget_custom_html panel-first-child panel-last-child\" data-index=\"1\" ><div class=\"textwidget custom-html-widget\"><div class=\"contenedor-menuver\">\n\n<!--a class=\"btn-menuver\" href=\"#\">Menu <i class=\"icono derecha fas fa-bars\"><\/i><\/a-->\n<ul class=\"menuver\">\n \t<li><a href=\"http:\/\/www.inces.gob.ve\/index.php\/historia\/\">Historia<\/a><\/li>\n \t<li><a href=\"http:\/\/www.inces.gob.ve\/index.php\/pagina-ejemplo\/\">\u00bfQui\u00e9nes Somos?<\/a><\/li>\n \t<li><a href=\"http:\/\/www.inces.gob.ve\/index.php\/mision-y-vision\/\" >Misi\u00f3n y Visi\u00f3n<\/a><\/li>\n \t<li><a href=\"http:\/\/www.inces.gob.ve\/index.php\/perfiles-funcionarios\/\">Organizaci\u00f3n<\/a><\/li>\n \t<li><i class=\"icono izquierda fas fa-chevron-down\"><\/i><a href=\"\">Alianzas Estrat\u00e9gicas<\/a>\n<ul>\n \t<li><a href=\"http:\/\/www.inces.gob.ve\/index.php\/retos-institucionales\/\">Retos Intitucionales<\/a><\/li>\n \t<li><a href=\"http:\/\/www.inces.gob.ve\/index.php\/vinculos\/\">V\u00ednculos de Cooperaci\u00f3n<\/a><\/li>\n \t<li><a href=\"http:\/\/www.inces.gob.ve\/index.php\/relaciones-valor\/\">Relaciones de Valor<\/a><\/li>\n<\/ul>\n<\/li>\n<\/ul>\n<\/div><\/div><\/div><\/div><div id=\"pgc-11015-1-1\"  class=\"panel-grid-cell\" ><div id=\"panel-11015-1-1-0\" class=\"so-panel widget widget_widget_sp_image widget_sp_image panel-first-child panel-last-child\" data-index=\"2\" ><img loading=\"lazy\" decoding=\"async\" width=\"800\" height=\"400\" class=\"attachment-full\" style=\"max-width: 100%;\" src=\"https:\/\/inces.gob.ve\/wp-content\/uploads\/2017\/09\/institucion_quienes800.png\" \/><\/div><\/div><\/div><div id=\"pg-11015-2\"  class=\"panel-grid panel-no-style\" ><div id=\"pgc-11015-2-0\"  class=\"panel-grid-cell panel-grid-cell-empty\" ><\/div><div id=\"pgc-11015-2-1\"  class=\"panel-grid-cell\" ><div id=\"panel-11015-2-1-0\" class=\"widget_text so-panel widget widget_custom_html panel-first-child panel-last-child\" data-index=\"3\" ><div class=\"textwidget custom-html-widget\">El Inces es un organismo aut\u00f3nomo con personalidad jur\u00eddica y patrimonio propio, adscrito seg\u00fan gaceta oficial N\u00b0 41.116, decreto 2.758, de fecha 17 de marzo de 2017, al Ministerio del Poder Popular para la Educaci\u00f3n, creado por Ley el 22 de Agosto de 1959 y reglamentado por Decreto el 11 de Marzo de 1960 bajo la denominaci\u00f3n de Instituto Nacional de Cooperaci\u00f3n Educativa (INCE). En el 2003 de acuerdo con Decreto publicado en la Gaceta Oficial N\u00ba 37.809 de fecha 03 de Noviembre, se reforma el reglamento de la Ley del INCE, con la finalidad de reorganizarlo y adecuarlo a los intereses del pa\u00eds y al proceso de reconversi\u00f3n industrial, proceso que enmarca posteriormente su concepci\u00f3n y visi\u00f3n, dentro del \u00e1mbito de un socialismo abierto y participativo.<\/div><\/div><\/div><\/div><\/div>","protected":false},"excerpt":{"rendered":"<p>Historia \u00bfQui\u00e9nes Somos? Misi\u00f3n y Visi\u00f3n Organizaci\u00f3n Alianzas Estrat\u00e9gicas Retos Intitucionales V\u00ednculos de Cooperaci\u00f3n Relaciones de Valor El Inces es un organismo aut\u00f3nomo con personalidad jur\u00eddica y patrimonio propio, adscrito seg\u00fan gaceta oficial N\u00b0 41.116, decreto 2.758, de fecha 17 de marzo de 2017, al Ministerio del Poder Popular para la Educaci\u00f3n, creado por Ley [&hellip;]<\/p>\n","protected":false},"author":1,"featured_media":0,"parent":0,"menu_order":0,"comment_status":"closed","ping_status":"closed","template":"","meta":{"footnotes":""},"class_list":["post-11015","page","type-page","status-publish","hentry"],"_links":{"self":[{"href":"https:\/\/inces.gob.ve\/index.php\/wp-json\/wp\/v2\/pages\/11015","targetHints":{"allow":["GET"]}}],"collection":[{"href":"https:\/\/inces.gob.ve\/index.php\/wp-json\/wp\/v2\/pages"}],"about":[{"href":"https:\/\/inces.gob.ve\/index.php\/wp-json\/wp\/v2\/types\/page"}],"author":[{"embeddable":true,"href":"https:\/\/inces.gob.ve\/index.php\/wp-json\/wp\/v2\/users\/1"}],"replies":[{"embeddable":true,"href":"https:\/\/inces.gob.ve\/index.php\/wp-json\/wp\/v2\/comments?post=11015"}],"version-history":[{"count":42,"href":"https:\/\/inces.gob.ve\/index.php\/wp-json\/wp\/v2\/pages\/11015\/revisions"}],"predecessor-version":[{"id":26311,"href":"https:\/\/inces.gob.ve\/index.php\/wp-json\/wp\/v2\/pages\/11015\/revisions\/26311"}],"wp:attachment":[{"href":"https:\/\/inces.gob.ve\/index.php\/wp-json\/wp\/v2\/media?parent=11015"}],"curies":[{"name":"wp","href":"https:\/\/api.w.org\/{rel}","templated":true}]}}