{"id":22056,"date":"2018-11-08T09:10:10","date_gmt":"2018-11-08T15:10:10","guid":{"rendered":"http:\/\/www.inces.gob.ve\/?page_id=22056"},"modified":"2020-05-28T20:18:21","modified_gmt":"2020-05-29T00:18:21","slug":"juegos-de-cubiertos","status":"publish","type":"page","link":"https:\/\/inces.gob.ve\/index.php\/juegos-de-cubiertos\/","title":{"rendered":"Adquisici\u00f3n de mil (1000) juegos de cubiertos de acero inoxidable, para el servicio de comedor Inces"},"content":{"rendered":"<p style=\"text-align: center;\"><strong><span style=\"font-family: arial,helvetica,sans-serif;\">NOTIFICACI\u00d3N<\/span><\/strong><\/p>\n<p style=\"text-align: center;\"><span style=\"font-family: arial,helvetica,sans-serif;\">Por medio de la presente hago de su conocimiento que el Concurso Abierto N\u00b0 CPCPINCES-2018-CA-04, para la ADQUISICI\u00d3N DE UN MIL (1000) JUEGOS DE CUBIERTOS DE ACERO INOXIDABLE (CUCHARA, TENEDOR Y CUCHILLO), PARA EL SERVICIO DE COMEDOR INCE, se declar\u00f3 Desierto seg\u00fan lo establecido en el art\u00edculo 113, numeral 1 de la Ley de Contrataciones P\u00fablicas vigente.<\/span><\/p>\n<p style=\"text-align: center;\"><span style=\"font-family: arial,helvetica,sans-serif;\">Comisi\u00f3n Permanente de Contrataciones P\u00fablicas<\/span><\/p>\n<p style=\"text-align: center;\"><span style=\"font-family: arial,helvetica,sans-serif;\">REP\u00daBLICA BOLIVARIANA DE VENEZUELA<\/span><br \/>\n<span style=\"font-family: arial,helvetica,sans-serif;\"> MINISTERIO DEL PODER POPULAR PARA LA EDUCACI\u00d3N<\/span><br \/>\n<span style=\"font-family: arial,helvetica,sans-serif;\"> INSTITUTO NACIONAL DE CAPACITACI\u00d3N Y EDUCACI\u00d3N SOCIALISTA<\/span><br \/>\n<span style=\"font-family: arial,helvetica,sans-serif;\"> (INCES)<\/span><br \/>\n<span style=\"font-family: arial,helvetica,sans-serif;\"> ACTO P\u00daBLICO DE ENTREGA Y APERTURA SIMULT\u00c1NEA DE SOBRES DE MANIFESTACI\u00d3N DE PARTICIPAR EN LA ADQUISICI\u00d3N DE UN MIL (1000) JUEGOS DE CUBIERTOS DE ACERO INOXIDABLE (CUCHARA, TENEDOR Y CUCHILLO), PARA EL SERVICIO DE COMEDOR INCES <\/span><\/p>\n<p style=\"text-align: justify;\"><span style=\"font-family: arial,helvetica,sans-serif;\">El instituto Nacional de Capacitaci\u00f3n y Educaci\u00f3n Socialista, a trav\u00e9s<br \/>\nde la<br \/>\nSECRETARIA DE LA COMISI\u00d3N PERMANENTE DE CONTRATACIONES P\u00daBLICAS, de conformidad con lo establecido en los art\u00edculos 79 y 80 de la Ley de Contrataciones P\u00fablicas vigente, hace del conocimiento de todas las empresas y cooperativas legalmente establecidas en el pa\u00eds, especializadas en el ramo y debidamente inscritas en el Registro Naciones de Contratistas, que a partir de la presente fecha se declara abierto el siguiente procedimiento de selecci\u00f3n de contratistas:<\/span><\/p>\n<table style=\"height: 184px;\" width=\"982\">\n<tbody>\n<tr>\n<td style=\"width: 189.6px; text-align: center;\"><strong><span style=\"font-family: arial,helvetica,sans-serif;\">N\u00daMERO<\/span><\/strong><\/td>\n<td style=\"width: 189.6px; text-align: center;\"><strong><span style=\"font-family: arial,helvetica,sans-serif;\">OBJETO<\/span><\/strong><\/td>\n<td style=\"width: 189.6px; text-align: center;\"><strong><span style=\"font-family: arial,helvetica,sans-serif;\">DISPONIBILIDAD DE LOS PLIEGOS DE CONDICIONES<\/span><\/strong><\/td>\n<td style=\"width: 189.6px; text-align: center;\"><strong><span style=\"font-family: arial,helvetica,sans-serif;\">SOLICITUD DE ACLARATORIAS<\/span><\/strong><\/td>\n<td style=\"width: 189.6px; text-align: center;\"><strong><span style=\"font-family: arial,helvetica,sans-serif;\">ACTO P\u00daBLICO DE RECEPCI\u00d3N Y APERTURA DE SOBRES<\/span><\/strong><\/td>\n<\/tr>\n<tr>\n<td style=\"width: 189.6px;\"><strong><span style=\"font-family: arial,helvetica,sans-serif;\">CPCPINCES-2018-CA-04<\/span><\/strong><\/td>\n<td style=\"width: 189.6px; text-align: center;\"><strong><span style=\"font-family: arial,helvetica,sans-serif;\">ADQUISICI\u00d3N DE UN MIL (1000) JUEGOS DE CUBIERTOS DE ACERO INOXIDABLE (CUCHARA, TENEDOR Y CUCHILLO), PARA EL SERVICIO DE COMEDOR INCES<\/span><\/strong><\/td>\n<td style=\"width: 189.6px; text-align: center;\"><strong><span style=\"font-family: arial,helvetica,sans-serif;\">DEL 09\/11\/2018<\/span><\/strong><\/p>\n<p><strong><span style=\"font-family: arial,helvetica,sans-serif;\">HASTA 16\/11\/2018<\/span><\/strong><\/td>\n<td style=\"width: 189.6px; text-align: center;\"><strong><span style=\"font-family: arial,helvetica,sans-serif;\">Del 09\/11\/2018 <\/span><\/strong><\/p>\n<p><strong><span style=\"font-family: arial,helvetica,sans-serif;\">HASTA 13\/11\/2018<\/span><\/strong><\/td>\n<td style=\"width: 189.6px;\">\n<p style=\"text-align: center;\"><span style=\"font-size: 18pt;\"><strong><span style=\"font-family: arial,helvetica,sans-serif;\">Fecha: 21\/11\/2018\u00a0<\/span><\/strong><\/span><\/p>\n<p style=\"text-align: center;\"><strong><span style=\"font-family: arial,helvetica,sans-serif;\">Hora: 10:00 am<\/span><\/strong><\/p>\n<p style=\"text-align: center;\"><strong><span style=\"font-family: arial,helvetica,sans-serif;\">Lugar: SAL\u00d3N SANTA INES, AVENIDA NUEVA GRANADA, EDIFICIO INCES, PISO 11, SECRETARIA DE LA COMISI\u00d3N PERMANENTE DE CONTRATACIONES P\u00daBLICAS, CARACAS,<\/span><\/strong><\/p>\n<\/td>\n<\/tr>\n<\/tbody>\n<\/table>\n<p style=\"text-align: justify;\"><span style=\"font-family: arial,helvetica,sans-serif;\">El presente procedimiento de selecci\u00f3n de la empresa o cooperativa que prestar\u00e1 el servicio objeto de este procedimiento, se efectuar\u00e1 mediante la modalidad de Concurso <\/span><span style=\"font-family: arial,helvetica,sans-serif;\">Abierto, conforme a lo dispuesto en el art\u00edculo 77 numeral 1, en concordancia con el art\u00edculo 74 de la Ley de Contrataciones P\u00fablicas. En tal sentido, el mecanismo a <\/span><span style=\"font-family: arial,helvetica,sans-serif;\">emplearse ser\u00e1 el de acto \u00fanico de recepci\u00f3n y apertura de sobres, contentivo de manifestaci\u00f3n de voluntad de participar, documentos de calificaci\u00f3n y Oferta econ\u00f3mica, <\/span><span style=\"font-family: arial,helvetica,sans-serif;\">en el cual la calificaci\u00f3n y evaluaci\u00f3n ser\u00e1n realizadas simult\u00e1neamente y ladescalificaci\u00f3n del oferente ser\u00e1 causal de rechazo de su oferta, seg\u00fan lo dispuesto en el <\/span><span style=\"font-family: arial,helvetica,sans-serif;\">art\u00edculo 78 numeral 1, ejusdem.<\/span><\/p>\n<p style=\"text-align: justify;\"><span style=\"font-family: arial,helvetica,sans-serif;\">El Pliego de Condiciones estar\u00e1 disponible en la p\u00e1gina web del INCES\u00a0 (www.inces.gob.ve) y en la Oficina de la secretaria de la Comisi\u00f3n Permanente de Contrataciones p\u00fablicas, ubicada en el piso 10, edificio INCES Sede, Avenida Nueva granada, Caracas, Municipio Libertador, del Distrito Capital, en horario comprendido entre las 8:30 a.m. a 11:45 a.m. y de 1:30 p.m. a 3:45 p.m. El autorizado para retirar el Pliego de Condiciones en la sede del Instituto, es el representante legal de la empresa o cooperativa; o en su defecto, una persona designada por el mismo, quien deber\u00e1 presentar carta de autorizaci\u00f3n debidamente suscrita por el representante legal de la misma y copias de la c\u00e9dula de identidad tanto del representante legal como del autorizado.<\/span><\/p>\n<p style=\"text-align: justify;\"><span style=\"font-family: arial,helvetica,sans-serif;\">As\u00ed mismo, una carta EN LA QUE SE INDIQUEN EXPRESAMENTE: 1) el n\u00famero y la denominaci\u00f3n del procedimiento de selecci\u00f3n de contratistas en el que desea participar;\u00a0 2) la direcci\u00f3n o domicilio, n\u00famero telef\u00f3nico, numero de fax y direcci\u00f3n electr\u00f3nica de la empresa o cooperativa que retire el Pliego de Condiciones.<\/span><\/p>\n<p style=\"text-align: justify;\"><span style=\"font-family: arial,helvetica,sans-serif;\">El acto p\u00fablico de recepci\u00f3n de sobres contentivos de las manifestaciones de voluntad y documentos para la calificaci\u00f3n, as\u00ed como de las ofertas econ\u00f3micas se efectuar\u00e1 en la<\/span><br \/>\n<span style=\"font-family: arial,helvetica,sans-serif;\">fecha y el horario arriba se\u00f1alado, en el Sal\u00f3n Batalla de Santa In\u00e9s Edificio INCES Sede, Avenida Nueva Granada, Piso 11, Caracas, Municipio Libertador, del Distrito Capital.<\/span><\/p>\n<p style=\"text-align: justify;\"><span style=\"font-family: arial,helvetica,sans-serif;\">En este procedimiento de selecci\u00f3n de contratista se aplicar\u00e1 el Decreto Nro. 1.399 Decreto con Rango, Valor y Fuerza de Ley de Contrataciones P\u00fablicas, publicada en la<\/span><br \/>\n<span style=\"font-family: arial,helvetica,sans-serif;\">Gaceta Oficial Extraordinaria de la Rep\u00fablica Bolivariana de Venezuela No. 6.154 de fecha 19 de noviembre de 2014.<\/span><br \/>\n<span style=\"font-family: arial,helvetica,sans-serif;\">Para cualquier informaci\u00f3n los interesados podr\u00e1n comunicarse a los n\u00fameros (0212) 6031840; 6031510; 6031793. <\/span><\/p>\n<p style=\"text-align: justify;\"><span style=\"font-family: arial,helvetica,sans-serif;\">Nota: El INCES se reserva el derecho de extender el plazo de presentaci\u00f3n de documentos, suspender o terminar el procedimiento, rechazar los documentos que no se<\/span><br \/>\n<span style=\"font-family: arial,helvetica,sans-serif;\">ajusten a lo requerido o tomar cualquier decisi\u00f3n que considere conveniente a sus intereses, sin que ello diera lugar a reclamos por parte de las empresas participantes.<\/span><\/p>\n<p style=\"text-align: center;\"><a href=\"http:\/\/www.inces.gob.ve\/wrappers\/licitacion\/index.php?cod=CPCPINCES-2017-CA-04&amp;des=ADQUISICION DE UN MIL (1000) JUEGOS DE CUBIERTOS DE ACERO INOXIDABLE\" target=\"_blank\" rel=\"noopener noreferrer\"><img loading=\"lazy\" decoding=\"async\" class=\"alignnone wp-image-22120 size-full\" src=\"http:\/\/www.inces.gob.ve\/wp-content\/uploads\/2018\/11\/descarga_pliego.png\" alt=\"\" width=\"130\" height=\"113\" \/><\/a><br \/>\n<span style=\"font-family: arial,helvetica,sans-serif;\">contratacionesinces@gmail.com, contrataciones@inces.gob.ve<\/span><\/p>\n","protected":false},"excerpt":{"rendered":"<p>NOTIFICACI\u00d3N Por medio de la presente hago de su conocimiento que el Concurso Abierto N\u00b0 CPCPINCES-2018-CA-04, para la ADQUISICI\u00d3N DE UN MIL (1000) JUEGOS DE CUBIERTOS DE ACERO INOXIDABLE (CUCHARA, TENEDOR Y CUCHILLO), PARA EL SERVICIO DE COMEDOR INCE, se declar\u00f3 Desierto seg\u00fan lo establecido en el art\u00edculo 113, numeral 1 de la Ley de [&hellip;]<\/p>\n","protected":false},"author":1,"featured_media":0,"parent":0,"menu_order":0,"comment_status":"closed","ping_status":"closed","template":"","meta":{"footnotes":""},"class_list":["post-22056","page","type-page","status-publish","hentry"],"_links":{"self":[{"href":"https:\/\/inces.gob.ve\/index.php\/wp-json\/wp\/v2\/pages\/22056","targetHints":{"allow":["GET"]}}],"collection":[{"href":"https:\/\/inces.gob.ve\/index.php\/wp-json\/wp\/v2\/pages"}],"about":[{"href":"https:\/\/inces.gob.ve\/index.php\/wp-json\/wp\/v2\/types\/page"}],"author":[{"embeddable":true,"href":"https:\/\/inces.gob.ve\/index.php\/wp-json\/wp\/v2\/users\/1"}],"replies":[{"embeddable":true,"href":"https:\/\/inces.gob.ve\/index.php\/wp-json\/wp\/v2\/comments?post=22056"}],"version-history":[{"count":34,"href":"https:\/\/inces.gob.ve\/index.php\/wp-json\/wp\/v2\/pages\/22056\/revisions"}],"predecessor-version":[{"id":34552,"href":"https:\/\/inces.gob.ve\/index.php\/wp-json\/wp\/v2\/pages\/22056\/revisions\/34552"}],"wp:attachment":[{"href":"https:\/\/inces.gob.ve\/index.php\/wp-json\/wp\/v2\/media?parent=22056"}],"curies":[{"name":"wp","href":"https:\/\/api.w.org\/{rel}","templated":true}]}}