{"id":25389,"date":"2019-02-27T11:16:54","date_gmt":"2019-02-27T17:16:54","guid":{"rendered":"http:\/\/www.inces.gob.ve\/?page_id=25389"},"modified":"2020-05-28T20:18:40","modified_gmt":"2020-05-29T00:18:40","slug":"contratacion-del-servicio-de-comedor","status":"publish","type":"page","link":"https:\/\/inces.gob.ve\/index.php\/contratacion-del-servicio-de-comedor\/","title":{"rendered":"CONTRATACI\u00d3N DEL SERVICIO DE COMEDOR INCES SEDE, DISTRITO CAPITAL Y ESTADO MIRANDA"},"content":{"rendered":"<p style=\"text-align: center;\"><strong>MODIFICACI\u00d3N<\/strong><\/p>\n<p style=\"text-align: center;\"><strong>AMPLIACI\u00d3N DE LAPSOS<\/strong><\/p>\n<p style=\"text-align: justify; padding-left: 30px;\"><span style=\"font-family: arial,helvetica,sans-serif;\">La Comisi\u00f3n Permanente de Contrataciones P\u00fablicas del Instituto Nacional de Capacitaci\u00f3n y Educaci\u00f3n Socialista (INCES), conformada por los ciudadanos: Jos\u00e9 Luis Mart\u00ednez, \u00c1rea Legal, Miembro Principal, Jos\u00e9 Javier Bonilla, \u00c1rea T\u00e9cnica Miembro Principal y Jhonny Jos\u00e9 Rangel por el \u00c1rea Econ\u00f3mica Financiera, Miembro Principal, titulares de las C\u00e9dulas de Identidad N\u00b0 V- 9.932552, V-24.887.658 y V-10.186.572, respectivamente, designados mediante Providencia Administrativa N\u00b0 004 de fecha 22 de diciembre de 2017 y publicada en Gaceta Oficial de la Rep\u00fablica Bolivariana de Venezuela N\u00ba 41.364, de fecha 20 de marzo de 2.018, hace del conocimiento que motivado al Decreto Presidencial publicado en la Gaceta Oficial N\u00b0 41.595 de fecha 21 de febrero de 2019, el cual establece como no laborables los d\u00edas 28 de febrero y 01 de marzo; En tal sentido y de acuerdo a lo establecido en el art\u00edculo 68 del Decreto con Rango, Valor y Fuerza de Ley de Contrataciones P\u00fablicas vigente se modifica el plazo de presentaci\u00f3n de la manifestaci\u00f3n de voluntad y Ofertas, en el Concurso Abierto N\u00b0 CPCPINCES-2019-CA-01 <span style=\"color: #000000;\">\u201cCONTRATACI\u00d3N DEL SERVICIO DE COMEDOR INCES SEDE, DISTRITO CAPITAL Y ESTADO MIRANDA\u201d<\/span> para el d\u00eda<span style=\"color: #000000;\"><strong> jueves 14 de marzo de 2019 a las 10:00 a.m.<\/strong><\/span><\/span><\/p>\n<p style=\"text-align: center;\"><span style=\"font-family: arial,helvetica,sans-serif;\">REP\u00daBLICA BOLIVARIANA DE VENEZUELA<\/span><br \/>\n<span style=\"font-family: arial,helvetica,sans-serif;\"> MINISTERIO DEL PODER POPULAR PARA LA EDUCACI\u00d3N<\/span><br \/>\n<span style=\"font-family: arial,helvetica,sans-serif;\"> INSTITUTO NACIONAL DE CAPACITACI\u00d3N Y EDUCACI\u00d3N SOCIALISTA<\/span><br \/>\n<span style=\"font-family: arial,helvetica,sans-serif;\"> (INCES)<\/span><br \/>\n<span style=\"font-family: arial,helvetica,sans-serif;\"> ACTO P\u00daBLICO DE ENTREGA Y APERTURA SIMULT\u00c1NEA DE SOBRES DE MANIFESTACI\u00d3N DE VOLUNTAD DE PARTICIPAR, DOCUMENTOS DE CALIFICACI\u00d3N Y OFERTAS PARA LA CONTRATACI\u00d3N DEL SERVICIO DE COMEDOR INCES SEDE, DISTRITO CAPITAL Y ESTADO MIRANDA<\/span><\/p>\n<p style=\"text-align: justify;\"><span style=\"font-family: arial,helvetica,sans-serif;\">El instituto Nacional de Capacitaci\u00f3n y Educaci\u00f3n Socialista, a trav\u00e9s de la <strong>SECRETARIA DE LA COMISI\u00d3N PERMANENTE DE CONTRATACIONES P\u00daBLICAS,<\/strong> de conformidad con lo establecido en los art\u00edculos 79 y 80 de la Ley de Contrataciones P\u00fablicas vigente, hace del conocimiento de todas las empresas y cooperativas legalmente establecidas en el pa\u00eds, especializadas en el ramo y debidamente inscritas en el Registro Naciones de Contratistas, que a partir de la presente fecha se declara abierto el siguiente procedimiento de selecci\u00f3n de contratistas:<\/span><\/p>\n<table style=\"height: 184px;\" width=\"982\">\n<tbody>\n<tr>\n<td style=\"width: 189.6px; text-align: center;\"><strong><span style=\"font-family: arial,helvetica,sans-serif;\">ACTIVIDAD<\/span><\/strong><\/td>\n<td style=\"width: 189.6px; text-align: center;\"><strong><span style=\"font-family: arial,helvetica,sans-serif;\">FECHA<\/span><\/strong><\/td>\n<td style=\"width: 189.6px; text-align: center;\"><strong><span style=\"font-family: arial,helvetica,sans-serif;\">HORA<\/span><\/strong><\/td>\n<td style=\"width: 189.6px; text-align: center;\"><strong><span style=\"font-family: arial,helvetica,sans-serif;\">LUGAR<\/span><\/strong><\/td>\n<\/tr>\n<tr>\n<td style=\"width: 189.6px; text-align: center;\">\n<p class=\"western\" lang=\"es-ES\" align=\"center\"><span style=\"font-family: Times New Roman,serif;\"><span style=\"font-family: arial,sans-serif; font-size: 10pt;\"><span style=\"font-size: 12pt;\">Venta de los Pliegos de condiciones Procedimiento<\/span> <\/span><span style=\"font-family: arial,sans-serif;\"><span style=\"font-size: small;\"><b>N\u00b0 <\/b><\/span><\/span><span style=\"font-family: arial,sans-serif;\"><span style=\"font-size: small;\"><span lang=\"es-VE\"><b>CPCPINCES<\/b><\/span><\/span><\/span><span style=\"font-family: arial,sans-serif;\"><span style=\"font-size: small;\"><span lang=\"es-VE\"><b>-2019-CA-01<\/b><\/span><\/span><\/span><\/span><\/p>\n<\/td>\n<td style=\"width: 189.6px; text-align: center;\">\n<p class=\"western\" lang=\"es-ES\" align=\"center\"><span style=\"font-family: arial,sans-serif;\"><span style=\"font-size: small;\">Desde <\/span><\/span><span style=\"font-family: arial,sans-serif;\"><span style=\"font-size: small;\">25\/02\/2019<\/span><\/span><\/p>\n<p class=\"western\" lang=\"es-ES\" align=\"center\"><span style=\"font-family: arial,sans-serif;\"><span style=\"font-size: small;\">Hasta <\/span><\/span><span style=\"font-family: arial,sans-serif;\"><span style=\"font-size: small;\">11\/03\/2019<\/span><\/span><\/p>\n<\/td>\n<td style=\"width: 189.6px; text-align: center;\">\n<p class=\"western\" lang=\"es-ES\" align=\"justify\"><span style=\"font-family: arial,sans-serif;\"><span style=\"font-size: small;\">\u00a0\u00a0\u00a0\u00a0\u00a0 \u00a0 \u00a0 \u00a0 \u00a0 \u00a0 \u00a0 8:30 a 11:00 am <\/span><\/span><\/p>\n<p class=\"western\" lang=\"es-ES\" align=\"justify\"><span style=\"font-family: arial,sans-serif;\"><span style=\"font-size: small;\">\u00a0\u00a0\u00a0 \u00a0 \u00a0 \u00a0 \u00a0 \u00a0 \u00a0\u00a0\u00a0 1:30 a 3:30 pm<\/span><\/span><\/p>\n<\/td>\n<td style=\"width: 189.6px; text-align: center;\" rowspan=\"4\">\n<p class=\"western\" lang=\"es-ES\" align=\"center\"><span style=\"font-family: arial,sans-serif; font-size: 12pt;\">Edificio INCES Sede, Avenida Nueva Granada, Piso 11, Secretaria de la Comisi\u00f3n de Contrataciones Caracas, Municipio Libertador, del Distrito Capital.<\/span><\/p>\n<p class=\"western\" lang=\"es-ES\" align=\"center\"><span style=\"font-family: arial,sans-serif; font-size: 12pt;\">Tlf- 0212-603.18.40<\/span><\/p>\n<\/td>\n<\/tr>\n<tr>\n<td style=\"width: 189.6px; text-align: center;\">\n<p class=\"western\" lang=\"es-ES\" align=\"center\"><span style=\"font-size: small;\"><strong><span style=\"font-family: arial,sans-serif;\">Aclaratorias<\/span><\/strong><\/span><\/p>\n<\/td>\n<td style=\"width: 189.6px; text-align: center;\">\n<p class=\"western\" lang=\"es-ES\" align=\"center\"><span style=\"font-family: arial,sans-serif;\"><span style=\"font-size: small;\">Desde <\/span><\/span><span style=\"font-family: arial,sans-serif;\"><span style=\"font-size: small;\">25\/02\/2019<\/span><\/span><\/p>\n<p class=\"western\" lang=\"es-ES\" align=\"center\"><span style=\"font-family: arial,sans-serif;\"><span style=\"font-size: small;\">Hasta<\/span><\/span><span style=\"font-family: arial,sans-serif;\"><span style=\"font-size: small;\">27\/02\/2019<\/span><\/span><\/p>\n<\/td>\n<td style=\"width: 189.6px; text-align: center;\">\n<p class=\"western\" lang=\"es-ES\" align=\"justify\"><span style=\"font-family: arial,sans-serif;\"><span style=\"font-size: small;\">\u00a0\u00a0 \u00a0 \u00a0 \u00a0 \u00a0\u00a0 8:30 am a 11:00 am <\/span><\/span><\/p>\n<p class=\"western\" lang=\"es-ES\" align=\"justify\"><span style=\"font-family: arial,sans-serif;\"><span style=\"font-size: small;\">\u00a0\u00a0\u00a0\u00a0 \u00a0 \u00a0 \u00a0 1:30 pm a 3:30 pm<\/span><\/span><\/p>\n<\/td>\n<\/tr>\n<tr>\n<td style=\"width: 189.6px; text-align: center;\">\n<p class=\"western\" lang=\"es-ES\" align=\"center\"><span style=\"font-size: small;\"><strong><span style=\"font-family: arial,sans-serif;\">Respuesta de Aclaratoria<\/span><\/strong><\/span><\/p>\n<\/td>\n<td style=\"width: 189.6px; text-align: center;\">\n<p class=\"western\" lang=\"es-ES\" align=\"center\"><span style=\"font-family: arial,sans-serif;\"><span style=\"font-size: small;\">28\/02\/2019<\/span><\/span><\/p>\n<\/td>\n<td style=\"width: 189.6px; text-align: center;\">\n<p class=\"western\" lang=\"es-ES\" align=\"center\"><span style=\"font-family: arial,sans-serif;\"><span style=\"font-size: small;\">11:00 am<\/span><\/span><\/p>\n<\/td>\n<\/tr>\n<tr>\n<td style=\"width: 189.6px; text-align: center;\">\n<p class=\"western\" lang=\"es-ES\" align=\"center\"><span style=\"font-size: small;\"><strong><span style=\"font-family: arial,sans-serif;\">Acto \u00danico de Recepci\u00f3n de Sobres y Apertura de Manifestaci\u00f3n de Voluntad y Oferta<\/span><\/strong><\/span><\/p>\n<\/td>\n<td style=\"width: 189.6px; text-align: center;\">\n<p class=\"western\" lang=\"es-ES\" align=\"center\"><span style=\"font-size: 12pt;\"><strong><span style=\"font-family: Times New Roman,serif;\"><span style=\"font-family: arial,sans-serif;\">JUEVES 14\/03\/2019<\/span><\/span><\/strong><\/span><\/p>\n<\/td>\n<td style=\"width: 189.6px; text-align: center;\">\n<p class=\"western\" lang=\"es-ES\" align=\"center\"><span style=\"font-family: arial,sans-serif; font-size: 12pt;\">10:00 am<\/span><\/p>\n<\/td>\n<\/tr>\n<\/tbody>\n<\/table>\n<p style=\"text-align: justify;\"><span style=\"font-family: arial,helvetica,sans-serif;\">El presente procedimiento de selecci\u00f3n de la empresa o cooperativa que prestar\u00e1 el servicio objeto de este procedimiento, se efectuar\u00e1 mediante la modalidad de Concurso <\/span><span style=\"font-family: arial,helvetica,sans-serif;\">Abierto, conforme a lo dispuesto en el art\u00edculo 77 numeral 1, en concordancia con el art\u00edculo 74 de la Ley de Contrataciones P\u00fablicas. En tal sentido, el mecanismo a <\/span><span style=\"font-family: arial,helvetica,sans-serif;\">emplearse ser\u00e1 el de acto \u00fanico de recepci\u00f3n y apertura de sobres, contentivo de manifestaci\u00f3n de voluntad de participar, documentos de calificaci\u00f3n y Oferta econ\u00f3mica, <\/span><span style=\"font-family: arial,helvetica,sans-serif;\">en el cual la calificaci\u00f3n y evaluaci\u00f3n ser\u00e1n realizadas simult\u00e1neamente y ladescalificaci\u00f3n del oferente ser\u00e1 causal de rechazo de su oferta, seg\u00fan lo dispuesto en el <\/span><span style=\"font-family: arial,helvetica,sans-serif;\">art\u00edculo 78 numeral 1, ejusdem.<\/span><\/p>\n<p style=\"text-align: justify;\"><span style=\"font-family: arial,helvetica,sans-serif;\">El Pliego de Condiciones estar\u00e1 disponible en la p\u00e1gina web del INCES (www.inces.gob.ve) y en la Oficina de la secretaria de la Comisi\u00f3n Permanente de Contrataciones p\u00fablicas, ubicada en el piso 10, edificio INCES Sede, Avenida Nueva granada, Caracas, Municipio Libertador, del Distrito Capital, en horario comprendido entre las 8:30 a.m. a 11:45 a.m. y de 1:30 p.m. a 3:45 p.m. El autorizado para retirar el Pliego de Condiciones en la sede del Instituto, es el representante legal de la empresa o cooperativa; o en su defecto, una persona designada por el mismo, quien deber\u00e1 presentar carta de autorizaci\u00f3n debidamente suscrita por el representante legal de la misma y copias de la c\u00e9dula de identidad tanto del representante legal como del autorizado.<\/span><\/p>\n<p style=\"text-align: justify;\"><span style=\"font-family: arial,helvetica,sans-serif;\">As\u00ed mismo, una carta EN LA QUE SE INDIQUEN EXPRESAMENTE: 1) el n\u00famero y la denominaci\u00f3n del procedimiento de selecci\u00f3n de contratistas en el que desea participar; 2) la direcci\u00f3n o domicilio, n\u00famero telef\u00f3nico, numero de fax y direcci\u00f3n electr\u00f3nica de la empresa o cooperativa que retire el Pliego de Condiciones.<\/span><\/p>\n<p style=\"text-align: justify;\"><span style=\"font-family: arial,helvetica,sans-serif;\">El acto p\u00fablico de recepci\u00f3n de sobres contentivos de las manifestaciones de voluntad y documentos para la calificaci\u00f3n, as\u00ed como de las ofertas econ\u00f3micas se efectuar\u00e1 en la<\/span><br \/>\n<span style=\"font-family: arial,helvetica,sans-serif;\">fecha y el horario arriba se\u00f1alado, en el Sal\u00f3n Batalla de Santa In\u00e9s Edificio INCES Sede, Avenida Nueva Granada, Piso 11, Caracas, Municipio Libertador, del Distrito Capital.<\/span><\/p>\n<p style=\"text-align: justify;\"><span style=\"font-family: arial,helvetica,sans-serif;\">En este procedimiento de selecci\u00f3n de contratista se aplicar\u00e1 el Decreto Nro. 1.399 Decreto con Rango, Valor y Fuerza de Ley de Contrataciones P\u00fablicas, publicada en la<\/span><br \/>\n<span style=\"font-family: arial,helvetica,sans-serif;\">Gaceta Oficial Extraordinaria de la Rep\u00fablica Bolivariana de Venezuela No. 6.154 de fecha 19 de noviembre de 2014.<\/span><br \/>\n<span style=\"font-family: arial,helvetica,sans-serif;\">Para cualquier informaci\u00f3n los interesados podr\u00e1n comunicarse a los n\u00fameros (0212) 6031840; 6031510; 6031793. <\/span><\/p>\n<p style=\"text-align: justify;\"><span style=\"font-family: arial,helvetica,sans-serif;\">Nota: El INCES se reserva el derecho de extender el plazo de presentaci\u00f3n de documentos, suspender o terminar el procedimiento, rechazar los documentos que no se<\/span><br \/>\n<span style=\"font-family: arial,helvetica,sans-serif;\">ajusten a lo requerido o tomar cualquier decisi\u00f3n que considere conveniente a sus intereses, sin que ello diera lugar a reclamos por parte de las empresas participantes.<\/span><\/p>\n<p style=\"text-align: center;\"><span style=\"font-family: arial,helvetica,sans-serif;\">contratacionesinces@gmail.com, contrataciones@inces.gob.ve<\/span><\/p>\n","protected":false},"excerpt":{"rendered":"<p>MODIFICACI\u00d3N AMPLIACI\u00d3N DE LAPSOS La Comisi\u00f3n Permanente de Contrataciones P\u00fablicas del Instituto Nacional de Capacitaci\u00f3n y Educaci\u00f3n Socialista (INCES), conformada por los ciudadanos: Jos\u00e9 Luis Mart\u00ednez, \u00c1rea Legal, Miembro Principal, Jos\u00e9 Javier Bonilla, \u00c1rea T\u00e9cnica Miembro Principal y Jhonny Jos\u00e9 Rangel por el \u00c1rea Econ\u00f3mica Financiera, Miembro Principal, titulares de las C\u00e9dulas de Identidad N\u00b0 [&hellip;]<\/p>\n","protected":false},"author":1,"featured_media":0,"parent":0,"menu_order":0,"comment_status":"closed","ping_status":"closed","template":"","meta":{"footnotes":""},"class_list":["post-25389","page","type-page","status-publish","hentry"],"_links":{"self":[{"href":"https:\/\/inces.gob.ve\/index.php\/wp-json\/wp\/v2\/pages\/25389","targetHints":{"allow":["GET"]}}],"collection":[{"href":"https:\/\/inces.gob.ve\/index.php\/wp-json\/wp\/v2\/pages"}],"about":[{"href":"https:\/\/inces.gob.ve\/index.php\/wp-json\/wp\/v2\/types\/page"}],"author":[{"embeddable":true,"href":"https:\/\/inces.gob.ve\/index.php\/wp-json\/wp\/v2\/users\/1"}],"replies":[{"embeddable":true,"href":"https:\/\/inces.gob.ve\/index.php\/wp-json\/wp\/v2\/comments?post=25389"}],"version-history":[{"count":6,"href":"https:\/\/inces.gob.ve\/index.php\/wp-json\/wp\/v2\/pages\/25389\/revisions"}],"predecessor-version":[{"id":25479,"href":"https:\/\/inces.gob.ve\/index.php\/wp-json\/wp\/v2\/pages\/25389\/revisions\/25479"}],"wp:attachment":[{"href":"https:\/\/inces.gob.ve\/index.php\/wp-json\/wp\/v2\/media?parent=25389"}],"curies":[{"name":"wp","href":"https:\/\/api.w.org\/{rel}","templated":true}]}}