{"id":28003,"date":"2019-05-16T11:49:08","date_gmt":"2019-05-16T17:49:08","guid":{"rendered":"http:\/\/www.inces.gob.ve\/?page_id=28003"},"modified":"2024-09-05T12:59:27","modified_gmt":"2024-09-05T16:59:27","slug":"carteles-de-notificacion","status":"publish","type":"page","link":"https:\/\/inces.gob.ve\/index.php\/carteles-de-notificacion\/","title":{"rendered":"Carteles de Notificaci\u00f3n"},"content":{"rendered":"<div id=\"pl-28003\"  class=\"panel-layout\" ><div id=\"pg-28003-0\"  class=\"panel-grid panel-no-style\" ><div id=\"pgc-28003-0-0\"  class=\"panel-grid-cell\" ><div id=\"panel-28003-0-0-0\" class=\"so-panel widget widget_widget_sp_image widget_sp_image panel-first-child panel-last-child\" data-index=\"0\" ><img loading=\"lazy\" decoding=\"async\" width=\"1170\" height=\"91\" class=\"attachment-full\" style=\"max-width: 100%;\" srcset=\"https:\/\/inces.gob.ve\/wp-content\/uploads\/2018\/05\/Titulos_atencion_contribuyente.png 1170w, https:\/\/inces.gob.ve\/wp-content\/uploads\/2018\/05\/Titulos_atencion_contribuyente-300x23.png 300w, https:\/\/inces.gob.ve\/wp-content\/uploads\/2018\/05\/Titulos_atencion_contribuyente-768x60.png 768w, https:\/\/inces.gob.ve\/wp-content\/uploads\/2018\/05\/Titulos_atencion_contribuyente-1024x80.png 1024w\" sizes=\"auto, (max-width: 1170px) 100vw, 1170px\" src=\"https:\/\/inces.gob.ve\/wp-content\/uploads\/2018\/05\/Titulos_atencion_contribuyente.png\" \/><\/div><\/div><\/div><div id=\"pg-28003-1\"  class=\"panel-grid panel-no-style\" ><div id=\"pgc-28003-1-0\"  class=\"panel-grid-cell\" ><div id=\"panel-28003-1-0-0\" class=\"widget_text so-panel widget widget_custom_html panel-first-child panel-last-child\" data-index=\"1\" ><div class=\"textwidget custom-html-widget\"><div class=\"contenedor-menuver\">\n\n<!--a class=\"btn-menuver\" href=\"#\">Menu <i class=\"icono derecha fas fa-bars\"><\/i><\/a-->\n<ul class=\"menuver\">\n \t<li><i class=\"icono izquierda fas fa-chevron-down\"><\/i><a href=\"\">Servicios Tributarios<\/a>\n\t<ul>\n \t<li><a href=\"http:\/\/rncp.inces.gob.ve\">Registro Inces RNCP<\/a><\/li>\n \t<li><a href=\"http:\/\/www.inces.gob.ve\/index.php\/declaracion-y-reporte-de-pago\/\">Declaraci\u00f3n y Reporte de Pago<\/a><\/li>\n \t<li><a href=\"http:\/\/www.inces.gob.ve\/index.php\/intereses-moratorios\/\">Intereses Moratorios<\/a><\/li>\n<li><a href=\"http:\/\/www.inces.gob.ve\/index.php\/solvencia-electronica\/\">Certificado de Solvencia Electr\u00f3nica<\/a><\/li>\n<li><a href=\"http:\/\/www.inces.gob.ve\/index.php\/atencion-al-contribuyente\/\">Atenci\u00f3n al Contribuyente<\/a><\/li>\n<li><a href=\"http:\/\/www.inces.gob.ve\/index.php\/bases-legales\/\">Bases Legales<\/a><\/li>\n<\/ul>\n<\/li>\n \t<li><a href=\"\">Obligaci\u00f3n Civil<\/a>\n<ul>\n \t<li><a href=\"http:\/\/www.inces.gob.ve\/index.php\/pna-entidades-de-trabajo\/\">P N A<\/a><\/li>\n \t<li><a href=\"http:\/\/www.inces.gob.ve\/index.php\/formacion-delegada-tributos\/\">Formaci\u00f3n Delegada<\/a><\/li>\n \t<li><a href=\"http:\/\/www.inces.gob.ve\/index.php\/adiestramiento-en-empresas-tributos\/\">Adiestramiento en Entidad de Trabajo<\/a><\/li>\n<\/ul>\n<\/li>\n \t<\/ul>\n<\/div><\/div><\/div><\/div><div id=\"pgc-28003-1-1\"  class=\"panel-grid-cell\" ><div id=\"panel-28003-1-1-0\" class=\"widget_text so-panel widget widget_custom_html panel-first-child panel-last-child\" data-index=\"2\" ><div class=\"textwidget custom-html-widget\"><h3>Carteles de Notificaciones <\/h3> \n\n<ul>\n\t<li><a href=\"https:\/\/inces.gob.ve\/wp-content\/uploads\/2024\/09\/cartel_oficial_05-09-2024.pdf\">Cartel de Notificaci\u00f3n <\/a><\/li>\n \t<\/ul>\n\n<h3>Carteles de Notificaciones de Incobrabilidad<\/h3> \n\n<ul>\n\t<li><a href=\"http:\/\/www.inces.gob.ve\/wp-content\/uploads\/2019\/07\/cartel_incobrabilidad02072019.pdf\" target=\"_blank\">Notificaci\u00f3n de Incobrabilidad 02\/07\/2019<\/a><\/li>\n \t<li><a href=\"http:\/\/www.inces.gob.ve\/wp-content\/uploads\/2019\/05\/notificacion_incobrabilidad.pdf\">Notificaci\u00f3n de Incobrabilidad<\/a><\/li>\n \t\n\t<\/ul>\n<h3>Carteles de Notificaciones de Allanamiento<\/h3> \n<ul>\n\t\n\t<li><a href=\"http:\/\/www.inces.gob.ve\/wp-content\/uploads\/2019\/10\/cartelallanamiento30082019.pdf\">Notificaci\u00f3n de Allanamiento 30\/08\/2019 <\/a><\/li>\n\t<li><a href=\"http:\/\/www.inces.gob.ve\/wp-content\/uploads\/2019\/08\/carteldeallanamiento30julio2019.pdf\">Notificaci\u00f3n de Allanamiento 30\/07\/2019 <\/a><\/li>\n\t<li><a href=\"http:\/\/www.inces.gob.ve\/wp-content\/uploads\/2019\/07\/carteldeallanamiento02072019.pdf\">Notificaci\u00f3n de Allanamiento 02\/07\/2019 <\/a><\/li>\n\t<li><a href=\"http:\/\/www.inces.gob.ve\/wp-content\/uploads\/2019\/06\/cartel-de-allanamiento-003.pdf\">Notificaci\u00f3n de Allanamiento 23\/05\/2019 <\/a><\/li>\n\t<li><a href=\"http:\/\/www.inces.gob.ve\/wp-content\/uploads\/2019\/05\/allanamiento_20052019.pdf\">Notificaci\u00f3n de Allanamiento 20\/05\/2019 <\/a><\/li>\n \t<li><a href=\"http:\/\/www.inces.gob.ve\/wp-content\/uploads\/2019\/05\/notificacion_allanamiento.pdf\">Notificaci\u00f3n de Allanamiento 16\/05\/2019 <\/a><\/li>\n \t\n\t<\/ul>\n\t\t\n\t<\/div><\/div><\/div><\/div><\/div>","protected":false},"excerpt":{"rendered":"<p>Servicios Tributarios Registro Inces RNCP Declaraci\u00f3n y Reporte de Pago Intereses Moratorios Certificado de Solvencia Electr\u00f3nica Atenci\u00f3n al Contribuyente Bases Legales Obligaci\u00f3n Civil P N A Formaci\u00f3n Delegada Adiestramiento en Entidad de Trabajo Carteles de Notificaciones Cartel de Notificaci\u00f3n Carteles de Notificaciones de Incobrabilidad Notificaci\u00f3n de Incobrabilidad 02\/07\/2019 Notificaci\u00f3n de Incobrabilidad Carteles de Notificaciones de [&hellip;]<\/p>\n","protected":false},"author":1,"featured_media":0,"parent":0,"menu_order":0,"comment_status":"closed","ping_status":"closed","template":"","meta":{"footnotes":""},"class_list":["post-28003","page","type-page","status-publish","hentry"],"_links":{"self":[{"href":"https:\/\/inces.gob.ve\/index.php\/wp-json\/wp\/v2\/pages\/28003","targetHints":{"allow":["GET"]}}],"collection":[{"href":"https:\/\/inces.gob.ve\/index.php\/wp-json\/wp\/v2\/pages"}],"about":[{"href":"https:\/\/inces.gob.ve\/index.php\/wp-json\/wp\/v2\/types\/page"}],"author":[{"embeddable":true,"href":"https:\/\/inces.gob.ve\/index.php\/wp-json\/wp\/v2\/users\/1"}],"replies":[{"embeddable":true,"href":"https:\/\/inces.gob.ve\/index.php\/wp-json\/wp\/v2\/comments?post=28003"}],"version-history":[{"count":37,"href":"https:\/\/inces.gob.ve\/index.php\/wp-json\/wp\/v2\/pages\/28003\/revisions"}],"predecessor-version":[{"id":59744,"href":"https:\/\/inces.gob.ve\/index.php\/wp-json\/wp\/v2\/pages\/28003\/revisions\/59744"}],"wp:attachment":[{"href":"https:\/\/inces.gob.ve\/index.php\/wp-json\/wp\/v2\/media?parent=28003"}],"curies":[{"name":"wp","href":"https:\/\/api.w.org\/{rel}","templated":true}]}}