{"id":28245,"date":"2019-05-22T12:21:29","date_gmt":"2019-05-22T18:21:29","guid":{"rendered":"http:\/\/www.inces.gob.ve\/?page_id=28245"},"modified":"2020-05-28T20:18:40","modified_gmt":"2020-05-29T00:18:40","slug":"certificacion-del-conocimiento-2","status":"publish","type":"page","link":"https:\/\/inces.gob.ve\/index.php\/certificacion-del-conocimiento-2\/","title":{"rendered":"Certificaci\u00f3n y Acreditaci\u00f3n del Conocimiento"},"content":{"rendered":"<div id=\"pl-28245\"  class=\"panel-layout\" ><div id=\"pg-28245-0\"  class=\"panel-grid panel-no-style\" ><div id=\"pgc-28245-0-0\"  class=\"panel-grid-cell\" ><div id=\"panel-28245-0-0-0\" class=\"so-panel widget widget_media_image panel-first-child panel-last-child\" data-index=\"0\" ><img loading=\"lazy\" decoding=\"async\" width=\"1170\" height=\"121\" src=\"https:\/\/inces.gob.ve\/wp-content\/uploads\/2018\/04\/titulos_certi_y_acreditacion.png\" class=\"image wp-image-11087  attachment-full size-full\" alt=\"\" style=\"max-width: 100%; height: auto;\" srcset=\"https:\/\/inces.gob.ve\/wp-content\/uploads\/2018\/04\/titulos_certi_y_acreditacion.png 1170w, https:\/\/inces.gob.ve\/wp-content\/uploads\/2018\/04\/titulos_certi_y_acreditacion-300x31.png 300w, https:\/\/inces.gob.ve\/wp-content\/uploads\/2018\/04\/titulos_certi_y_acreditacion-768x79.png 768w, https:\/\/inces.gob.ve\/wp-content\/uploads\/2018\/04\/titulos_certi_y_acreditacion-1024x106.png 1024w\" sizes=\"auto, (max-width: 1170px) 100vw, 1170px\" \/><\/div><\/div><\/div><div id=\"pg-28245-1\"  class=\"panel-grid panel-no-style\" ><div id=\"pgc-28245-1-0\"  class=\"panel-grid-cell\" ><div id=\"panel-28245-1-0-0\" class=\"widget_text so-panel widget widget_custom_html panel-first-child panel-last-child\" data-index=\"1\" ><div class=\"textwidget custom-html-widget\"><div class=\"contenedor-menuver\">\n<!--a class=\"btn-menuver\" href=\"#\">Menu <i class=\"icono derecha fas fa-bars\"><\/i><\/a-->\n<ul class=\"menuver\">\n \t<li><i class=\"icono izquierda fas fa-chevron-down\"><\/i><a href=\"\">Programas<\/a>\n\t<ul>\n \t<li><a href=\"http:\/\/www.inces.gob.ve\/index.php\/programa-nacional-de-aprendizaje\/\" target=\"_blank\">Programa Nacional de Aprendizaje<\/a><\/li>\n \t<li><a href=\"http:\/\/www.inces.gob.ve\/index.php\/certificacion-del-conocimiento-2\/\" target=\"_blank\">Certificaci\u00f3n y Acreditaci\u00f3n del Conocimiento<\/a><\/li>\n \t<li><a href=\"http:\/\/www.inces.gob.ve\/index.php\/adiestramiento-en-empresas-2\/\" target=\"_blank\">Adiestramiento en Empresas<\/a><\/li>\n<li><a href=\"http:\/\/www.inces.gob.ve\/index.php\/formacion-delegada\/\" target=\"_blank\">Formaci\u00f3n Delegada<\/a><\/li>\n<li><a href=\"http:\/\/www.inces.gob.ve\/index.php\/programa-nacional-de-emprendimiento\/\" target=\"_blank\"> Programa Nacional de Emprendimiento<\/a><\/li>\n<li><a href=\"http:\/\/www.inces.gob.ve\/index.php\/formacion-de-formadores\/\" target=\"_blank\">Formaci\u00f3n de Formadores<\/a><\/li>\n<li><a href=\"http:\/\/www.inces.gob.ve\/index.php\/programa-inces-militar\/\" target=\"_blank\">Inces Militar<\/a><\/li>\n<li><a href=\"http:\/\/www.inces.gob.ve\/index.php\/bachillerato-productivo\/\" target=\"_blank\">Bachillerato Productivo<\/a><\/li>\n<li><a href=\"http:\/\/www.inces.gob.ve\/index.php\/plan-de-formacion-y-autoformacion-de-trabajadoras-y-trabajadores\/\" target=\"_blank\">Plan Trabajadores<\/a><\/li>\n<li><a href=\"http:\/\/www.inces.gob.ve\/index.php\/programa-de-educacion-especial\/\" target=\"_blank\">Educaci\u00f3n Especial<\/a><\/li>\n<li><a href=\"http:\/\/www.inces.gob.ve\/index.php\/programa-penitenciario\/\" target=\"_blank\">Penitenciario<\/a><\/li>\n<li><a href=\"http:\/\/www.inces.gob.ve\/index.php\/programa-intercultural-bilingue\/\" target=\"_blank\">Intercultural Biling\u00fce<\/a><\/li>\n<li><a href=\"http:\/\/www.inces.gob.ve\/index.php\/formacion-productiva\/\" target=\"_blank\">Formaci\u00f3n Productiva<\/a><\/li>\n<\/ul>\n\t<\/li>\n \t<li><a href=\"http:\/\/www.inces.gob.ve\/index.php\/modalidades\/\">Modalidades<\/a><\/li>\n\t<li><a href=\"http:\/\/www.inces.gob.ve\/index.php\/ambitos\/\">\u00c1mbitos<\/a><\/li>\n<li><a href=\"http:\/\/www.inces.gob.ve\/index.php\/proyectos-especiales\/\">Proyectos Especiales<\/a><\/li>\n <\/ul>\n<\/div><\/div><\/div><\/div><div id=\"pgc-28245-1-1\"  class=\"panel-grid-cell\" ><div id=\"panel-28245-1-1-0\" class=\"so-panel widget widget_media_image panel-first-child panel-last-child\" data-index=\"2\" ><img loading=\"lazy\" decoding=\"async\" width=\"800\" height=\"400\" src=\"https:\/\/inces.gob.ve\/wp-content\/uploads\/2018\/04\/certifi_conocimientos.png\" class=\"image wp-image-10577  attachment-full size-full\" alt=\"\" style=\"max-width: 100%; height: auto;\" \/><\/div><\/div><\/div><div id=\"pg-28245-2\"  class=\"panel-grid panel-no-style\" ><div id=\"pgc-28245-2-0\"  class=\"panel-grid-cell panel-grid-cell-empty\" ><\/div><div id=\"pgc-28245-2-1\"  class=\"panel-grid-cell\" ><div id=\"panel-28245-2-1-0\" class=\"widget_text so-panel widget widget_custom_html panel-first-child panel-last-child\" data-index=\"3\" ><div class=\"textwidget custom-html-widget\"><ul id=\"toggle-view\">\n\t<li>\n\t\t<h3>\u00bfQu\u00e9 es la Acreditaci\u00f3n y Certificaci\u00f3n de Conocimientos por Experiencia en Ejercicio?<\/h3>\n\t\t<span>+<\/span>\n\t\t<div class=\"panel\">\n\t\t\t<p><img decoding=\"async\" src=\"http:\/\/www.inces.gob.ve\/wp-content\/uploads\/2018\/06\/acreditacion_01.png\"><\/p>\n\t\t<\/div>\n\t<\/li>\n\t<li>\n\t\t<h3>Procesos Acreditaci\u00f3n y Certificaci\u00f3n de Conocimientos por Experiencia en Ejercicio<\/h3>\n\t\t<span>+<\/span>\n\t\t<div class=\"panel\">\n\t\t\t<p><img decoding=\"async\" src=\"http:\/\/www.inces.gob.ve\/wp-content\/uploads\/2018\/06\/acreditacion_02.png\"><\/p>\n\t\t<\/div>\n\t<\/li>\n\t<li>\n\t\t<h3>Caracter\u00edsticas del proceso de acreditaci\u00f3n de conocimientos por experiencia en ejercicio<\/h3>\n\t\t<span>+<\/span>\n\t\t<div class=\"panel\">\n\t\t\t<p><img decoding=\"async\" src=\"http:\/\/www.inces.gob.ve\/wp-content\/uploads\/2018\/06\/acreditacion_03.png\"><\/p>\n\t\t<\/div>\n\t<\/li>\n\t\t\n<\/ul><\/div><\/div><\/div><\/div><\/div>","protected":false},"excerpt":{"rendered":"<p>Programas Programa Nacional de Aprendizaje Certificaci\u00f3n y Acreditaci\u00f3n del Conocimiento Adiestramiento en Empresas Formaci\u00f3n Delegada Programa Nacional de Emprendimiento Formaci\u00f3n de Formadores Inces Militar Bachillerato Productivo Plan Trabajadores Educaci\u00f3n Especial Penitenciario Intercultural Biling\u00fce Formaci\u00f3n Productiva Modalidades \u00c1mbitos Proyectos Especiales \u00bfQu\u00e9 es la Acreditaci\u00f3n y Certificaci\u00f3n de Conocimientos por Experiencia en Ejercicio? + Procesos Acreditaci\u00f3n y [&hellip;]<\/p>\n","protected":false},"author":1,"featured_media":0,"parent":0,"menu_order":0,"comment_status":"closed","ping_status":"closed","template":"","meta":{"footnotes":""},"class_list":["post-28245","page","type-page","status-publish","hentry"],"_links":{"self":[{"href":"https:\/\/inces.gob.ve\/index.php\/wp-json\/wp\/v2\/pages\/28245","targetHints":{"allow":["GET"]}}],"collection":[{"href":"https:\/\/inces.gob.ve\/index.php\/wp-json\/wp\/v2\/pages"}],"about":[{"href":"https:\/\/inces.gob.ve\/index.php\/wp-json\/wp\/v2\/types\/page"}],"author":[{"embeddable":true,"href":"https:\/\/inces.gob.ve\/index.php\/wp-json\/wp\/v2\/users\/1"}],"replies":[{"embeddable":true,"href":"https:\/\/inces.gob.ve\/index.php\/wp-json\/wp\/v2\/comments?post=28245"}],"version-history":[{"count":13,"href":"https:\/\/inces.gob.ve\/index.php\/wp-json\/wp\/v2\/pages\/28245\/revisions"}],"predecessor-version":[{"id":28252,"href":"https:\/\/inces.gob.ve\/index.php\/wp-json\/wp\/v2\/pages\/28245\/revisions\/28252"}],"wp:attachment":[{"href":"https:\/\/inces.gob.ve\/index.php\/wp-json\/wp\/v2\/media?parent=28245"}],"curies":[{"name":"wp","href":"https:\/\/api.w.org\/{rel}","templated":true}]}}