{"id":28394,"date":"2019-05-23T09:34:24","date_gmt":"2019-05-23T15:34:24","guid":{"rendered":"http:\/\/www.inces.gob.ve\/?page_id=28394"},"modified":"2020-05-28T20:18:21","modified_gmt":"2020-05-29T00:18:21","slug":"cubiertos-de-mesa","status":"publish","type":"page","link":"https:\/\/inces.gob.ve\/index.php\/cubiertos-de-mesa\/","title":{"rendered":"Adquisici\u00f3n de Juegos de Cubiertos de Mesa Inces Sede"},"content":{"rendered":"<p style=\"text-align: center;\">CONCURSO ABIERTO N\u00ba CPCPINCES-2019-CA-02<\/p>\n<div class=\"textLayer\">\n<div style=\"text-align: center;\">\u201cADQUISICI\u00d3N DE JUEGOS DE CUBIERTOS DE MESA, CON ESTUCHE, PARA\u00a0 LOS TRABAJADORES Y TRABAJADORAS DEL INCES SEDE \u201d<\/div>\n<div>\n<div><\/div>\n<div><strong>ACTO \u00daNICO DE RECEPCI\u00d3N Y APERTURA DE SOBRES CONTENTIVOS DE MANIFESTACI\u00d3N DE VOLUNTAD DE PARTICIPAR, DOCUMENTOS DE\u00a0 CALIFICACI\u00d3N Y OFERTA.<\/strong><\/div>\n<div><\/div>\n<div>El INSTITUTO NACIONAL DE CAPACITACI\u00d3N Y EDUCACI\u00d3N SOCIALISTA (INCES) , de conformidad con lo establecido en los art\u00edculos 79 y 80 de la Ley de Contrataciones P\u00fablicas, hace del conocimiento p\u00fablico a las Empresas Alternativas, Asociaciones, Cooperativas y Empresas especializadas en el ramo, inscritas en el<\/div>\n<div>Registro Nacional de Contratistas, la invitaci\u00f3n a participar en el CONCURSO ABIERTO N\u00ba CPCPINCES- 2019-CA-02 , procedimiento que se realizar\u00e1 de acuerdo con lo dispuesto en el art\u00edculo 78 numeral 1 de la referida Ley, bajo la modalidad de acto \u00fanico de recepci\u00f3n y apertura de sobres contentivos de manifestaci\u00f3n de voluntad de participar, documentos de calificaci\u00f3n y oferta, tal como se establece a continuaci\u00f3n:<\/div>\n<\/div>\n<\/div>\n<div><\/div>\n<div><\/div>\n<div class=\"textLayer\">\n<div>\n<div><strong>DISPONIBILIDAD DEL PLIEGO DE CONDICIONES<\/strong><\/div>\n<div>El Pliego de condici\u00f3n estar\u00e1 a disposici\u00f3n de los interesados a partir de:<\/div>\n<div>FECHA: Desde el d\u00eda 23-05-2019 hasta el d\u00eda 31 -05-2019.<\/div>\n<div>El mismo deber\u00e1 ser retirado en la oficina de INSTITUTO NACIONAL DE CAPACITACI\u00d3N Y EDUCACI\u00d3N SOCIALISTA (INCES) , ubicada en la<\/div>\n<div>Av. Nueva Gradada, Edf. INCES, piso 11 Comisi\u00f3n Permanente de Contrataciones,Caracas\u00a0 . En el horario comprendido desde las 9:00 AM a 12:00 AM.<\/div>\n<div><\/div>\n<div><strong>Requisitos para retirar el pliego de condiciones:<\/strong><\/div>\n<div>Carta de Autorizaci\u00f3n, Registro de datos de la empresa como: RIF, direcci\u00f3n, tel\u00e9fono,<\/div>\n<div>correo electr\u00f3nico, persona contacto y c\u00e9dula de identidad del representante legal y\/o de la persona autorizada.<\/div>\n<\/div>\n<\/div>\n<div><\/div>\n<div>\n<div><strong>PER\u00cdODO DE ACLARATORIAS:<\/strong><\/div>\n<div><strong>FECHA DE RECEPCI\u00d3N:<\/strong> DEL 23 -05-2019 AL 27-05-2019.<\/div>\n<div><strong>FECHA DE RESPUESTA:<\/strong> HASTA EL 28 -05-2019<\/div>\n<div>HORA: 10:00am<\/div>\n<\/div>\n<div><\/div>\n<div>\n<div><strong>ACTO \u00daNICO<\/strong><\/div>\n<div>Acto \u00danico de Recepci\u00f3n y Acto de Apertura de sobres contentivos de: manifestaci\u00f3n de voluntad de participar,<\/div>\n<div>documentos de calificaci\u00f3n y oferta.<\/div>\n<div>FECHA:\u00a0 03-06-2019<\/div>\n<div>HORA:\u00a0 10:00am<\/div>\n<\/div>\n<div><\/div>\n<div>\n<div>NOTA: Una vez terminado el acto de recepci\u00f3n, inmediatamente se llevar\u00e1 a cabo la apertura de los sobres contentivos de: manifestaci\u00f3n de voluntad de participar documentos de calificaci\u00f3n y ofertas.<\/div>\n<div><strong>En ning\u00fan caso se recibir\u00e1n sobres una vez concluido el acto de recepci\u00f3n.<\/strong><\/div>\n<\/div>\n<div><\/div>\n<div>\n<div>LUGAR DEL ACTO:<\/div>\n<div>Av. Nueva Gradada, Edf. INCES, piso 11, Sal\u00f3n Santa In\u00e9s, Caracas. Dtto. Capital.<\/div>\n<div><\/div>\n<\/div>\n<div>\n<div>Esta modalidad se efectuar\u00e1 conforme con lo establecido en la Ley de Contrataciones P\u00fablicas, publicada en\u00a0 la Gaceta Oficial 6.154\u00a0 Extraordinario de la Rep\u00fablica Bolivariana de Venezuela de fecha 19 de noviembre de 2014, su Reglamento; y dem\u00e1s leyes que rigen la materia.<\/div>\n<div><\/div>\n<div><strong>INSTITUTO NACIONAL DE CAPACITACI\u00d3N Y EDUCACI\u00d3N SOCIALISTA (INCES)<\/strong> , se reserva el derecho de modificar los plazos propuestos, suspender, declarar desierto, o dar por terminado el concurso cuando lo estime conveniente, cumpliendo con los extremos de la normativa vigente, as\u00ed como rechazar la documentaci\u00f3n que no est\u00e9 conforme con los requisitos exigidos en el pliego de condiciones, sin que por ello resulte procedente reclamaci\u00f3n alguna.<\/div>\n<div><\/div>\n<div><strong>INSTITUTO NACIONAL DE CAPACITACI\u00d3N Y EDUCACI\u00d3N SOCIALISTA (INCES) <\/strong> de igual forma podr\u00e1 retener total o parcialmente la informaci\u00f3n suministrada por cualquiera de las empresas.<\/div>\n<div><\/div>\n<div style=\"text-align: center;\">COMISI\u00d3N PERMANENTE DE CONTRATACIONES<\/div>\n<\/div>\n","protected":false},"excerpt":{"rendered":"<p>CONCURSO ABIERTO N\u00ba CPCPINCES-2019-CA-02 \u201cADQUISICI\u00d3N DE JUEGOS DE CUBIERTOS DE MESA, CON ESTUCHE, PARA\u00a0 LOS TRABAJADORES Y TRABAJADORAS DEL INCES SEDE \u201d ACTO \u00daNICO DE RECEPCI\u00d3N Y APERTURA DE SOBRES CONTENTIVOS DE MANIFESTACI\u00d3N DE VOLUNTAD DE PARTICIPAR, DOCUMENTOS DE\u00a0 CALIFICACI\u00d3N Y OFERTA. El INSTITUTO NACIONAL DE CAPACITACI\u00d3N Y EDUCACI\u00d3N SOCIALISTA (INCES) , de conformidad con [&hellip;]<\/p>\n","protected":false},"author":1,"featured_media":0,"parent":0,"menu_order":0,"comment_status":"closed","ping_status":"closed","template":"","meta":{"footnotes":""},"class_list":["post-28394","page","type-page","status-publish","hentry"],"_links":{"self":[{"href":"https:\/\/inces.gob.ve\/index.php\/wp-json\/wp\/v2\/pages\/28394","targetHints":{"allow":["GET"]}}],"collection":[{"href":"https:\/\/inces.gob.ve\/index.php\/wp-json\/wp\/v2\/pages"}],"about":[{"href":"https:\/\/inces.gob.ve\/index.php\/wp-json\/wp\/v2\/types\/page"}],"author":[{"embeddable":true,"href":"https:\/\/inces.gob.ve\/index.php\/wp-json\/wp\/v2\/users\/1"}],"replies":[{"embeddable":true,"href":"https:\/\/inces.gob.ve\/index.php\/wp-json\/wp\/v2\/comments?post=28394"}],"version-history":[{"count":24,"href":"https:\/\/inces.gob.ve\/index.php\/wp-json\/wp\/v2\/pages\/28394\/revisions"}],"predecessor-version":[{"id":28443,"href":"https:\/\/inces.gob.ve\/index.php\/wp-json\/wp\/v2\/pages\/28394\/revisions\/28443"}],"wp:attachment":[{"href":"https:\/\/inces.gob.ve\/index.php\/wp-json\/wp\/v2\/media?parent=28394"}],"curies":[{"name":"wp","href":"https:\/\/api.w.org\/{rel}","templated":true}]}}