{"id":40199,"date":"2021-10-05T20:49:54","date_gmt":"2021-10-06T00:49:54","guid":{"rendered":"https:\/\/inces.gob.ve\/?page_id=40199"},"modified":"2021-10-05T20:49:54","modified_gmt":"2021-10-06T00:49:54","slug":"servicios-al-aportante","status":"publish","type":"page","link":"https:\/\/inces.gob.ve\/index.php\/servicios-al-aportante\/","title":{"rendered":"Registro RNCP"},"content":{"rendered":"<p>[vc_row][vc_column][vc_single_image image=\u00bb18338&#8243; img_size=\u00bbfull\u00bb][\/vc_column][\/vc_row][vc_row][vc_column width=\u00bb1\/4&#8243;][vc_tta_accordion shape=\u00bbsquare\u00bb color=\u00bbturquoise\u00bb spacing=\u00bb1&#8243; gap=\u00bb1&#8243; c_icon=\u00bbtriangle\u00bb active_section=\u00bb1&#8243; collapsible_all=\u00bbtrue\u00bb][vc_tta_section title=\u00bbServicios Tributarios\u00bb tab_id=\u00bb1508166531209-6473cc4b-d368&#8243;][vc_custom_heading text=\u00bbRegistro Inces RNCP\u00bb font_container=\u00bbtag:h4|text_align:left\u00bb google_fonts=\u00bbfont_family:Abel%3Aregular|font_style:400%20regular%3A400%3Anormal\u00bb link=\u00bburl:http%3A%2F%2Frncp.inces.gob.ve%2Frncp%2F%23%2FLoginex||target:%20_blank|\u00bb][vc_custom_heading text=\u00bbDeclaraci\u00f3n y Reporte de Pago\u00bb font_container=\u00bbtag:h4|text_align:left\u00bb google_fonts=\u00bbfont_family:Abel%3Aregular|font_style:400%20regular%3A400%3Anormal\u00bb link=\u00bburl:http%3A%2F%2Fwww.inces.gob.ve%2Findex.php%2Fdeclaracion-y-reporte-de-pago%2F||target:%20_blank|\u00bb][vc_custom_heading text=\u00bbIntereses Moratorios\u00bb font_container=\u00bbtag:h4|text_align:left\u00bb google_fonts=\u00bbfont_family:Abel%3Aregular|font_style:400%20regular%3A400%3Anormal\u00bb link=\u00bburl:http%3A%2F%2Fwww.inces.gob.ve%2Findex.php%2Fintereses-moratorios%2F||target:%20_blank|\u00bb][vc_custom_heading text=\u00bbCertificado de Solvencia Electr\u00f3nica\u00bb font_container=\u00bbtag:h4|text_align:left\u00bb google_fonts=\u00bbfont_family:Abel%3Aregular|font_style:400%20regular%3A400%3Anormal\u00bb link=\u00bburl:http%3A%2F%2Fwww.inces.gob.ve%2Findex.php%2Fsolvencia-electronica%2F||target:%20_blank|\u00bb][vc_custom_heading text=\u00bbAtenci\u00f3n al Contribuyente\u00bb font_container=\u00bbtag:h4|text_align:left\u00bb google_fonts=\u00bbfont_family:Abel%3Aregular|font_style:400%20regular%3A400%3Anormal\u00bb link=\u00bburl:http%3A%2F%2Fwww.inces.gob.ve%2Findex.php%2Fatencion-al-contribuyente%2F||target:%20_blank|\u00bb][vc_custom_heading text=\u00bbBases Legales\u00bb font_container=\u00bbtag:h4|text_align:left\u00bb google_fonts=\u00bbfont_family:Abel%3Aregular|font_style:400%20regular%3A400%3Anormal\u00bb link=\u00bburl:http%3A%2F%2Fwww.inces.gob.ve%2Findex.php%2Fbases-legales%2F||target:%20_blank|\u00bb][\/vc_tta_section][vc_tta_section title=\u00bbObligaci\u00f3n Civil\u00bb tab_id=\u00bb1523458040739-2acb7b36-cf81&#8243;][vc_custom_heading text=\u00bbP N A\u00bb font_container=\u00bbtag:h4|text_align:left\u00bb google_fonts=\u00bbfont_family:Abel%3Aregular|font_style:400%20regular%3A400%3Anormal\u00bb link=\u00bburl:http%3A%2F%2Fwww.inces.gob.ve%2Findex.php%2Fpna-entidades-de-trabajo%2F||target:%20_blank|\u00bb][vc_custom_heading text=\u00bbFormaci\u00f3n Delegada\u00bb font_container=\u00bbtag:h4|text_align:left\u00bb google_fonts=\u00bbfont_family:Abel%3Aregular|font_style:400%20regular%3A400%3Anormal\u00bb link=\u00bburl:http%3A%2F%2Fwww.inces.gob.ve%2Findex.php%2Fformacion-delegada-tributos%2F||target:%20_blank|\u00bb][vc_custom_heading text=\u00bbAdiestramiento en Entidad de Trabajo\u00bb font_container=\u00bbtag:h4|text_align:left\u00bb google_fonts=\u00bbfont_family:Abel%3Aregular|font_style:400%20regular%3A400%3Anormal\u00bb link=\u00bburl:http%3A%2F%2Fwww.inces.gob.ve%2Findex.php%2Fadiestramiento-en-empresas-tributos%2F||target:%20_blank|\u00bb][\/vc_tta_section][\/vc_tta_accordion][\/vc_column][vc_column width=\u00bb3\/4&#8243;][vc_custom_heading text=\u00bbRegistro Nacional de Contribuciones Parafiscales Inces\u00bb font_container=\u00bbtag:h3|text_align:left|color:%23006d80&#8243; use_theme_fonts=\u00bbyes\u00bb][vc_column_text]En Art. 51 del Decreto con Rango, Valor y Fuerza de Ley del Inces, establece que el Instituto Nacional de Capacitaci\u00f3n y Educaci\u00f3n Socialista Inces organizar\u00e1, mantendra, un Registro Nacional de las Entidades de Trabajo sujetas a las contribuciones parafiscales&#8230;por lo que las entidades de trabajo deber\u00e1n inscribirse en este registro, dentro de los cuarenta y cinco (45) d\u00edas h\u00e1biles siguiente a su constituci\u00f3n y suministrar la informaci\u00f3n requerida a la Administraci\u00f3n tributaria del Inces.<br \/>\nDebe mantenerse en lugar visible del establecimiento.[\/vc_column_text][vc_toggle title=\u00bbPlanilla de recepci\u00f3n de documento para inscripci\u00f3n de Entidades de Trabajo\u00bb style=\u00bbround\u00bb color=\u00bbturquoise\u00bb]<a href=\"http:\/\/www.inces.gob.ve\/wp-content\/uploads\/2017\/10\/Planilla_paranscripcion_de_et.ods.zip\">Descargar<\/a>[\/vc_toggle][vc_toggle title=\u00bbSolicitud de Inscripci\u00f3n de Entidades de Trabajo\u00bb style=\u00bbround\u00bb color=\u00bbturquoise\u00bb]<a href=\"http:\/\/www.inces.gob.ve\/index.php\/inscripcion-de-empresas\/\">Inscripci\u00f3n de Entidades de Trabajo<\/a>[\/vc_toggle][\/vc_column][\/vc_row][vc_row][vc_column css=\u00bb.vc_custom_1512496150428{margin-left: 10px !important;}\u00bb][vc_single_image image=\u00bb10630&#8243; img_size=\u00bbfull\u00bb alignment=\u00bbcenter\u00bb][\/vc_column][\/vc_row]<\/p>\n","protected":false},"excerpt":{"rendered":"<p>[vc_row][vc_column][vc_single_image image=\u00bb18338&#8243; img_size=\u00bbfull\u00bb][\/vc_column][\/vc_row][vc_row][vc_column width=\u00bb1\/4&#8243;][vc_tta_accordion shape=\u00bbsquare\u00bb color=\u00bbturquoise\u00bb spacing=\u00bb1&#8243; gap=\u00bb1&#8243; c_icon=\u00bbtriangle\u00bb active_section=\u00bb1&#8243; collapsible_all=\u00bbtrue\u00bb][vc_tta_section title=\u00bbServicios Tributarios\u00bb tab_id=\u00bb1508166531209-6473cc4b-d368&#8243;][vc_custom_heading text=\u00bbRegistro Inces RNCP\u00bb font_container=\u00bbtag:h4|text_align:left\u00bb google_fonts=\u00bbfont_family:Abel%3Aregular|font_style:400%20regular%3A400%3Anormal\u00bb link=\u00bburl:http%3A%2F%2Frncp.inces.gob.ve%2Frncp%2F%23%2FLoginex||target:%20_blank|\u00bb][vc_custom_heading text=\u00bbDeclaraci\u00f3n y Reporte de Pago\u00bb font_container=\u00bbtag:h4|text_align:left\u00bb google_fonts=\u00bbfont_family:Abel%3Aregular|font_style:400%20regular%3A400%3Anormal\u00bb link=\u00bburl:http%3A%2F%2Fwww.inces.gob.ve%2Findex.php%2Fdeclaracion-y-reporte-de-pago%2F||target:%20_blank|\u00bb][vc_custom_heading text=\u00bbIntereses Moratorios\u00bb font_container=\u00bbtag:h4|text_align:left\u00bb google_fonts=\u00bbfont_family:Abel%3Aregular|font_style:400%20regular%3A400%3Anormal\u00bb link=\u00bburl:http%3A%2F%2Fwww.inces.gob.ve%2Findex.php%2Fintereses-moratorios%2F||target:%20_blank|\u00bb][vc_custom_heading text=\u00bbCertificado de Solvencia Electr\u00f3nica\u00bb font_container=\u00bbtag:h4|text_align:left\u00bb google_fonts=\u00bbfont_family:Abel%3Aregular|font_style:400%20regular%3A400%3Anormal\u00bb link=\u00bburl:http%3A%2F%2Fwww.inces.gob.ve%2Findex.php%2Fsolvencia-electronica%2F||target:%20_blank|\u00bb][vc_custom_heading text=\u00bbAtenci\u00f3n al Contribuyente\u00bb font_container=\u00bbtag:h4|text_align:left\u00bb google_fonts=\u00bbfont_family:Abel%3Aregular|font_style:400%20regular%3A400%3Anormal\u00bb link=\u00bburl:http%3A%2F%2Fwww.inces.gob.ve%2Findex.php%2Fatencion-al-contribuyente%2F||target:%20_blank|\u00bb][vc_custom_heading text=\u00bbBases Legales\u00bb font_container=\u00bbtag:h4|text_align:left\u00bb google_fonts=\u00bbfont_family:Abel%3Aregular|font_style:400%20regular%3A400%3Anormal\u00bb link=\u00bburl:http%3A%2F%2Fwww.inces.gob.ve%2Findex.php%2Fbases-legales%2F||target:%20_blank|\u00bb][\/vc_tta_section][vc_tta_section title=\u00bbObligaci\u00f3n Civil\u00bb tab_id=\u00bb1523458040739-2acb7b36-cf81&#8243;][vc_custom_heading text=\u00bbP [&hellip;]<\/p>\n","protected":false},"author":11,"featured_media":0,"parent":0,"menu_order":0,"comment_status":"closed","ping_status":"closed","template":"","meta":{"footnotes":""},"class_list":["post-40199","page","type-page","status-publish","hentry"],"_links":{"self":[{"href":"https:\/\/inces.gob.ve\/index.php\/wp-json\/wp\/v2\/pages\/40199","targetHints":{"allow":["GET"]}}],"collection":[{"href":"https:\/\/inces.gob.ve\/index.php\/wp-json\/wp\/v2\/pages"}],"about":[{"href":"https:\/\/inces.gob.ve\/index.php\/wp-json\/wp\/v2\/types\/page"}],"author":[{"embeddable":true,"href":"https:\/\/inces.gob.ve\/index.php\/wp-json\/wp\/v2\/users\/11"}],"replies":[{"embeddable":true,"href":"https:\/\/inces.gob.ve\/index.php\/wp-json\/wp\/v2\/comments?post=40199"}],"version-history":[{"count":1,"href":"https:\/\/inces.gob.ve\/index.php\/wp-json\/wp\/v2\/pages\/40199\/revisions"}],"predecessor-version":[{"id":40200,"href":"https:\/\/inces.gob.ve\/index.php\/wp-json\/wp\/v2\/pages\/40199\/revisions\/40200"}],"wp:attachment":[{"href":"https:\/\/inces.gob.ve\/index.php\/wp-json\/wp\/v2\/media?parent=40199"}],"curies":[{"name":"wp","href":"https:\/\/api.w.org\/{rel}","templated":true}]}}