{"id":43507,"date":"2022-07-12T13:25:21","date_gmt":"2022-07-12T17:25:21","guid":{"rendered":"https:\/\/inces.gob.ve\/?page_id=43507"},"modified":"2022-07-12T13:26:27","modified_gmt":"2022-07-12T17:26:27","slug":"emprendedores-de-distrito-capital-reciben-certificacion-inces","status":"publish","type":"page","link":"https:\/\/inces.gob.ve\/index.php\/emprendedores-de-distrito-capital-reciben-certificacion-inces\/","title":{"rendered":"Emprendedores de Distrito Capital reciben certificaci\u00f3n Inces"},"content":{"rendered":"<p align=\"justify\"><span style=\"font-family: Georgia, serif;\"><span style=\"font-size: large;\"><i><b>*<span style=\"font-size: 14pt;\">*Unos sesenta emprendedores caraque\u00f1os recibieron el diploma de certificaci\u00f3n en distintos oficios y saberes<\/span><\/b><\/i><\/span><\/span><span style=\"font-size: 14pt;\"><!--more--><\/span><\/p>\n<p align=\"justify\"><span style=\"font-family: Georgia, serif; font-size: 14pt;\">Un importante grupo de emprendedores provenientes de las distintas parroquias caraque\u00f1as fueron certificados por el Inces en un acto desarrollado en el auditorio de la alcald\u00eda de Caracas del edificio Humboldt, como parte de una pol\u00edtica de apoyo institucional a este sector de la econom\u00eda social y popular.\u00a0\u00a0\u00a0 <\/span><\/p>\n<p align=\"justify\"><span style=\"font-family: Georgia, serif; font-size: 14pt;\">En esta actividad organizada por la Corporaci\u00f3n de Desarrollo de la alcald\u00eda de Caracas estuvo el gerente general de Formaci\u00f3n Profesional Hern\u00e1n Garboza y la Gerente Regional Inces Distrito Capital, Tania D\u00edaz; asimismo, estuvo presente la diputada Griselda Oliveros en calidad de enlace entre la municipalidad y los emprendedores a fin de ofrecer apoyo a los que se inician en este trabajo.<img loading=\"lazy\" decoding=\"async\" class=\"aligncenter wp-image-43509 size-full\" src=\"https:\/\/inces.gob.ve\/wp-content\/uploads\/2022\/07\/diploma-de-certificacion-en-distintos-oficios3--e1657646617917.jpg\" alt=\"\" width=\"800\" height=\"600\" \/><\/span><\/p>\n<p align=\"justify\"><span style=\"font-family: Georgia, serif; font-size: 14pt;\">Entre la alcald\u00eda de Caracas y el Inces hay una pol\u00edtica de articulaci\u00f3n que se desprende de una orientaci\u00f3n del Gobierno Bolivariano para brindar oportuna atenci\u00f3n a este importante segmento de venezolanos dedicados a distintas actividades productivas y econ\u00f3micas, entre ellas, zapater\u00eda,\u00a0 confecci\u00f3n de ropa, panader\u00eda, pasteler\u00eda, chocolater\u00eda, servicios tur\u00edsticos, producci\u00f3n de alimentos, recreaci\u00f3n, mec\u00e1nica, tecnolog\u00eda, entre otros.<\/span><\/p>\n<p align=\"justify\"><span style=\"font-family: Georgia, serif; font-size: 14pt;\">Esta atenci\u00f3n institucional est\u00e1 encauzada, en primer lugar, a censar a cada emprendedor a prop\u00f3sito de orientar una efectiva pol\u00edtica para que estos se organicen a objeto de que exista intercambio entre los distintos servicios o productos elaborados por esta importante actividad de econom\u00eda popular y social.<img loading=\"lazy\" decoding=\"async\" class=\"aligncenter wp-image-43508 size-full\" src=\"https:\/\/inces.gob.ve\/wp-content\/uploads\/2022\/07\/diploma-de-certificacion-en-distintos-oficios1--e1657646666382.jpg\" alt=\"\" width=\"800\" height=\"600\" \/><\/span><\/p>\n<p align=\"justify\"><span style=\"font-family: Georgia, serif; font-size: 14pt;\">Hern\u00e1n Garboza destac\u00f3 la importancia de la econom\u00eda social como una acertada pol\u00edtica promovida por el Gobierno Bolivariano porque dinamiza la econom\u00eda y es una forma de salir de la dependencia.\u00a0 <\/span><\/p>\n<p align=\"justify\"><span style=\"font-family: Georgia, serif; font-size: 14pt;\">El gerente valor\u00f3 que el Inces se propone dar validez y formalizar la actividad de estos emprendedores para que puedan acceder a los diferentes cr\u00e9ditos que la banca venezolana est\u00e1 obligada a dar para apoyar a esta nueva forma de la econom\u00eda.\u00a0 <\/span><\/p>\n<p align=\"justify\"><span style=\"font-size: 14pt;\">\u201c<span style=\"font-family: Georgia, serif;\">Por ello le proponemos a los emprendedores la posibilidad de continuar con el Inces a trav\u00e9s de cursos, no solo para profundizar los conocimientos t\u00e9cnicos del oficio que dominan, sino para que nos acompa\u00f1en como maestros y maestras en calidad de voluntarios en todos los procesos formativos\u201d, expres\u00f3 Garboza.<\/span><\/span><\/p>\n","protected":false},"excerpt":{"rendered":"<p>**Unos sesenta emprendedores caraque\u00f1os recibieron el diploma de certificaci\u00f3n en distintos oficios y saberes<\/p>\n","protected":false},"author":15,"featured_media":43510,"parent":0,"menu_order":0,"comment_status":"closed","ping_status":"closed","template":"","meta":{"footnotes":""},"class_list":["post-43507","page","type-page","status-publish","has-post-thumbnail","hentry"],"_links":{"self":[{"href":"https:\/\/inces.gob.ve\/index.php\/wp-json\/wp\/v2\/pages\/43507","targetHints":{"allow":["GET"]}}],"collection":[{"href":"https:\/\/inces.gob.ve\/index.php\/wp-json\/wp\/v2\/pages"}],"about":[{"href":"https:\/\/inces.gob.ve\/index.php\/wp-json\/wp\/v2\/types\/page"}],"author":[{"embeddable":true,"href":"https:\/\/inces.gob.ve\/index.php\/wp-json\/wp\/v2\/users\/15"}],"replies":[{"embeddable":true,"href":"https:\/\/inces.gob.ve\/index.php\/wp-json\/wp\/v2\/comments?post=43507"}],"version-history":[{"count":2,"href":"https:\/\/inces.gob.ve\/index.php\/wp-json\/wp\/v2\/pages\/43507\/revisions"}],"predecessor-version":[{"id":43512,"href":"https:\/\/inces.gob.ve\/index.php\/wp-json\/wp\/v2\/pages\/43507\/revisions\/43512"}],"wp:featuredmedia":[{"embeddable":true,"href":"https:\/\/inces.gob.ve\/index.php\/wp-json\/wp\/v2\/media\/43510"}],"wp:attachment":[{"href":"https:\/\/inces.gob.ve\/index.php\/wp-json\/wp\/v2\/media?parent=43507"}],"curies":[{"name":"wp","href":"https:\/\/api.w.org\/{rel}","templated":true}]}}