{"id":492,"date":"2017-10-10T13:52:05","date_gmt":"2017-10-10T19:52:05","guid":{"rendered":"http:\/\/10.0.0.41\/nuevo_portal_3\/?page_id=492"},"modified":"2025-12-02T17:03:55","modified_gmt":"2025-12-02T21:03:55","slug":"leyes","status":"publish","type":"page","link":"https:\/\/inces.gob.ve\/index.php\/leyes\/","title":{"rendered":"Leyes y Libros"},"content":{"rendered":"<div id=\"pl-492\"  class=\"panel-layout\" ><div id=\"pg-492-0\"  class=\"panel-grid panel-no-style\" ><div id=\"pgc-492-0-0\"  class=\"panel-grid-cell panel-grid-cell-empty\" ><\/div><\/div><div id=\"pg-492-1\"  class=\"panel-grid panel-no-style\" ><div id=\"pgc-492-1-0\"  class=\"panel-grid-cell\" ><div id=\"panel-492-1-0-0\" class=\"so-panel widget widget_widget_sp_image widget_sp_image panel-first-child\" data-index=\"0\" ><h3 class=\"widget-title\">Pistas para la creaci\u00f3n del Sistema de Formaci\u00f3n T\u00e9cnica y Profesional en Venezuela. Tomo I<\/h3><a href=\"https:\/\/inces.gob.ve\/wp-content\/uploads\/2025\/12\/Volumen-UNO-definitivo_compressed.pdf\" target=\"_blank\" class=\"widget_sp_image-image-link\" title=\"Pistas para la creaci\u00f3n del Sistema de Formaci\u00f3n T\u00e9cnica y Profesional en Venezuela. Tomo I\"><img loading=\"lazy\" decoding=\"async\" width=\"200\" height=\"291\" alt=\"Pistas para la creaci\u00f3n del Sistema de Formaci\u00f3n T\u00e9cnica y Profesional en Venezuela. Tomo I\" class=\"attachment-full aligncenter\" style=\"max-width: 100%;\" src=\"https:\/\/inces.gob.ve\/wp-content\/uploads\/2025\/12\/Captura-de-pantalla-2025-12-02-110553-1.png\" \/><\/a><\/div><div id=\"panel-492-1-0-1\" class=\"so-panel widget widget_widget_sp_image widget_sp_image\" data-index=\"1\" ><h3 class=\"widget-title\">Pistas para la creaci\u00f3n del Sistema de Formaci\u00f3n T\u00e9cnica y Profesional en Venezuela. Tomo 3<\/h3><a href=\"https:\/\/inces.gob.ve\/wp-content\/uploads\/2025\/12\/Volumen-TRES-definitivo_compressed-2-1.pdf\" target=\"_blank\" class=\"widget_sp_image-image-link\" title=\"Pistas para la creaci\u00f3n del Sistema de Formaci\u00f3n T\u00e9cnica y Profesional en Venezuela. Tomo 3\"><img loading=\"lazy\" decoding=\"async\" width=\"200\" height=\"288\" alt=\"Pistas para la creaci\u00f3n del Sistema de Formaci\u00f3n T\u00e9cnica y Profesional en Venezuela. Tomo 3\" class=\"attachment-full aligncenter\" style=\"max-width: 100%;\" src=\"https:\/\/inces.gob.ve\/wp-content\/uploads\/2025\/12\/Captura-de-pantalla-2025-12-02-112350.png\" \/><\/a><\/div><div id=\"panel-492-1-0-2\" class=\"so-panel widget widget_widget_sp_image widget_sp_image\" data-index=\"2\" ><h3 class=\"widget-title\">Pistas para la creaci\u00f3n del Sistema de Formaci\u00f3n T\u00e9cnica y Profesional en Venezuela. Tomo 5<\/h3><a href=\"https:\/\/inces.gob.ve\/wp-content\/uploads\/2025\/12\/Volumen-CINCO-definitivo-1_compressed.pdf\" target=\"_blank\" class=\"widget_sp_image-image-link\" title=\"Pistas para la creaci\u00f3n del Sistema de Formaci\u00f3n T\u00e9cnica y Profesional en Venezuela. Tomo 5\"><img loading=\"lazy\" decoding=\"async\" width=\"200\" height=\"289\" alt=\"Pistas para la creaci\u00f3n del Sistema de Formaci\u00f3n T\u00e9cnica y Profesional en Venezuela. Tomo 5\" class=\"attachment-full aligncenter\" style=\"max-width: 100%;\" src=\"https:\/\/inces.gob.ve\/wp-content\/uploads\/2025\/12\/Captura-de-pantalla-2025-12-02-165609.jpg\" \/><\/a><\/div><div id=\"panel-492-1-0-3\" class=\"so-panel widget widget_widget_sp_image widget_sp_image\" data-index=\"3\" ><h3 class=\"widget-title\">Normas T\u00e9cnicas del Inces<\/h3><a href=\"https:\/\/inces.gob.ve\/wp-content\/uploads\/2024\/10\/NORMAS-TECNICAS-DEL-INCES-CORREGIDA-CON-ESTILO-APA.pdf\" target=\"_blank\" class=\"widget_sp_image-image-link\" title=\"Normas T\u00e9cnicas del Inces\"><img loading=\"lazy\" decoding=\"async\" width=\"1280\" height=\"720\" alt=\"Normas T\u00e9cnicas del Inces\" class=\"attachment-full aligncenter\" style=\"max-width: 100%;\" srcset=\"https:\/\/inces.gob.ve\/wp-content\/uploads\/2024\/10\/noemas.jpg 1280w, https:\/\/inces.gob.ve\/wp-content\/uploads\/2024\/10\/noemas-300x169.jpg 300w, https:\/\/inces.gob.ve\/wp-content\/uploads\/2024\/10\/noemas-1024x576.jpg 1024w, https:\/\/inces.gob.ve\/wp-content\/uploads\/2024\/10\/noemas-768x432.jpg 768w\" sizes=\"auto, (max-width: 1280px) 100vw, 1280px\" src=\"https:\/\/inces.gob.ve\/wp-content\/uploads\/2024\/10\/noemas.jpg\" \/><\/a><\/div><div id=\"panel-492-1-0-4\" class=\"so-panel widget widget_widget_sp_image widget_sp_image\" data-index=\"4\" ><h3 class=\"widget-title\">Am\u00e9rika Latina y Karibe. Brics+: la ruta del multilateralismo y el bloque multipolar<\/h3><a href=\"https:\/\/inces.gob.ve\/wp-content\/uploads\/2024\/10\/REVISTA-ALK-N.-19-OCTUBRE-DICIEMBRE-3.pdf\" target=\"_blank\" class=\"widget_sp_image-image-link\" title=\"Am\u00e9rika Latina y Karibe. Brics+: la ruta del multilateralismo y el bloque multipolar\"><img loading=\"lazy\" decoding=\"async\" width=\"1241\" height=\"1754\" alt=\"Am\u00e9rika Latina y Karibe. Brics+: la ruta del multilateralismo y el bloque multipolar\" class=\"attachment-full aligncenter\" style=\"max-width: 100%;\" srcset=\"https:\/\/inces.gob.ve\/wp-content\/uploads\/2024\/10\/REVISTA-ALK-N.-19-OCTUBRE-DICIEMBRE-3_page-0001.jpg 1241w, https:\/\/inces.gob.ve\/wp-content\/uploads\/2024\/10\/REVISTA-ALK-N.-19-OCTUBRE-DICIEMBRE-3_page-0001-212x300.jpg 212w, https:\/\/inces.gob.ve\/wp-content\/uploads\/2024\/10\/REVISTA-ALK-N.-19-OCTUBRE-DICIEMBRE-3_page-0001-725x1024.jpg 725w, https:\/\/inces.gob.ve\/wp-content\/uploads\/2024\/10\/REVISTA-ALK-N.-19-OCTUBRE-DICIEMBRE-3_page-0001-768x1085.jpg 768w, https:\/\/inces.gob.ve\/wp-content\/uploads\/2024\/10\/REVISTA-ALK-N.-19-OCTUBRE-DICIEMBRE-3_page-0001-1087x1536.jpg 1087w\" sizes=\"auto, (max-width: 1241px) 100vw, 1241px\" src=\"https:\/\/inces.gob.ve\/wp-content\/uploads\/2024\/10\/REVISTA-ALK-N.-19-OCTUBRE-DICIEMBRE-3_page-0001.jpg\" \/><\/a><\/div><div id=\"panel-492-1-0-5\" class=\"so-panel widget widget_widget_sp_image widget_sp_image\" data-index=\"5\" ><h3 class=\"widget-title\">La Verdad Sobre El Esequibo<\/h3><a href=\"https:\/\/inces.gob.ve\/wp-content\/uploads\/2023\/11\/La_verdad_sobre_el_Esequibo.pdf\" target=\"_blank\" class=\"widget_sp_image-image-link\" title=\"La Verdad Sobre El Esequibo\"><img loading=\"lazy\" decoding=\"async\" width=\"160\" height=\"220\" alt=\"La Verdad Sobre El Esequibo\" class=\"attachment-full aligncenter\" style=\"max-width: 100%;\" src=\"https:\/\/inces.gob.ve\/wp-content\/uploads\/2023\/11\/el_esequibo_libro.jpg\" \/><\/a><\/div><div id=\"panel-492-1-0-6\" class=\"so-panel widget widget_widget_sp_image widget_sp_image\" data-index=\"6\" ><h3 class=\"widget-title\">Joven emp\u00ednate<\/h3><a href=\"https:\/\/inces.gob.ve\/wp-content\/uploads\/2022\/05\/Joven-empinate.pdf\" target=\"_blank\" class=\"widget_sp_image-image-link\" title=\"Joven emp\u00ednate\"><img loading=\"lazy\" decoding=\"async\" width=\"194\" height=\"259\" alt=\"Joven emp\u00ednate\" class=\"attachment-full aligncenter\" style=\"max-width: 100%;\" src=\"https:\/\/inces.gob.ve\/wp-content\/uploads\/2022\/05\/JE.jpg\" \/><\/a><\/div><div id=\"panel-492-1-0-7\" class=\"so-panel widget widget_widget_sp_image widget_sp_image\" data-index=\"7\" ><h3 class=\"widget-title\">El Estado Docente<\/h3><a href=\"https:\/\/inces.gob.ve\/wp-content\/uploads\/2020\/10\/El_Estado_docente.pdf\" target=\"_blank\" class=\"widget_sp_image-image-link\" title=\"El Estado Docente\"><img loading=\"lazy\" decoding=\"async\" width=\"200\" height=\"300\" alt=\"El Estado Docente\" class=\"attachment-full aligncenter\" style=\"max-width: 100%;\" src=\"https:\/\/inces.gob.ve\/wp-content\/uploads\/2020\/10\/El_Estado_docente.jpg\" \/><\/a><\/div><div id=\"panel-492-1-0-8\" class=\"so-panel widget widget_widget_sp_image widget_sp_image\" data-index=\"8\" ><h3 class=\"widget-title\">El Estado y la educaci\u00f3n en Am\u00e9rica Latina<\/h3><a href=\"https:\/\/inces.gob.ve\/wp-content\/uploads\/2020\/10\/Estado-y-Educacion-en-America-Latina.pdf\" target=\"_blank\" class=\"widget_sp_image-image-link\" title=\"El Estado y la educaci\u00f3n en Am\u00e9rica Latina\"><img loading=\"lazy\" decoding=\"async\" width=\"200\" height=\"300\" alt=\"El Estado y la educaci\u00f3n en Am\u00e9rica Latina\" class=\"attachment-full aligncenter\" style=\"max-width: 100%;\" src=\"https:\/\/inces.gob.ve\/wp-content\/uploads\/2020\/10\/El-Estado-y-la-Educacion-en-America-Latina_Portada.jpg\" \/><\/a><\/div><div id=\"panel-492-1-0-9\" class=\"so-panel widget widget_widget_sp_image widget_sp_image panel-last-child\" data-index=\"9\" ><h3 class=\"widget-title\">Psicolog\u00eda y canalizaci\u00f3n del instinto de lucha<\/h3><a href=\"https:\/\/inces.gob.ve\/wp-content\/uploads\/2020\/10\/Psicologia-y-Canalizacion-del-Instinto-de-Lucha_compressed.pdf\" target=\"_blank\" class=\"widget_sp_image-image-link\" title=\"Psicolog\u00eda y canalizaci\u00f3n del instinto de lucha\"><img loading=\"lazy\" decoding=\"async\" width=\"200\" height=\"123\" alt=\"Psicolog\u00eda y canalizaci\u00f3n del instinto de lucha\" class=\"attachment-full aligncenter\" style=\"max-width: 100%;\" src=\"https:\/\/inces.gob.ve\/wp-content\/uploads\/2020\/10\/Psicologia_y_Canalizacion_Portada.jpg\" \/><\/a><\/div><\/div><div id=\"pgc-492-1-1\"  class=\"panel-grid-cell\" ><div id=\"panel-492-1-1-0\" class=\"so-panel widget widget_widget_sp_image widget_sp_image panel-first-child\" data-index=\"10\" ><h3 class=\"widget-title\">Pistas para la creaci\u00f3n del Sistema de Formaci\u00f3n T\u00e9cnica y Profesional en Venezuela. Tomo 2<\/h3><a href=\"https:\/\/inces.gob.ve\/wp-content\/uploads\/2025\/12\/Volumen-DOS-definitivo_compressed-1.pdf\" target=\"_blank\" class=\"widget_sp_image-image-link\" title=\"Pistas para la creaci\u00f3n del Sistema de Formaci\u00f3n T\u00e9cnica y Profesional en Venezuela. Tomo 2\"><img loading=\"lazy\" decoding=\"async\" width=\"200\" height=\"289\" alt=\"Richard Arraiz\" class=\"attachment-full aligncenter\" style=\"max-width: 100%;\" src=\"https:\/\/inces.gob.ve\/wp-content\/uploads\/2025\/12\/Captura-de-pantalla-2025-12-02-111333.png\" \/><\/a><\/div><div id=\"panel-492-1-1-1\" class=\"so-panel widget widget_widget_sp_image widget_sp_image\" data-index=\"11\" ><h3 class=\"widget-title\">Pistas para la creaci\u00f3n del Sistema de Formaci\u00f3n T\u00e9cnica y Profesional  en Venezuela. Tomo 4<\/h3><a href=\"https:\/\/inces.gob.ve\/wp-content\/uploads\/2025\/12\/Volumen-CUATRO-definitivo-1_compressed.pdf\" target=\"_blank\" class=\"widget_sp_image-image-link\" title=\"Pistas para la creaci\u00f3n del Sistema de Formaci\u00f3n T\u00e9cnica y Profesional  en Venezuela. Tomo 4\"><img loading=\"lazy\" decoding=\"async\" width=\"200\" height=\"289\" alt=\"Pistas para la creaci\u00f3n del Sistema de Formaci\u00f3n T\u00e9cnica y Profesional  en Venezuela. Tomo 4\" class=\"attachment-full aligncenter\" style=\"max-width: 100%;\" src=\"https:\/\/inces.gob.ve\/wp-content\/uploads\/2025\/12\/Captura-de-pantalla-2025-12-02-165110.png\" \/><\/a><\/div><div id=\"panel-492-1-1-2\" class=\"so-panel widget widget_widget_sp_image widget_sp_image\" data-index=\"12\" ><h3 class=\"widget-title\">El magisterio americano de Bol\u00edvar<\/h3><a href=\"https:\/\/inces.gob.ve\/wp-content\/uploads\/2020\/10\/Magisterio_Americano-de-Bolivar.pdf\" target=\"_blank\" class=\"widget_sp_image-image-link\" title=\"El magisterio americano de Bol\u00edvar\"><img loading=\"lazy\" decoding=\"async\" width=\"200\" height=\"300\" alt=\"El magisterio americano de Bol\u00edvar\" class=\"attachment-full aligncenter\" style=\"max-width: 100%;\" src=\"https:\/\/inces.gob.ve\/wp-content\/uploads\/2020\/10\/Magisterio_Americano_de_Bolivar.jpg\" \/><\/a><\/div><div id=\"panel-492-1-1-3\" class=\"so-panel widget widget_widget_sp_image widget_sp_image\" data-index=\"13\" ><h3 class=\"widget-title\">La magia de los libros<\/h3><a href=\"https:\/\/inces.gob.ve\/wp-content\/uploads\/2020\/10\/La-Magia-de-los-Libros.pdf\" target=\"_blank\" class=\"widget_sp_image-image-link\" title=\"La magia de los libros\"><img loading=\"lazy\" decoding=\"async\" width=\"200\" height=\"297\" alt=\"La magia de los libros\" class=\"attachment-full aligncenter\" style=\"max-width: 100%;\" src=\"https:\/\/inces.gob.ve\/wp-content\/uploads\/2020\/10\/La-Magia-de-los-Libros_Portada.jpg\" \/><\/a><\/div><div id=\"panel-492-1-1-4\" class=\"so-panel widget widget_widget_sp_image widget_sp_image\" data-index=\"14\" ><h3 class=\"widget-title\">Unidad, Lucha, Batalla y Victoria<\/h3><a href=\"https:\/\/www.inces.gob.ve\/wp-content\/uploads\/2017\/10\/unidad_ubt.pdf\" target=\"_blank\" class=\"widget_sp_image-image-link\" title=\"Unidad, Lucha, Batalla y Victoria\"><img loading=\"lazy\" decoding=\"async\" width=\"147\" height=\"213\" alt=\"Unidad, Lucha, Batalla y Victoria\" class=\"attachment-full aligncenter\" style=\"max-width: 100%;\" src=\"https:\/\/inces.gob.ve\/wp-content\/uploads\/2017\/10\/unidad_ubt.png\" \/><\/a><\/div><div id=\"panel-492-1-1-5\" class=\"so-panel widget widget_widget_sp_image widget_sp_image\" data-index=\"15\" ><h3 class=\"widget-title\">Ley del Inces<\/h3><a href=\"https:\/\/www.inces.gob.ve\/wp-content\/uploads\/2018\/05\/Ley_Inces_webm.pdf\" target=\"_blank\" class=\"widget_sp_image-image-link\" title=\"Ley del Inces\"><img loading=\"lazy\" decoding=\"async\" width=\"147\" height=\"213\" alt=\"Ley del Inces\" class=\"attachment-full aligncenter\" style=\"max-width: 100%;\" src=\"https:\/\/inces.gob.ve\/wp-content\/uploads\/2017\/10\/ley_inces.png\" \/><\/a><\/div><div id=\"panel-492-1-1-6\" class=\"so-panel widget widget_widget_sp_image widget_sp_image panel-last-child\" data-index=\"16\" ><h3 class=\"widget-title\">Soy tu voz en el viento<\/h3><a href=\"https:\/\/inces.gob.ve\/wp-content\/uploads\/2022\/08\/soy_tu_voz_en_el_viento.pdf\" target=\"_blank\" class=\"widget_sp_image-image-link\" title=\"Soy tu voz en el viento\"><img loading=\"lazy\" decoding=\"async\" width=\"182\" height=\"277\" alt=\"Soy tu voz en el viento\" class=\"attachment-full aligncenter\" style=\"max-width: 100%;\" src=\"https:\/\/inces.gob.ve\/wp-content\/uploads\/2022\/08\/indice.jpeg\" \/><\/a><\/div><\/div><\/div><\/div>","protected":false},"excerpt":{"rendered":"<p>Pistas para la creaci\u00f3n del Sistema de Formaci\u00f3n T\u00e9cnica y Profesional en Venezuela. Tomo IPistas para la creaci\u00f3n del Sistema de Formaci\u00f3n T\u00e9cnica y Profesional en Venezuela. Tomo 3Pistas para la creaci\u00f3n del Sistema de Formaci\u00f3n T\u00e9cnica y Profesional en Venezuela. Tomo 5Normas T\u00e9cnicas del IncesAm\u00e9rika Latina y Karibe. Brics+: la ruta del multilateralismo y [&hellip;]<\/p>\n","protected":false},"author":1,"featured_media":0,"parent":0,"menu_order":0,"comment_status":"closed","ping_status":"closed","template":"","meta":{"footnotes":""},"class_list":["post-492","page","type-page","status-publish","hentry"],"_links":{"self":[{"href":"https:\/\/inces.gob.ve\/index.php\/wp-json\/wp\/v2\/pages\/492","targetHints":{"allow":["GET"]}}],"collection":[{"href":"https:\/\/inces.gob.ve\/index.php\/wp-json\/wp\/v2\/pages"}],"about":[{"href":"https:\/\/inces.gob.ve\/index.php\/wp-json\/wp\/v2\/types\/page"}],"author":[{"embeddable":true,"href":"https:\/\/inces.gob.ve\/index.php\/wp-json\/wp\/v2\/users\/1"}],"replies":[{"embeddable":true,"href":"https:\/\/inces.gob.ve\/index.php\/wp-json\/wp\/v2\/comments?post=492"}],"version-history":[{"count":98,"href":"https:\/\/inces.gob.ve\/index.php\/wp-json\/wp\/v2\/pages\/492\/revisions"}],"predecessor-version":[{"id":68969,"href":"https:\/\/inces.gob.ve\/index.php\/wp-json\/wp\/v2\/pages\/492\/revisions\/68969"}],"wp:attachment":[{"href":"https:\/\/inces.gob.ve\/index.php\/wp-json\/wp\/v2\/media?parent=492"}],"curies":[{"name":"wp","href":"https:\/\/api.w.org\/{rel}","templated":true}]}}