{"id":59863,"date":"2024-08-26T08:10:56","date_gmt":"2024-08-26T12:10:56","guid":{"rendered":"https:\/\/inces.gob.ve\/?page_id=59863"},"modified":"2024-09-10T08:14:04","modified_gmt":"2024-09-10T12:14:04","slug":"aragua-la-gran-familia-inces-se-dio-cita-para-el-evento-de-entrega-de-botones-en-reconocimiento-a-los-anos-de-servicio-de-cada-trabajador","status":"publish","type":"page","link":"https:\/\/inces.gob.ve\/index.php\/aragua-la-gran-familia-inces-se-dio-cita-para-el-evento-de-entrega-de-botones-en-reconocimiento-a-los-anos-de-servicio-de-cada-trabajador\/","title":{"rendered":"ARAGUA | La gran familia Inces se dio cita para el evento de entrega de botones en reconocimiento a los a\u00f1os de servicio de cada trabajador\u00a0"},"content":{"rendered":"<p dir=\"ltr\" style=\"text-align: justify;\"><em><strong><span style=\"font-family: helvetica, arial, sans-serif; font-size: 14pt;\">** La actividad se realiz\u00f3 en enlace nacional con Inces Sede para el disfrute los presentes quienes recibieron sus merecidos reconocimientos al esfuerzo en cada ambiente de trabajo<\/span><\/strong><\/em><!--more--><\/p>\n<p dir=\"ltr\" style=\"text-align: justify;\">\n<p dir=\"ltr\" style=\"text-align: justify;\">\n<p dir=\"ltr\" style=\"text-align: justify;\"><strong><span style=\"font-family: helvetica, arial, sans-serif; font-size: 14pt;\">NINOSKA PATRIZ<\/span><\/strong><\/p>\n<p dir=\"ltr\" style=\"text-align: justify;\"><span style=\"font-family: helvetica, arial, sans-serif; font-size: 14pt;\">Siguiendo los lineamientos de impulso al desarrollo de la naci\u00f3n, evocados por nuestro presidente Nicol\u00e1s Maduro y luego de las palabras de inicio realizadas por el presidente de la instituci\u00f3n Wuikelman Angel Paredes con un excelente acto de apertura con un audiovisual de personificaci\u00f3n del maestro Luis Beltr\u00e1n Prieto Figueroa, se procedi\u00f3 a la respectiva entrega de botones en reconocimiento por 5, 10, 15, 20, 25 y 30 a\u00f1os de servicio.<\/span><\/p>\n<p dir=\"ltr\">\n<p dir=\"ltr\" style=\"text-align: justify;\"><span style=\"font-family: helvetica, arial, sans-serif; font-size: 14pt;\">La entrega de los mismos fue realizada de la mano de la gerente regional Inces Aragua Yelitza Rodr\u00edguez, la jefa del Departamento de Talento Humano, Mar\u00eda Eugenia Rodr\u00edguez, la jefa de Administraci\u00f3n Johany Marrero, la jefa de la Divisi\u00f3n de Servicios y Mantenimiento Dulce Pulgar, la jefa de Divisi\u00f3n de Inform\u00e1tica Isbelia Marquina y el jefe del Sindicato Cintrainces, Rober Vargas.<\/span><\/p>\n<p dir=\"ltr\">\n<p dir=\"ltr\" style=\"text-align: justify;\"><span style=\"font-family: helvetica, arial, sans-serif; font-size: 14pt;\">En total recibieron estos reconocimientos 83 trabajadores, siendo especialmente aplaudida la Nayralith Estela Olivo Ram\u00edrez, quien recibi\u00f3 el reconocimiento por30 a\u00f1os. Todos homenajeados y sus acompa\u00f1antes, en ambiente festivo, celebraron con satisfacci\u00f3n, el tiempo a la constancia y eficiencia.<\/span><\/p>\n<p dir=\"ltr\">\n<p dir=\"ltr\" style=\"text-align: justify;\"><span style=\"font-family: helvetica, arial, sans-serif; font-size: 14pt;\">Al cierre de la actividad que cont\u00f3 con m\u00fasica en vivo.\u00a0 La gerente del Inces Aragua agradeci\u00f3 la presencia de los asistentes e invit\u00f3 a seguir innovando desde cada una de las trincheras posibles como reza el slogan de la instituci\u00f3n: T\u00e9cnica que inspira, esperanza que transforma.<\/span><\/p>\n","protected":false},"excerpt":{"rendered":"<p>** La actividad se realiz\u00f3 en enlace nacional con Inces Sede para el disfrute los presentes quienes recibieron sus merecidos reconocimientos al esfuerzo en cada ambiente de trabajo<\/p>\n","protected":false},"author":4,"featured_media":59864,"parent":0,"menu_order":0,"comment_status":"closed","ping_status":"closed","template":"","meta":{"footnotes":""},"class_list":["post-59863","page","type-page","status-publish","has-post-thumbnail","hentry"],"_links":{"self":[{"href":"https:\/\/inces.gob.ve\/index.php\/wp-json\/wp\/v2\/pages\/59863","targetHints":{"allow":["GET"]}}],"collection":[{"href":"https:\/\/inces.gob.ve\/index.php\/wp-json\/wp\/v2\/pages"}],"about":[{"href":"https:\/\/inces.gob.ve\/index.php\/wp-json\/wp\/v2\/types\/page"}],"author":[{"embeddable":true,"href":"https:\/\/inces.gob.ve\/index.php\/wp-json\/wp\/v2\/users\/4"}],"replies":[{"embeddable":true,"href":"https:\/\/inces.gob.ve\/index.php\/wp-json\/wp\/v2\/comments?post=59863"}],"version-history":[{"count":1,"href":"https:\/\/inces.gob.ve\/index.php\/wp-json\/wp\/v2\/pages\/59863\/revisions"}],"predecessor-version":[{"id":59865,"href":"https:\/\/inces.gob.ve\/index.php\/wp-json\/wp\/v2\/pages\/59863\/revisions\/59865"}],"wp:featuredmedia":[{"embeddable":true,"href":"https:\/\/inces.gob.ve\/index.php\/wp-json\/wp\/v2\/media\/59864"}],"wp:attachment":[{"href":"https:\/\/inces.gob.ve\/index.php\/wp-json\/wp\/v2\/media?parent=59863"}],"curies":[{"name":"wp","href":"https:\/\/api.w.org\/{rel}","templated":true}]}}