{"id":9043,"date":"2017-10-24T13:10:57","date_gmt":"2017-10-24T19:10:57","guid":{"rendered":"http:\/\/10.0.0.41\/nuevo_portal_3\/?page_id=9043"},"modified":"2020-05-28T20:20:01","modified_gmt":"2020-05-29T00:20:01","slug":"redi-guayana","status":"publish","type":"page","link":"https:\/\/inces.gob.ve\/index.php\/redi-guayana\/","title":{"rendered":"Redi Guayana"},"content":{"rendered":"<div id=\"pl-9043\"  class=\"panel-layout\" ><div id=\"pg-9043-0\"  class=\"panel-grid panel-no-style\" ><div id=\"pgc-9043-0-0\"  class=\"panel-grid-cell\" ><div id=\"panel-9043-0-0-0\" class=\"so-panel widget widget_widget_sp_image widget_sp_image panel-first-child panel-last-child\" data-index=\"0\" ><img loading=\"lazy\" decoding=\"async\" width=\"1170\" height=\"119\" class=\"attachment-full\" style=\"max-width: 100%;\" srcset=\"https:\/\/inces.gob.ve\/wp-content\/uploads\/2017\/10\/redis_guayana.png 1170w, https:\/\/inces.gob.ve\/wp-content\/uploads\/2017\/10\/redis_guayana-300x31.png 300w, https:\/\/inces.gob.ve\/wp-content\/uploads\/2017\/10\/redis_guayana-768x78.png 768w, https:\/\/inces.gob.ve\/wp-content\/uploads\/2017\/10\/redis_guayana-1024x104.png 1024w\" sizes=\"auto, (max-width: 1170px) 100vw, 1170px\" src=\"https:\/\/inces.gob.ve\/wp-content\/uploads\/2017\/10\/redis_guayana.png\" \/><\/div><\/div><\/div><div id=\"pg-9043-1\"  class=\"panel-grid panel-no-style\" ><div id=\"pgc-9043-1-0\"  class=\"panel-grid-cell\" ><div id=\"panel-9043-1-0-0\" class=\"widget_text so-panel widget widget_custom_html panel-first-child panel-last-child\" data-index=\"1\" ><div class=\"textwidget custom-html-widget\"><div class=\"contenedor-menuver\">\n\n<!--a class=\"btn-menuver\" href=\"#\">Menu <i class=\"icono derecha fas fa-bars\"><\/i><\/a-->\n<ul class=\"menuver\">\n \t<li><i class=\"icono izquierda fas fa-chevron-down\"><\/i><a href=\"\">Redi Guayana<\/a>\n\t<ul>\n \t<li><a href=\"http:\/\/www.inces.gob.ve\/index.php\/redi\/?enti=1\">Amazonas<\/a><\/li>\n \t<li><a href=\"http:\/\/www.inces.gob.ve\/index.php\/redi\/?enti=2\">Bol\u00edvar<\/a><\/li>\n \t<li><a href=\"http:\/\/www.inces.gob.ve\/index.php\/redi\/?enti=3\">Delta Amacuro<\/a><\/li>\n<\/ul>\n\t<\/li>\n \t<li><i class=\"icono izquierda fas fa-chevron-down\"><\/i><a href=\"\">Redi Oriente<\/a>\n\t<ul>\n \t<li><a href=\"http:\/\/www.inces.gob.ve\/index.php\/redi\/?enti=6\">Anzo\u00e1tegui<\/a><\/li>\n \t<li><a href=\"http:\/\/www.inces.gob.ve\/index.php\/redi\/?enti=5\">Monagas<\/a><\/li>\n \t<li><a href=\"http:\/\/www.inces.gob.ve\/index.php\/redi\/?enti=24\">Nueva Esparta<\/a><\/li>\n\t<li><a href=\"http:\/\/www.inces.gob.ve\/index.php\/redi\/?enti=4\">Sucre<\/a><\/li>\n\t<\/ul>\n\t<\/li>\n \t<li><i class=\"icono izquierda fas fa-chevron-down\"><\/i><a href=\"\" >Redi Zona Central<\/a>\n\n\t<ul>\n \t<li><a href=\"http:\/\/www.inces.gob.ve\/index.php\/redi\/?enti=9\">Aragua<\/a><\/li>\n \t<li><a href=\"http:\/\/www.inces.gob.ve\/index.php\/redi\/?enti=10\">Carabobo<\/a><\/li>\n \t<li><a href=\"http:\/\/www.inces.gob.ve\/index.php\/redi\/?enti=7\">Distrito Capital<\/a><\/li>\n\t<li><a href=\"http:\/\/www.inces.gob.ve\/index.php\/redi\/?enti=8\">Miranda<\/a><\/li>\n\t<li><a href=\"http:\/\/www.inces.gob.ve\/index.php\/redi\/?enti=11\">Vargas<\/a><\/li>\n\t<\/ul>\n<\/li>\n \t<li><i class=\"icono izquierda fas fa-chevron-down\"><\/i><a href=\"\">Redi Los Llanos<\/a>\n<ul>\n \t<li><a href=\"http:\/\/www.inces.gob.ve\/index.php\/redi\/?enti=16\">Apure<\/a><\/li>\n \t<li><a href=\"http:\/\/www.inces.gob.ve\/index.php\/redi\/?enti=15\">Barinas<\/a><\/li>\n \t<li><a href=\"http:\/\/www.inces.gob.ve\/index.php\/redi\/?enti=13\">Cojedes<\/a><\/li>\n\t<li><a href=\"http:\/\/www.inces.gob.ve\/index.php\/redi\/?enti=12\">Gu\u00e1rico<\/a><\/li>\n\t<li><a href=\"http:\/\/www.inces.gob.ve\/index.php\/redi\/?enti=14\">Portuguesa<\/a><\/li>\n\t<\/ul>\n<\/li>\n            <li><i class=\"icono izquierda fas fa-chevron-down\"><\/i><a href=\"\">Redi Los Andes<\/a>\n<ul>\n \t<li><a href=\"http:\/\/www.inces.gob.ve\/index.php\/redi\/?enti=18\">M\u00e9rida<\/a><\/li>\n \t<li><a href=\"http:\/\/www.inces.gob.ve\/index.php\/redi\/?enti=19\">T\u00e1chira<\/a><\/li>\n \t<li><a href=\"http:\/\/www.inces.gob.ve\/index.php\/redi\/?enti=17\">Trujillo<\/a><\/li>\n<\/ul>\n<\/li>\n\t<li><i class=\"icono izquierda fas fa-chevron-down\"><\/i><a href=\"\">Redi Centro Occidente<\/a>\n<ul>\n \t<li><a href=\"http:\/\/www.inces.gob.ve\/index.php\/redi\/?enti=22\">Falc\u00f3n<\/a><\/li>\n \t<li><a href=\"http:\/\/www.inces.gob.ve\/index.php\/redi\/?enti=21\">Lara<\/a><\/li>\n \t<li><a href=\"http:\/\/www.inces.gob.ve\/index.php\/redi\/?enti=20\">Yaracuy<\/a><\/li>\n           <li><a href=\"http:\/\/www.inces.gob.ve\/index.php\/redi\/?enti=23\">Zulia<\/a><\/li>\n<\/ul>\n<\/li>\n \t\n<\/ul>\n<\/div><\/div><\/div><\/div><div id=\"pgc-9043-1-1\"  class=\"panel-grid-cell\" ><div id=\"panel-9043-1-1-0\" class=\"so-panel widget widget_widget_sp_image widget_sp_image panel-first-child panel-last-child\" data-index=\"2\" ><img loading=\"lazy\" decoding=\"async\" width=\"800\" height=\"400\" class=\"attachment-full\" style=\"max-width: 100%;\" src=\"https:\/\/inces.gob.ve\/wp-content\/uploads\/2017\/10\/Redi_Guayana.png\" \/><\/div><\/div><\/div><div id=\"pg-9043-2\"  class=\"panel-grid panel-no-style\" ><div id=\"pgc-9043-2-0\"  class=\"panel-grid-cell panel-grid-cell-empty\" ><\/div><div id=\"pgc-9043-2-1\"  class=\"panel-grid-cell\" ><div id=\"panel-9043-2-1-0\" class=\"widget_text so-panel widget widget_custom_html panel-first-child panel-last-child\" data-index=\"3\" ><div class=\"textwidget custom-html-widget\">Rica en recursos naturales abarca la poblaci\u00f3n de los estados Amazonas, Bol\u00edvar y Delta Amacuro, que en conjunto representan 50% del territorio nacional y donde se ubican las empresas b\u00e1sicas productoras de hierro, acero y aluminio, as\u00ed como las centrales hidroel\u00e9ctricas que producen casi 70% de la energ\u00eda que consume Venezuela.<\/div><\/div><\/div><\/div><\/div>","protected":false},"excerpt":{"rendered":"<p>Redi Guayana Amazonas Bol\u00edvar Delta Amacuro Redi Oriente Anzo\u00e1tegui Monagas Nueva Esparta Sucre Redi Zona Central Aragua Carabobo Distrito Capital Miranda Vargas Redi Los Llanos Apure Barinas Cojedes Gu\u00e1rico Portuguesa Redi Los Andes M\u00e9rida T\u00e1chira Trujillo Redi Centro Occidente Falc\u00f3n Lara Yaracuy Zulia Rica en recursos naturales abarca la poblaci\u00f3n de los estados Amazonas, Bol\u00edvar [&hellip;]<\/p>\n","protected":false},"author":1,"featured_media":0,"parent":0,"menu_order":0,"comment_status":"closed","ping_status":"closed","template":"","meta":{"footnotes":""},"class_list":["post-9043","page","type-page","status-publish","hentry"],"_links":{"self":[{"href":"https:\/\/inces.gob.ve\/index.php\/wp-json\/wp\/v2\/pages\/9043","targetHints":{"allow":["GET"]}}],"collection":[{"href":"https:\/\/inces.gob.ve\/index.php\/wp-json\/wp\/v2\/pages"}],"about":[{"href":"https:\/\/inces.gob.ve\/index.php\/wp-json\/wp\/v2\/types\/page"}],"author":[{"embeddable":true,"href":"https:\/\/inces.gob.ve\/index.php\/wp-json\/wp\/v2\/users\/1"}],"replies":[{"embeddable":true,"href":"https:\/\/inces.gob.ve\/index.php\/wp-json\/wp\/v2\/comments?post=9043"}],"version-history":[{"count":50,"href":"https:\/\/inces.gob.ve\/index.php\/wp-json\/wp\/v2\/pages\/9043\/revisions"}],"predecessor-version":[{"id":11036,"href":"https:\/\/inces.gob.ve\/index.php\/wp-json\/wp\/v2\/pages\/9043\/revisions\/11036"}],"wp:attachment":[{"href":"https:\/\/inces.gob.ve\/index.php\/wp-json\/wp\/v2\/media?parent=9043"}],"curies":[{"name":"wp","href":"https:\/\/api.w.org\/{rel}","templated":true}]}}