{"id":9144,"date":"2017-11-02T13:23:41","date_gmt":"2017-11-02T19:23:41","guid":{"rendered":"http:\/\/10.0.0.41\/nuevo_portal_3\/?page_id=9144"},"modified":"2020-05-28T20:19:04","modified_gmt":"2020-05-29T00:19:04","slug":"formacion","status":"publish","type":"page","link":"https:\/\/inces.gob.ve\/index.php\/formacion\/","title":{"rendered":"Formaci\u00f3n"},"content":{"rendered":"<div id=\"pl-9144\"  class=\"panel-layout\" ><div id=\"pg-9144-0\"  class=\"panel-grid panel-no-style\" ><div id=\"pgc-9144-0-0\"  class=\"panel-grid-cell\" ><div id=\"panel-9144-0-0-0\" class=\"so-panel widget widget_widget_sp_image widget_sp_image panel-first-child panel-last-child\" data-index=\"0\" ><img loading=\"lazy\" decoding=\"async\" width=\"1170\" height=\"91\" class=\"attachment-full\" style=\"max-width: 100%;\" src=\"https:\/\/inces.gob.ve\/wp-content\/uploads\/2017\/11\/formacion_ti.png\" \/><\/div><\/div><\/div><div id=\"pg-9144-1\"  class=\"panel-grid panel-no-style\" ><div id=\"pgc-9144-1-0\"  class=\"panel-grid-cell\" ><div id=\"panel-9144-1-0-0\" class=\"widget_text so-panel widget widget_custom_html panel-first-child panel-last-child\" data-index=\"1\" ><div class=\"textwidget custom-html-widget\"><div class=\"contenedor-menuver\">\n<!--a class=\"btn-menuver\" href=\"#\">Menu <i class=\"icono derecha fas fa-bars\"><\/i><\/a-->\n<ul class=\"menuver\">\n \t<li><i class=\"icono izquierda fas fa-chevron-down\"><\/i><a href=\"\">Programas<\/a>\n\t<ul>\n \t<li><a href=\"http:\/\/www.inces.gob.ve\/index.php\/programa-nacional-de-aprendizaje\/\" target=\"_blank\">Programa Nacional de Aprendizaje<\/a><\/li>\n \t<li><a href=\"http:\/\/www.inces.gob.ve\/index.php\/certificacion-del-conocimiento-2\/\" target=\"_blank\">Certificaci\u00f3n y Acreditaci\u00f3n del Conocimiento<\/a><\/li>\n \t<li><a href=\"http:\/\/www.inces.gob.ve\/index.php\/adiestramiento-en-empresas-2\/\" target=\"_blank\">Adiestramiento en Empresas<\/a><\/li>\n<li><a href=\"http:\/\/www.inces.gob.ve\/index.php\/formacion-delegada\/\" target=\"_blank\">Formaci\u00f3n Delegada<\/a><\/li>\n<li><a href=\"http:\/\/www.inces.gob.ve\/index.php\/programa-nacional-de-emprendimiento\/\" target=\"_blank\"> Programa Nacional de Emprendimiento<\/a><\/li>\n<li><a href=\"http:\/\/www.inces.gob.ve\/index.php\/formacion-de-formadores\/\" target=\"_blank\">Formaci\u00f3n de Formadores<\/a><\/li>\n<li><a href=\"http:\/\/www.inces.gob.ve\/index.php\/programa-inces-militar\/\" target=\"_blank\">Inces Militar<\/a><\/li>\n<li><a href=\"http:\/\/www.inces.gob.ve\/index.php\/bachillerato-productivo\/\" target=\"_blank\">Bachillerato Productivo<\/a><\/li>\n<li><a href=\"http:\/\/www.inces.gob.ve\/index.php\/plan-de-formacion-y-autoformacion-de-trabajadoras-y-trabajadores\/\" target=\"_blank\">Plan Trabajadores<\/a><\/li>\n<li><a href=\"http:\/\/www.inces.gob.ve\/index.php\/programa-de-educacion-especial\/\" target=\"_blank\">Educaci\u00f3n Especial<\/a><\/li>\n<li><a href=\"http:\/\/www.inces.gob.ve\/index.php\/programa-penitenciario\/\" target=\"_blank\">Penitenciario<\/a><\/li>\n<li><a href=\"http:\/\/www.inces.gob.ve\/index.php\/programa-intercultural-bilingue\/\" target=\"_blank\">Intercultural Biling\u00fce<\/a><\/li>\n<li><a href=\"http:\/\/www.inces.gob.ve\/index.php\/formacion-productiva\/\" target=\"_blank\">Formaci\u00f3n Productiva<\/a><\/li>\n<\/ul>\n\t<\/li>\n \t<li><a href=\"http:\/\/www.inces.gob.ve\/index.php\/modalidades\/\">Modalidades<\/a><\/li>\n\t<li><a href=\"http:\/\/www.inces.gob.ve\/index.php\/ambitos\/\">\u00c1mbitos<\/a><\/li>\n<li><a href=\"http:\/\/www.inces.gob.ve\/index.php\/proyectos-especiales\/\">Proyectos Especiales<\/a><\/li>\n <\/ul>\n<\/div><\/div><\/div><\/div><div id=\"pgc-9144-1-1\"  class=\"panel-grid-cell\" ><div id=\"panel-9144-1-1-0\" class=\"so-panel widget widget_widget_sp_image widget_sp_image panel-first-child panel-last-child\" data-index=\"2\" ><img loading=\"lazy\" decoding=\"async\" width=\"800\" height=\"400\" class=\"attachment-full\" style=\"max-width: 100%;\" src=\"https:\/\/inces.gob.ve\/wp-content\/uploads\/2017\/11\/formacion_programas.png\" \/><\/div><\/div><\/div><div id=\"pg-9144-2\"  class=\"panel-grid panel-no-style\" ><div id=\"pgc-9144-2-0\"  class=\"panel-grid-cell panel-grid-cell-empty\" ><\/div><div id=\"pgc-9144-2-1\"  class=\"panel-grid-cell\" ><div id=\"panel-9144-2-1-0\" class=\"widget_text so-panel widget widget_custom_html panel-first-child panel-last-child\" data-index=\"3\" ><div class=\"textwidget custom-html-widget\">El Inces ofrece la mejor formaci\u00f3n y autoformaci\u00f3n productiva de Venezuela, a trav\u00e9s de distintas estrategias y modalidades formativas, tales como: proyectos productivos, cursos de ampliaci\u00f3n y en l\u00ednea, talleres, diplomados, seminarios, entre otros. T\u00fa podr\u00e1s desempe\u00f1arte en ocupaciones, perfiles y actividades productivas, mejoramiento continuo en las entidades de trabajo y comunidades organizadas.<\/div><\/div><\/div><\/div><\/div>","protected":false},"excerpt":{"rendered":"<p>Programas Programa Nacional de Aprendizaje Certificaci\u00f3n y Acreditaci\u00f3n del Conocimiento Adiestramiento en Empresas Formaci\u00f3n Delegada Programa Nacional de Emprendimiento Formaci\u00f3n de Formadores Inces Militar Bachillerato Productivo Plan Trabajadores Educaci\u00f3n Especial Penitenciario Intercultural Biling\u00fce Formaci\u00f3n Productiva Modalidades \u00c1mbitos Proyectos Especiales El Inces ofrece la mejor formaci\u00f3n y autoformaci\u00f3n productiva de Venezuela, a trav\u00e9s de distintas estrategias [&hellip;]<\/p>\n","protected":false},"author":1,"featured_media":0,"parent":0,"menu_order":0,"comment_status":"closed","ping_status":"closed","template":"","meta":{"footnotes":""},"class_list":["post-9144","page","type-page","status-publish","hentry"],"_links":{"self":[{"href":"https:\/\/inces.gob.ve\/index.php\/wp-json\/wp\/v2\/pages\/9144","targetHints":{"allow":["GET"]}}],"collection":[{"href":"https:\/\/inces.gob.ve\/index.php\/wp-json\/wp\/v2\/pages"}],"about":[{"href":"https:\/\/inces.gob.ve\/index.php\/wp-json\/wp\/v2\/types\/page"}],"author":[{"embeddable":true,"href":"https:\/\/inces.gob.ve\/index.php\/wp-json\/wp\/v2\/users\/1"}],"replies":[{"embeddable":true,"href":"https:\/\/inces.gob.ve\/index.php\/wp-json\/wp\/v2\/comments?post=9144"}],"version-history":[{"count":69,"href":"https:\/\/inces.gob.ve\/index.php\/wp-json\/wp\/v2\/pages\/9144\/revisions"}],"predecessor-version":[{"id":26452,"href":"https:\/\/inces.gob.ve\/index.php\/wp-json\/wp\/v2\/pages\/9144\/revisions\/26452"}],"wp:attachment":[{"href":"https:\/\/inces.gob.ve\/index.php\/wp-json\/wp\/v2\/media?parent=9144"}],"curies":[{"name":"wp","href":"https:\/\/api.w.org\/{rel}","templated":true}]}}